{"id":1147,"date":"2016-12-05T18:27:40","date_gmt":"2016-12-05T18:27:40","guid":{"rendered":"http:\/\/www.fvr.edu.br\/fvr\/site\/?page_id=1147"},"modified":"2026-03-04T19:58:02","modified_gmt":"2026-03-04T22:58:02","slug":"calendario-academico","status":"publish","type":"page","link":"https:\/\/portal.unisepe.com.br\/asmec\/calendario-academico\/","title":{"rendered":"Calend\u00e1rio Acad\u00eamico"},"content":{"rendered":"<h3><strong>Calend\u00e1rio Acad\u00eamico de 2026:<\/strong><\/h3>\n<ul>\n<li style=\"list-style-type: none\">\n<ul>\n<li><a href=\"https:\/\/portal.unisepe.com.br\/asmec\/wp-content\/uploads\/sites\/10006\/2026\/03\/Calendario-OF2026-1.pdf\">Calend\u00e1rio Acad\u00eamico de 2026<\/a><\/li>\n<\/ul>\n<\/li>\n<\/ul>\n<h3>Programa\u00e7\u00e3o de 2026:<\/h3>\n<ul>\n<li><a href=\"https:\/\/portal.unisepe.com.br\/asmec\/wp-content\/uploads\/sites\/10006\/2026\/02\/Programacao-2026.jpg\">Programa\u00e7\u00e3o de 2026<\/a><\/li>\n<\/ul>\n<h3><strong>Hor\u00e1rio de Aula:<\/strong><\/h3>\n<ul>\n<li style=\"list-style-type: none\">\n<ul>\n<li><a href=\"https:\/\/portal.unisepe.com.br\/asmec\/wp-content\/uploads\/sites\/10006\/2026\/02\/Horario_Administracao_2026-1.pdf\">Administra\u00e7\u00e3o<\/a><\/li>\n<li><a href=\"https:\/\/portal.unisepe.com.br\/asmec\/wp-content\/uploads\/sites\/10006\/2026\/02\/Horario_Ciencias_Contabeis_2026-1.pdf\">Ci\u00eancias Cont\u00e1beis<\/a><\/li>\n<li><a href=\"https:\/\/portal.unisepe.com.br\/asmec\/wp-content\/uploads\/sites\/10006\/2026\/02\/HORARIO_DIREITO_2026-1.pdf\">Direito<\/a><\/li>\n<li><a href=\"https:\/\/portal.unisepe.com.br\/asmec\/wp-content\/uploads\/sites\/10006\/2026\/02\/HORARIO_EDUCACAO_FISICA_2026-1.pdf\">Educa\u00e7\u00e3o F\u00edsica<\/a><\/li>\n<li><a href=\"https:\/\/portal.unisepe.com.br\/asmec\/wp-content\/uploads\/sites\/10006\/2026\/02\/HORARIO_ENFERMAGEM_2026-1.pdf\">Enfermagem<\/a><\/li>\n<li><a href=\"https:\/\/portal.unisepe.com.br\/asmec\/wp-content\/uploads\/sites\/10006\/2026\/02\/HORARIO_PSICOLOGIA_2026-1.pdf\">Psicologia<\/a><\/li>\n<li><a href=\"https:\/\/portal.unisepe.com.br\/asmec\/wp-content\/uploads\/sites\/10006\/2026\/02\/Horario_Terapia_Ocupacional_2026-1.pdf\">Terapia Ocupacional<\/a><\/li>\n<\/ul>\n<\/li>\n<\/ul>\n<p>&nbsp;<\/p>\n<h3><strong>Hor\u00e1rio de coordena\u00e7\u00e3o de curso 2026:<\/strong><\/h3>\n<ul>\n<li>Psicologia (Em atualiza\u00e7\u00e3o)<\/li>\n<li><a href=\"https:\/\/portal.unisepe.com.br\/asmec\/wp-content\/uploads\/sites\/10006\/2026\/02\/Horario-de-atendimento-Coordenacao-do-Curso-de-Direito.pdf\">Direito<\/a><\/li>\n<li><a href=\"https:\/\/portal.unisepe.com.br\/asmec\/wp-content\/uploads\/sites\/10006\/2026\/02\/atendimento-coordenacao-de-enf.pdf\">Enfermagem<\/a><\/li>\n<\/ul>\n<p>&nbsp;<\/p>\n<h4><strong>Veja no link abaixo nossos manuais de uso do portal:<\/strong><\/h4>\n<ul>\n<li><a href=\"https:\/\/portal.unisepe.com.br\/asmec\/manuais-editais-e-regulamentos\/manuais-institucionais\/\">Manuais<\/a><\/li>\n<li><a href=\"https:\/\/portal.unisepe.com.br\/asmec\/manuais-editais-e-regulamentos\/regulamentos-institucionais\/\">Regulamentos<\/a><\/li>\n<\/ul>\n","protected":false},"excerpt":{"rendered":"<p>Calend\u00e1rio Acad\u00eamico de 2026: Calend\u00e1rio Acad\u00eamico de 2026 Programa\u00e7\u00e3o de 2026: Programa\u00e7\u00e3o de 2026 Hor\u00e1rio de Aula: Administra\u00e7\u00e3o Ci\u00eancias Cont\u00e1beis Direito Educa\u00e7\u00e3o F\u00edsica Enfermagem Psicologia Terapia Ocupacional &nbsp; Hor\u00e1rio de coordena\u00e7\u00e3o de curso 2026: Psicologia (Em atualiza\u00e7\u00e3o) Direito Enfermagem &nbsp; Veja no link abaixo nossos manuais de uso do portal:<\/p>\n","protected":false},"author":1,"featured_media":0,"parent":0,"menu_order":0,"comment_status":"closed","ping_status":"closed","template":"templates\/template-curso_menu_vertical.php","meta":{"footnotes":""},"categories":[],"tags":[],"class_list":["post-1147","page","type-page","status-publish","hentry"],"_links":{"self":[{"href":"https:\/\/portal.unisepe.com.br\/asmec\/wp-json\/wp\/v2\/pages\/1147","targetHints":{"allow":["GET"]}}],"collection":[{"href":"https:\/\/portal.unisepe.com.br\/asmec\/wp-json\/wp\/v2\/pages"}],"about":[{"href":"https:\/\/portal.unisepe.com.br\/asmec\/wp-json\/wp\/v2\/types\/page"}],"author":[{"embeddable":true,"href":"https:\/\/portal.unisepe.com.br\/asmec\/wp-json\/wp\/v2\/users\/1"}],"replies":[{"embeddable":true,"href":"https:\/\/portal.unisepe.com.br\/asmec\/wp-json\/wp\/v2\/comments?post=1147"}],"version-history":[{"count":81,"href":"https:\/\/portal.unisepe.com.br\/asmec\/wp-json\/wp\/v2\/pages\/1147\/revisions"}],"predecessor-version":[{"id":5559,"href":"https:\/\/portal.unisepe.com.br\/asmec\/wp-json\/wp\/v2\/pages\/1147\/revisions\/5559"}],"wp:attachment":[{"href":"https:\/\/portal.unisepe.com.br\/asmec\/wp-json\/wp\/v2\/media?parent=1147"}],"wp:term":[{"taxonomy":"category","embeddable":true,"href":"https:\/\/portal.unisepe.com.br\/asmec\/wp-json\/wp\/v2\/categories?post=1147"},{"taxonomy":"post_tag","embeddable":true,"href":"https:\/\/portal.unisepe.com.br\/asmec\/wp-json\/wp\/v2\/tags?post=1147"}],"curies":[{"name":"wp","href":"https:\/\/api.w.org\/{rel}","templated":true}]}}