{"id":1503,"date":"2017-06-02T15:13:39","date_gmt":"2017-06-02T18:13:39","guid":{"rendered":"http:\/\/www.fvr.edu.br\/?page_id=1503"},"modified":"2025-03-26T00:18:50","modified_gmt":"2025-03-26T03:18:50","slug":"regulamentos-institucionais","status":"publish","type":"page","link":"https:\/\/portal.unisepe.com.br\/asmec\/manuais-editais-e-regulamentos\/regulamentos-institucionais\/","title":{"rendered":"Regulamentos institucionais"},"content":{"rendered":"<p><strong>Regulamentos institucionais<\/strong><\/p>\n<hr \/>\n<ul>\n<li style=\"list-style-type: none\">\n<ul>\n<li><a href=\"https:\/\/portal.unisepe.com.br\/asmec\/wp-content\/uploads\/sites\/10006\/2025\/03\/regulamento-de-AACC.pdf\">Regulamento institucional atividades complementares (AACC)<\/a><\/li>\n<li><a href=\"https:\/\/portal.unisepe.com.br\/asmec\/wp-content\/uploads\/sites\/10006\/2025\/03\/regulamento-estagio.pdf\">Regulamento institucional est\u00e1gio curricular<\/a><\/li>\n<li><a href=\"https:\/\/portal.unisepe.com.br\/asmec\/wp-content\/uploads\/sites\/10006\/2025\/03\/regulamento-de-cursos-de-extensao.pdf\">Regulamento institucional de extens\u00e3o acad\u00eamica<\/a><\/li>\n<li><a href=\"https:\/\/portal.unisepe.com.br\/asmec\/wp-content\/uploads\/sites\/10006\/2025\/03\/regulamento-de-aproveitamento-de-estudos.pdf\"> Regulamento institucional aproveitamento de estudos<\/a><\/li>\n<li><a href=\"https:\/\/portal.unisepe.com.br\/asmec\/wp-content\/uploads\/sites\/10006\/2022\/09\/Regimento-Interno-do-CEP-2020-versao-julho.pdf\">Regulamento institucional CEP (Comit\u00ea de \u00e9tica em pesquisa)<\/a><\/li>\n<li><a href=\"https:\/\/portal.unisepe.com.br\/asmec\/wp-content\/uploads\/sites\/10006\/2025\/03\/regulamento-TCC.pdf\">Regulamento institucional de TCC<\/a><\/li>\n<li><a href=\"https:\/\/portal.unisepe.com.br\/asmec\/wp-content\/uploads\/sites\/10006\/2025\/03\/regulamento-monitoria.pdf\">Regulamento institucional de monitoria<\/a><\/li>\n<li><a href=\"https:\/\/portal.unisepe.com.br\/asmec\/wp-content\/uploads\/sites\/10006\/2022\/09\/REG.-INST.-OUVIDORIA.pdf\">Regulamento institucional ouvidoria<\/a><\/li>\n<li><a href=\"https:\/\/portal.unisepe.com.br\/asmec\/wp-content\/uploads\/sites\/10006\/2025\/03\/regulamento-colegiado-de-curso.pdf\">Regulamento institucional de colegiado de curso<\/a><\/li>\n<li><a href=\"https:\/\/portal.unisepe.com.br\/asmec\/wp-content\/uploads\/sites\/10006\/2023\/05\/MANUAL-DE-BIOSSEGURANCA.pdf\">Regulamento institucional de Biosseguran\u00e7a<\/a><\/li>\n<li><a href=\"https:\/\/portal.unisepe.com.br\/asmec\/wp-content\/uploads\/sites\/10006\/2025\/03\/OURO-FINO-7-PRESENCIAL-E-EAD-REGULAMENTO-PARA-USO-DOS-LABORATARIOS-2025-1.pdf\">Regulamento laborat\u00f3rio de inform\u00e1tica<\/a><\/li>\n<li><a href=\"https:\/\/portal.unisepe.com.br\/asmec\/wp-content\/uploads\/sites\/10006\/2025\/03\/OURO-FINO-6-NORMAS-PARA-USO-DE-INTERNET-WIRELESS-2025-1.pdf\">Regulamento para uso de internet wireless<\/a><\/li>\n<li><a href=\"http:\/\/portal.unisepe.com.br\/asmec\/wp-content\/uploads\/sites\/10006\/2018\/07\/Regulamento-Pasta-PROERS.pdf\">Regulamento pasta PROERS<\/a><\/li>\n<li><a href=\"http:\/\/portal.unisepe.com.br\/asmec\/wp-content\/uploads\/sites\/10006\/2020\/02\/Regulamento-Calouro-Amigo.pdf\">Regulamento Calouro Amigo<\/a><\/li>\n<li><a href=\"https:\/\/portal.unisepe.com.br\/asmec\/wp-content\/uploads\/sites\/10006\/2025\/03\/APSI-Atendimento-Psicopedagogico.pdf\">Regulamento de Atendimento Psicopedag\u00f3gico APSI<\/a><\/li>\n<li><a href=\"https:\/\/portal.unisepe.com.br\/asmec\/wp-content\/uploads\/sites\/10006\/2025\/03\/plano-de-acao-dos-tutores.pdf\"><span style=\"font-size: 0.95em\">Regulamento plano de a\u00e7\u00e3o &#8211; Equipe de tutores<\/span><\/a><\/li>\n<li><a href=\"https:\/\/portal.unisepe.com.br\/asmec\/wp-content\/uploads\/sites\/10006\/2025\/03\/PLANO-DE-ACESSIBILIDADE-2025-.pdf\">Regulamento de acessibilidade<\/a><\/li>\n<li><a href=\"https:\/\/portal.unisepe.com.br\/asmec\/wp-content\/uploads\/sites\/10006\/2025\/03\/Plano-de-Avaliacao-Periodica.pdf\">Regulamento de avalia\u00e7\u00e3o peri\u00f3dica<\/a><\/li>\n<li><a href=\"https:\/\/portal.unisepe.com.br\/asmec\/wp-content\/uploads\/sites\/10006\/2025\/03\/PLANO-DE-FUGA-2025_.pdf\">Regulamento do plano de fuga<\/a><\/li>\n<li><a href=\"https:\/\/portal.unisepe.com.br\/asmec\/wp-content\/uploads\/sites\/10006\/2025\/03\/regulamento-equipe-multidisciplinar.pdf\">Regulamento da equipe multidisciplinar<\/a><\/li>\n<li><a href=\"https:\/\/portal.unisepe.com.br\/asmec\/wp-content\/uploads\/sites\/10006\/2025\/03\/regulamento-egressos.pdf\">Regulamento dos egressos<\/a><\/li>\n<li><a href=\"https:\/\/portal.unisepe.com.br\/asmec\/wp-content\/uploads\/sites\/10006\/2025\/03\/regulamento-sistema-de-avaliacao-cursos-presenciais.pdf\">Regulamento do sistema de avalia\u00e7\u00e3o dos cursos presenciais<\/a><\/li>\n<\/ul>\n<\/li>\n<\/ul>\n","protected":false},"excerpt":{"rendered":"<p>Regulamentos institucionais Regulamento institucional atividades complementares (AACC) Regulamento institucional est\u00e1gio curricular Regulamento institucional de extens\u00e3o acad\u00eamica Regulamento institucional aproveitamento de estudos Regulamento institucional CEP (Comit\u00ea de \u00e9tica em pesquisa) Regulamento institucional de TCC Regulamento institucional de monitoria Regulamento institucional ouvidoria Regulamento institucional de colegiado de curso Regulamento institucional de Biosseguran\u00e7a<\/p>\n","protected":false},"author":1,"featured_media":0,"parent":788,"menu_order":0,"comment_status":"closed","ping_status":"closed","template":"templates\/template-pagina_menu_vertical.php","meta":{"footnotes":""},"categories":[],"tags":[],"class_list":["post-1503","page","type-page","status-publish","hentry"],"_links":{"self":[{"href":"https:\/\/portal.unisepe.com.br\/asmec\/wp-json\/wp\/v2\/pages\/1503","targetHints":{"allow":["GET"]}}],"collection":[{"href":"https:\/\/portal.unisepe.com.br\/asmec\/wp-json\/wp\/v2\/pages"}],"about":[{"href":"https:\/\/portal.unisepe.com.br\/asmec\/wp-json\/wp\/v2\/types\/page"}],"author":[{"embeddable":true,"href":"https:\/\/portal.unisepe.com.br\/asmec\/wp-json\/wp\/v2\/users\/1"}],"replies":[{"embeddable":true,"href":"https:\/\/portal.unisepe.com.br\/asmec\/wp-json\/wp\/v2\/comments?post=1503"}],"version-history":[{"count":33,"href":"https:\/\/portal.unisepe.com.br\/asmec\/wp-json\/wp\/v2\/pages\/1503\/revisions"}],"predecessor-version":[{"id":5265,"href":"https:\/\/portal.unisepe.com.br\/asmec\/wp-json\/wp\/v2\/pages\/1503\/revisions\/5265"}],"up":[{"embeddable":true,"href":"https:\/\/portal.unisepe.com.br\/asmec\/wp-json\/wp\/v2\/pages\/788"}],"wp:attachment":[{"href":"https:\/\/portal.unisepe.com.br\/asmec\/wp-json\/wp\/v2\/media?parent=1503"}],"wp:term":[{"taxonomy":"category","embeddable":true,"href":"https:\/\/portal.unisepe.com.br\/asmec\/wp-json\/wp\/v2\/categories?post=1503"},{"taxonomy":"post_tag","embeddable":true,"href":"https:\/\/portal.unisepe.com.br\/asmec\/wp-json\/wp\/v2\/tags?post=1503"}],"curies":[{"name":"wp","href":"https:\/\/api.w.org\/{rel}","templated":true}]}}