{"id":2046,"date":"2018-03-07T15:10:25","date_gmt":"2018-03-07T18:10:25","guid":{"rendered":"http:\/\/www.fvr.edu.br\/?page_id=2046"},"modified":"2022-09-09T20:25:16","modified_gmt":"2022-09-09T23:25:16","slug":"diretrizes-para-autores","status":"publish","type":"page","link":"https:\/\/portal.unisepe.com.br\/asmec\/psicologia\/diretrizes-para-autores\/","title":{"rendered":"Diretrizes para autores"},"content":{"rendered":"<p><strong>1. Tipos de artigos<\/strong><\/p>\n<p>Trabalhos originais relacionados \u00e0 Psicologia que se enquadrem nas seguintes categorias:<\/p>\n<p>1. Relato de pesquisa: investiga\u00e7\u00e3o baseada em dados emp\u00edricos, utilizando metodologia cient\u00edfica. Limitado a 10-15 laudas, incluindo resumo, abstract, figuras, tabelas e refer\u00eancias.<\/p>\n<p>2. Estudo te\u00f3rico: an\u00e1lise de construtos te\u00f3ricos, levando ao questionamento de modelos existentes e \u00e0 elabora\u00e7\u00e3o de hip\u00f3teses para futuras pesquisas. Limitado a 10-15 laudas, conforme as especifica\u00e7\u00f5es do item 1.<\/p>\n<p>3. Relato de experi\u00eancia profissional: estudo de caso, com an\u00e1lise de implica\u00e7\u00f5es conceituais, ou descri\u00e7\u00e3o de procedimentos ou estrat\u00e9gias de interven\u00e7\u00e3o, com evid\u00eancia metodologicamente apropriada de avalia\u00e7\u00e3o de efic\u00e1cia, de interesse para a atua\u00e7\u00e3o de psic\u00f3logos. Limitado a 10 laudas, conforme as especifica\u00e7\u00f5es do item 1.<\/p>\n<p>4. Comunica\u00e7\u00e3o breve: relato de pesquisa sucinto, mas complemento de uma investiga\u00e7\u00e3o espec\u00edfica. Limitado a 7 laudas, conforme as especifica\u00e7\u00f5es do item 1.<\/p>\n<p>5. Nota t\u00e9cnica: descri\u00e7\u00e3o de instrumentos e t\u00e9cnicas originais de pesquisa. Limitada a 5 laudas.<\/p>\n<p>6. Resenha: revis\u00e3o cr\u00edtica de obra rec\u00e9m-publicada, orientando o leitor quanto a suas caracter\u00edsticas e usos potenciais. Limitada a 5 laudas.<\/p>\n<p>7. Debate: registro de opini\u00f5es de pessoas envolvidas (direta ou indiretamente) em assuntos pol\u00eamicos. Limitado a 5 laudas.<\/p>\n<p><strong>\u00a0<\/strong><\/p>\n<p><strong>2. Condi\u00e7\u00f5es para submiss\u00e3o<\/strong><\/p>\n<p>Como parte do processo de submiss\u00e3o, os autores s\u00e3o obrigados a verificar a conformidade da submiss\u00e3o em rela\u00e7\u00e3o a todos os itens listados a seguir. As submiss\u00f5es que n\u00e3o estiverem de acordo com as normas ser\u00e3o devolvidas aos autores.<\/p>\n<p>1. Sele\u00e7\u00e3o de artigos: o manuscrito que se enquadra nas categorias 1 a 7 acima descritas ser\u00e1 avaliado quanto \u00e0 originalidade, \u00e0 relev\u00e2ncia do tema e \u00e0 qualidade da metodologia cient\u00edfica, bem como sua adequa\u00e7\u00e3o \u00e0s normas editoriais adotadas pela revista. S\u00f3 ser\u00e3o aceitos para an\u00e1lise pressupondo-se que:<\/p>\n<p>(a) todas as pessoas listadas como autores aprovaram o seu encaminhamento com vistas \u00e0 publica\u00e7\u00e3o no Caderno de Pesquisa Interdisciplinar em Psicologia: Fundamentos te\u00f3ricos, hist\u00f3ricos e epistemol\u00f3gicos do pensamento psicol\u00f3gico.<\/p>\n<p>(b) qualquer pessoa citada como fonte de comunica\u00e7\u00e3o pessoal tenha autorizado previamente a cita\u00e7\u00e3o.<\/p>\n<p>2. Os materiais encaminhados devem ter um car\u00e1ter in\u00e9dito.\u00a0O conte\u00fado do material enviado para publica\u00e7\u00e3o no Caderno de Pesquisa Interdisciplinar em Psicologia n\u00e3o pode ter sido publicado anteriormente, nem submetido para publica\u00e7\u00e3o em outro peri\u00f3dico ou outro meio de divulga\u00e7\u00e3o. Os conte\u00fados e declara\u00e7\u00f5es contidos nos trabalhos s\u00e3o de total responsabilidade dos autores.<\/p>\n<p>3. Revis\u00e3o por pareceristas.\u00a0Os trabalhos enviados ser\u00e3o apreciados pelo Conselho Editorial, que poder\u00e1 fazer uso de Consultores\u00a0<em>ad hoc<\/em>, a seu crit\u00e9rio. Os pareceres dos consultores comportam tr\u00eas possibilidades:<\/p>\n<p>a) aceita\u00e7\u00e3o integral;<\/p>\n<p>b) aceita\u00e7\u00e3o com reformula\u00e7\u00e3o;<\/p>\n<p>c) recusa integral.<\/p>\n<p>Em qualquer das possibilidades anteriormente mencionadas, os autores ser\u00e3o notificados da aceita\u00e7\u00e3o ou recusa de seus artigos, sempre que poss\u00edvel, no prazo m\u00e1ximo de tr\u00eas meses a partir da data de seu recebimento. Os originais, mesmo quando recusados, n\u00e3o ser\u00e3o devolvidos.<\/p>\n<p>Os procedimentos de revis\u00e3o de linguagem poder\u00e3o ser feitos pelo conselho Editorial da Revista. Quando este julgar necess\u00e1rias modifica\u00e7\u00f5es substanciais, que possam alterar a ideia do autor, este ser\u00e1 notificado e encarregado de faz\u00ea-las, devolvendo o trabalho reformulado no prazo estipulado pelo editor-revisor.<\/p>\n<p><strong>\u00a0<\/strong><\/p>\n<p><strong>3. Direitos autorais:<\/strong>\u00a0os direitos autorais dos artigos publicados pertencem ao Caderno de Pesquisa Interdisciplinar em Psicologia: Fundamentos te\u00f3ricos, hist\u00f3ricos e epistemol\u00f3gicos do pensamento psicol\u00f3gico. A reprodu\u00e7\u00e3o total dos artigos desta Revista em outras publica\u00e7\u00f5es, ou para qualquer outra utilidade, est\u00e1 condicionada \u00e0 autoriza\u00e7\u00e3o escrita do Editor respons\u00e1vel pelo Caderno de Pesquisa Interdisciplinar em Psicologia. Pessoas interessadas em reproduzir parcialmente os artigos desta Revista (partes do texto que excederem 500 palavras, tabelas, figuras e outras ilustra\u00e7\u00f5es) dever\u00e3o ter a permiss\u00e3o escrita do(s) autor(es).<\/p>\n<p>Manuscritos submetidos que contiverem partes de texto extra\u00eddas de outras publica\u00e7\u00f5es dever\u00e3o obedecer aos limites especificados para garantir originalidade do trabalho submetido. Recomenda-se evitar a reprodu\u00e7\u00e3o de figuras, tabelas e desenhos extra\u00eddos de outras publica\u00e7\u00f5es e se n\u00e3o for poss\u00edvel o manuscrito s\u00f3 ser\u00e1 encaminhado para an\u00e1lise se vier acompanhado de permiss\u00e3o escrita do detentor do direito autoral do trabalho original para a reprodu\u00e7\u00e3o no Caderno de Pesquisa Interdisciplinar em Psicologia: Fundamentos te\u00f3ricos, hist\u00f3ricos e epistemol\u00f3gicos do pensamento psicol\u00f3gico.<\/p>\n<p><strong>\u00a0<\/strong><\/p>\n<p><strong>4 &#8211; Notas sobre o(s) autor(es):<\/strong>\u00a0INCLUIR\u00a0 NO ARTIGO UMA NOTA DE RODAP\u00c9 COM UMA BREVE DESCRI\u00c7\u00c3O (40-50 palavras) SOBRE AS ATIVIDADES ATUAIS DOS AUTORES E SUAS FORMA\u00c7\u00d5ES.<\/p>\n<p><strong>\u00a0<\/strong><\/p>\n<p><strong>5. Como enviar artigo<\/strong><\/p>\n<p>O trabalho para publica\u00e7\u00e3o dever\u00e1 ser submetido eletronicamente no link ao final da dessa p\u00e1gina.<strong>\u00a0<\/strong><\/p>\n<p><strong>6. Aspectos \u00e9ticos<\/strong>:<\/p>\n<p>Junto ao artigo dever\u00e1 ser enviada uma carta em que o(s) autor(es) garantam que tenha havido consentimento das pessoas envolvidas nas amostras do trabalho, que a privacidade das pessoas envolvidas foi respeitada. No caso de pesquisas com humanos ou animais, deve constar que o trabalho foi aprovado pelo comit\u00ea de \u00e9tica da institui\u00e7\u00e3o, \u00e0 qual est\u00e3o vinculados os autores.<\/p>\n<p><strong>6.1. Unificar num \u00fanico documento a carta de consentimento e o manuscrito a ser enviado.<\/strong><\/p>\n<p><strong>\u00a0<\/strong><\/p>\n<p><strong>7. Regras Editoriais<\/strong><\/p>\n<p>Os manuscritos ser\u00e3o aceitos em l\u00edngua portuguesa, espanhola e inglesa.<\/p>\n<p>Normas de publica\u00e7\u00e3o: o Caderno de Pesquisa Interdisciplinar em Psicologia: Fundamentos te\u00f3ricos, hist\u00f3ricos e epistemol\u00f3gicos do pensamento psicol\u00f3gico &#8211; adota normas de publica\u00e7\u00e3o da ABNT (2017).<\/p>\n<p>Formata\u00e7\u00e3o: os artigos devem ser digitados no processador de texto MS Word em espa\u00e7o de um e meio (incluindo tabelas e refer\u00eancias), em fonte tipo Times New Roman, tamanho 12, n\u00e3o excedendo 80 caracteres por linha e o n\u00famero de p\u00e1ginas apropriado \u00e0 categoria em que o trabalho se insere, paginado desde a folha de rosto personalizada, a qual receber\u00e1 n\u00famero de p\u00e1gina 1. A p\u00e1gina dever\u00e1 ser tamanho carta ou A4, com formata\u00e7\u00e3o de margens superior e inferior de 2,5 cm, esquerda e direita de 3 cm.\u00a0Pagina\u00e7\u00e3o no fim da p\u00e1gina \u00e0 direita.<\/p>\n<p>Devem ser evitadas notas de roda p\u00e9. Quando imprescind\u00edveis, devem estar na mesma p\u00e1gina. Par\u00e1grafos de uma frase ou ora\u00e7\u00e3o \u00fanica n\u00e3o devem ser usados.<\/p>\n<p><strong>\u00a07.1. Apresenta\u00e7\u00e3o dos trabalhos<\/strong><\/p>\n<p>O manuscrito deve seguir a seguinte ordem:<\/p>\n<p>1. Folha de rosto sem identifica\u00e7\u00e3o, contendo apenas:<\/p>\n<p>1.1 T\u00edtulo completo na l\u00edngua em que o manuscrito foi preparado, n\u00e3o devendo exceder 15 palavras. O t\u00edtulo deve ser pertinente, claro e pode ser criativo, informando ao leitor sobre o objetivo do artigo. N\u00e3o deve incluir nomes de cidades, pa\u00edses ou outras informa\u00e7\u00f5es geogr\u00e1ficas.<\/p>\n<p>1.2 Sugest\u00e3o de t\u00edtulo abreviado para cabe\u00e7alho, n\u00e3o devendo exceder 5 palavras.<\/p>\n<p>1.3 T\u00edtulo completo em ingl\u00eas, espanhol e portugu\u00eas, compat\u00edvel com o t\u00edtulo na l\u00edngua em que o manuscrito foi preparado.<\/p>\n<p>2. Folha de rosto com identifica\u00e7\u00e3o contendo:<\/p>\n<p>2.1 T\u00edtulo completo na l\u00edngua em que o manuscrito foi preparado.<\/p>\n<p>2.2 Sugest\u00e3o de t\u00edtulo abreviado.<\/p>\n<p>2.3 T\u00edtulo completo em ingl\u00eas, compat\u00edvel com o t\u00edtulo na l\u00edngua em que o manuscrito foi preparado.<\/p>\n<p>2.4 Nome de cada um dos autores.<\/p>\n<p>2.5 Nota de rodap\u00e9 com afilia\u00e7\u00e3o institucional de cada um dos autores, cidade e a fun\u00e7\u00e3o atual.<\/p>\n<p>2.6 Nota de rodap\u00e9 com agradecimentos dos autores e informa\u00e7\u00e3o sobre apoio institucional ao projeto.<\/p>\n<p>2.7 Nota de rodap\u00e9 com endere\u00e7o eletr\u00f4nico de todos os autores. O endere\u00e7o eletr\u00f4nico de todos os autores do manuscrito \u00e9 obrigat\u00f3rio e deve ser informado para correspond\u00eancia com o editor sobre a tramita\u00e7\u00e3o do manuscrito, incluindo telefone.<\/p>\n<p>3. Folha contendo resumo, em portugu\u00eas ou em espanhol.<\/p>\n<p>3.1O resumo deve ter no m\u00e1ximo 150 palavras para trabalhos na categoria 1, 100 palavras para trabalhos nas categorias 2, 3, 4, e 7, e 50 palavras para trabalhos nas categorias 5. A categoria 6 n\u00e3o admite resumo.<\/p>\n<p>3.2 O resumo n\u00e3o precisa incluir informa\u00e7\u00f5es sobre a literatura da \u00e1rea, nem refer\u00eancias. O objetivo dever ser claro, informando, caso for apropriado, o problema, o m\u00e9todo e as hip\u00f3teses do estudo. Para os relatos de pesquisa, o m\u00e9todo deve oferecer informa\u00e7\u00f5es breves sobre os participantes, instrumentos e procedimentos especiais utilizados. Apenas os resultados mais importantes, que respondem aos objetivos da pesquisa devem ser mencionados. O resumo de uma revis\u00e3o cr\u00edtica ou de um estudo te\u00f3rico deve incluir: t\u00f3pico tratado, objetivo, tese ou construto sob an\u00e1lise ou organizador do estudo, fontes usadas e conclus\u00f5es.<\/p>\n<p>3.3 Fornecer, ap\u00f3s o resumo, de 3 a 5 palavras-chave na l\u00edngua do manuscrito, em letras min\u00fasculas e separadas com ponto e v\u00edrgula. Esses descritores facilitam a indexa\u00e7\u00e3o dos trabalhos por categorias, como temas e \u00e1reas de pesquisa.<\/p>\n<p>4. Folha contendo Abstract, em ingl\u00eas, compat\u00edvel com o texto do resumo.<\/p>\n<p>4.1 O Abstract deve obedecer \u00e0s mesmas especifica\u00e7\u00f5es do resumo, seguido de\u00a0<em>keywords<\/em>, compat\u00edveis com as palavras-chaves.<\/p>\n<p>4.2 O Caderno de Pesquisa Interdisciplinar em Psicologia: Fundamentos te\u00f3ricos, hist\u00f3ricos e epistemol\u00f3gicos do pensamento psicol\u00f3gico &#8211; tem como procedimento padr\u00e3o fazer revis\u00e3o final do Abstract, reservando-se o direito de corrigi-lo, se necess\u00e1rio. No entanto, recomenda-se que os autores solicitem a um colega bil\u00edngue que revise o Abstract, antes de submeter o manuscrito. Este \u00e9 um item muito importante de seu trabalho, pois, em caso de publica\u00e7\u00e3o, ser\u00e1 disponibilizado em todos os indexadores da revista.<\/p>\n<p>5. Estrutura do texto:<\/p>\n<p>5.1\u00a0<em>T\u00edtulos e subt\u00edtulos\u00a0<\/em>em todas as categorias de trabalho original. O texto deve ter uma organiza\u00e7\u00e3o clara e de f\u00e1cil reconhecimento, sinalizada por t\u00edtulos e subt\u00edtulos que reflitam a organiza\u00e7\u00e3o do trabalho. No caso de relatos de pesquisa, o manuscrito dever\u00e1 apresentar: introdu\u00e7\u00e3o, m\u00e9todo, resultados e discuss\u00e3o.<\/p>\n<p>5.2\u00a0<em>Notas de rodap\u00e9.\u00a0<\/em>Devem ser evitadas sempre que poss\u00edvel. S n\u00e3o houver outra possibilidade, devem ser indicadas por algarismo ar\u00e1bicos no texto e listadas, ap\u00f3s as refer\u00eancias, em p\u00e1gina separada e intitulada de Notas.<\/p>\n<p>5.3\u00a0<em>Figuras e Tabelas<\/em>. Est\u00e3o inseridas ao longo do texto e indicadas \u00a0com a primeira letra em mai\u00fascula e devem vir acompanhadas do n\u00famero respectivo ao qual se referem.<\/p>\n<p>5.4\u00a0<em>Cita\u00e7\u00f5es dos autores.\u00a0<\/em>As cita\u00e7\u00f5es de autores dever\u00e3o se feitas de acordo com as normas da ABNT (2017), exemplificadas no item V. Todos os nomes de autores, cujos trabalhos forem citados, devem ser seguidos da data da publica\u00e7\u00e3o, na primeira vez que forem citados em cada par\u00e1grafo. No caso de transcri\u00e7\u00e3o na \u00edntegra de um texto, a transcri\u00e7\u00e3o deve ser delimitada por aspas e a cita\u00e7\u00e3o do autor seguida do n\u00famero da p\u00e1gina citada. Uma cita\u00e7\u00e3o literal com 40 ou mais palavras deve ser apresentada em bloco pr\u00f3prio, come\u00e7ando em nova linha, com recuo de 5 espa\u00e7os da margem, na posi\u00e7\u00e3o de um novo par\u00e1grafo. O tamanho da fonte deve ser 12, como no restante do texto, espa\u00e7amento simples. N\u00e3o use comandos como negrito ou it\u00e1licos nessa se\u00e7\u00e3o. Os grifos devem ser sublinhados.<\/p>\n<p>5.5. O Caderno de Pesquisa Interdisciplinar em Psicologia: Fundamentos te\u00f3ricos, hist\u00f3ricos e epistemol\u00f3gicos do pensamento psicol\u00f3gico &#8211; recomenda que os autores revisem seu texto, observando liga\u00e7\u00e3o entre as se\u00e7\u00f5es e subt\u00edtulos utilizados. Par\u00e1grafos de frase \u00fanica devem ser evitados, pois fragmentam o texto. O(s) objetivo(s) do estudo deve(m) ser claramente explicitado(s).\u00a0Apenas as obras consultadas e mencionadas no texto devem aparecer na se\u00e7\u00e3o de refer\u00eancias.<\/p>\n<p>6. Anexos<\/p>\n<p>Os anexos devem ser apresentados em uma nova p\u00e1gina, ap\u00f3s as refer\u00eancias, e numeradas consecutivamente. Os anexos devem ser indicados no texto, identificados pelas letras do alfabeto mai\u00fasculas (A, B, C, e assim por diante) e intitulados adequadamente. Utilize anexos se isso for realmente imprescind\u00edvel para a compreens\u00e3o do texto.<\/p>\n<p>7. Figuras<\/p>\n<p>Devem ser apresentadas com as respectivas legendas ao longo do texto. \u00a0Os t\u00edtulos devem ser apresentados abaixo das figuras, sempre em letras min\u00fasculas. Para assegurar qualidade de reprodu\u00e7\u00e3o, as figuras contendo desenho dever\u00e3o ser encaminhadas em qualidade para fotografia. N\u00e3o produza figuras gr\u00e1ficas com cores ou padr\u00f5es rebuscados que possam ser confundidos entre si com a editora\u00e7\u00e3o da revista. Como a vers\u00e3o publicada n\u00e3o poder\u00e1 exceder a largura de 17,5 o autor devera cuidar para que as legendas mantenham qualidade de leitura, caso a redu\u00e7\u00e3o seja necess\u00e1ria.<\/p>\n<p>8. Tabelas<\/p>\n<p>Devem ser introduzidas ao longo do texto e em adequa\u00e7\u00e3o com o que se pretende mencionar ou esclarecer. Devem ser elaboradas no MSWord e apresentadas em preto e branco. Os t\u00edtulos das Tabelas dever\u00e3o ser colocados no alto das mesmas, e devem indicar o conte\u00fado em at\u00e9 15 palavras. A primeira letra de cada palavra do t\u00edtulo das Tabelas deve ser escrita em letra mai\u00fascula, sendo que as demais letras devem ser min\u00fasculas. N\u00e3o utilize letras mai\u00fasculas, negritos ou it\u00e1licos dentro da Tabela, que n\u00e3o deve exceder 17,5 cm de largura por 23,5 cm de comprimento.<\/p>\n<p>&nbsp;<\/p>\n<p><strong>8. Refer\u00eancias e cita\u00e7\u00f5es no texto<\/strong><\/p>\n<p><em>Cita\u00e7\u00f5es de autoria m\u00faltipla:<\/em><\/p>\n<p>Dois autores: sempre que a obra for referida no corpo do texto, cite-os com \u201ce\u201d; caso a obra seja referida entre par\u00eanteses, cite os dois sobrenomes dos autores usando \u201c&amp;\u201d, conforme exemplos abaixo:<\/p>\n<p>\u201cO m\u00e9todo proposto por Bartholomeu e Montiel (1999)\u201d OU \u201co m\u00e9todo foi inicialmente proposto para o estudo da vis\u00e3o (Bartholomeu &amp; Montiel, 1999)\u201d.<\/p>\n<p>De tr\u00eas a cinco autores: cite todos os autores na primeira cita\u00e7\u00e3o, separados por v\u00edrgulas e com um \u201ce\u201d entre o pen\u00faltimo e o \u00faltimo sobrenomes, seguidos da data do estudo entre par\u00eanteses. A partir da segunda cita\u00e7\u00e3o, utilizar o sobrenome do primeiro autor seguido de \u201ce colaboradores\u201d e da data.<\/p>\n<p>Seis ou mais autores: cite apenas o sobrenome do primeiro autor, seguido de \u201ce colaboradores\u201d e da data.<\/p>\n<p>Inicie uma nova p\u00e1gina para a se\u00e7\u00e3o de refer\u00eancias. Utilize espa\u00e7o um e meio entre as cita\u00e7\u00f5es. As refer\u00eancias devem ser citadas em ordem alfab\u00e9tica, pelo sobrenome dos autores. Sobrenomes dos autores n\u00e3o devem ser substitu\u00eddos por tra\u00e7os ou travess\u00f5es. As refer\u00eancias devem aparecer segundo as orienta\u00e7\u00f5es da\u00a0<em>ABNT de 2017.\u00a0<\/em>Os exemplos abaixo podem auxiliar na organiza\u00e7\u00e3o do seu manuscrito.<\/p>\n<p>&nbsp;<\/p>\n<p><strong>9. Pol\u00edtica de Privacidade<\/strong><\/p>\n<p>Os nomes e endere\u00e7os informados nesta revista ser\u00e3o usados exclusivamente para os servi\u00e7os prestados por esta publica\u00e7\u00e3o, n\u00e3o sendo disponibilizados para outras finalidades ou a terceiros.<\/p>\n<p><strong>10. Submiss\u00f5es<\/strong><\/p>\n<p>N\u00e3o \u00e9 necess\u00e1rio cadastro no sistema para submiss\u00e3o. A revista recebe trabalhos dos alunos da institui\u00e7\u00e3o Unisepe, professores internos, colaboradores e pesquisadores externos. Apenas alunos n\u00edvel gradua\u00e7\u00e3o devem, obrigatoriamente, submeter trabalhos em\u00a0 coautoria com o (a) orientador(a).<\/p>\n<p>&nbsp;<\/p>\n<p><strong>11. Conselho Editorial<\/strong><\/p>\n<ol>\n<li>Dra. Andr\u00e9ia Aparecida Barbosa (Coordenadora do CEPx)<\/li>\n<li>Dr. Luciano Fiscina (Coordenador do Curso de Psicologia)<\/li>\n<li>Dr. Mikael Cavallet (Representante do Corpo Docente)<\/li>\n<li>Dr. Renato de Ara\u00fajo Cruz (Editor Colaborador)<\/li>\n<li>Ms. Ademar Oliveira (Editor Colaborador)<\/li>\n<li>Ms. Alessandro Aoki (Editor Colaborador)<\/li>\n<\/ol>\n<p><strong>\u00a0<\/strong><\/p>\n","protected":false},"excerpt":{"rendered":"<p>1. Tipos de artigos Trabalhos originais relacionados \u00e0 Psicologia que se enquadrem nas seguintes categorias: 1. Relato de pesquisa: investiga\u00e7\u00e3o baseada em dados emp\u00edricos, utilizando metodologia cient\u00edfica. Limitado a 10-15 laudas, incluindo resumo, abstract, figuras, tabelas e refer\u00eancias. 2. Estudo te\u00f3rico: an\u00e1lise de construtos te\u00f3ricos, levando ao questionamento de modelos<\/p>\n","protected":false},"author":1,"featured_media":0,"parent":533,"menu_order":0,"comment_status":"closed","ping_status":"closed","template":"templates\/template-curso_menu_vertical.php","meta":{"footnotes":""},"categories":[],"tags":[],"class_list":["post-2046","page","type-page","status-publish","hentry"],"_links":{"self":[{"href":"https:\/\/portal.unisepe.com.br\/asmec\/wp-json\/wp\/v2\/pages\/2046","targetHints":{"allow":["GET"]}}],"collection":[{"href":"https:\/\/portal.unisepe.com.br\/asmec\/wp-json\/wp\/v2\/pages"}],"about":[{"href":"https:\/\/portal.unisepe.com.br\/asmec\/wp-json\/wp\/v2\/types\/page"}],"author":[{"embeddable":true,"href":"https:\/\/portal.unisepe.com.br\/asmec\/wp-json\/wp\/v2\/users\/1"}],"replies":[{"embeddable":true,"href":"https:\/\/portal.unisepe.com.br\/asmec\/wp-json\/wp\/v2\/comments?post=2046"}],"version-history":[{"count":2,"href":"https:\/\/portal.unisepe.com.br\/asmec\/wp-json\/wp\/v2\/pages\/2046\/revisions"}],"predecessor-version":[{"id":4134,"href":"https:\/\/portal.unisepe.com.br\/asmec\/wp-json\/wp\/v2\/pages\/2046\/revisions\/4134"}],"up":[{"embeddable":true,"href":"https:\/\/portal.unisepe.com.br\/asmec\/wp-json\/wp\/v2\/pages\/533"}],"wp:attachment":[{"href":"https:\/\/portal.unisepe.com.br\/asmec\/wp-json\/wp\/v2\/media?parent=2046"}],"wp:term":[{"taxonomy":"category","embeddable":true,"href":"https:\/\/portal.unisepe.com.br\/asmec\/wp-json\/wp\/v2\/categories?post=2046"},{"taxonomy":"post_tag","embeddable":true,"href":"https:\/\/portal.unisepe.com.br\/asmec\/wp-json\/wp\/v2\/tags?post=2046"}],"curies":[{"name":"wp","href":"https:\/\/api.w.org\/{rel}","templated":true}]}}