{"id":230,"date":"2016-07-08T22:51:12","date_gmt":"2016-07-08T22:51:12","guid":{"rendered":"http:\/\/www.fvr.edu.br\/fvr\/site\/?page_id=230"},"modified":"2024-11-26T22:38:17","modified_gmt":"2024-11-27T01:38:17","slug":"graduacao","status":"publish","type":"page","link":"https:\/\/portal.unisepe.com.br\/asmec\/graduacao\/","title":{"rendered":"Gradua\u00e7\u00e3o"},"content":{"rendered":"<div id=\"responsive-table\">\n<h2 style=\"text-align: center\">Cursos<\/h2>\n<hr \/>\n<table class=\"table table-course no-th\">\n<tbody>\n<tr>\n<td style=\"text-align: center\"><a href=\"http:\/\/portal.unisepe.com.br\/asmec\/graduacao\/bacharelado-administracao\/\"><img loading=\"lazy\" decoding=\"async\" class=\"aligncenter wp-image-2349\" src=\"http:\/\/portal.unisepe.com.br\/asmec\/wp-content\/uploads\/sites\/10006\/2018\/07\/Administracao.png\" alt=\"\" width=\"130\" height=\"65\" \/><\/a><\/p>\n<p><a href=\"http:\/\/portal.unisepe.com.br\/asmec\/graduacao\/bacharelado-administracao\/\">Administra\u00e7\u00e3o<\/a><\/td>\n<td style=\"text-align: center\"><a href=\"http:\/\/portal.unisepe.com.br\/asmec\/graduacao\/ciencias-contabeis\/\"><img loading=\"lazy\" decoding=\"async\" class=\"aligncenter wp-image-2343\" src=\"http:\/\/portal.unisepe.com.br\/asmec\/wp-content\/uploads\/sites\/10006\/2018\/07\/logo_ctb.png\" alt=\"\" width=\"70\" height=\"84\" \/><\/a><\/p>\n<p><a href=\"http:\/\/portal.unisepe.com.br\/asmec\/graduacao\/ciencias-contabeis\/\">Ci\u00eancias Cont\u00e1beis<\/a><\/td>\n<td><a href=\"http:\/\/portal.unisepe.com.br\/asmec\/graduacao\/direito\/\"><img loading=\"lazy\" decoding=\"async\" class=\"aligncenter wp-image-2355\" src=\"http:\/\/portal.unisepe.com.br\/asmec\/wp-content\/uploads\/sites\/10006\/2018\/07\/direitologo.png\" alt=\"\" width=\"100\" height=\"93\" \/><\/a><\/p>\n<p style=\"text-align: center\"><a href=\"http:\/\/portal.unisepe.com.br\/asmec\/graduacao\/direito\/\">Direito<\/a><\/p>\n<\/td>\n<\/tr>\n<tr>\n<td><a href=\"http:\/\/portal.unisepe.com.br\/asmec\/graduacao\/educacao-fisica\/\"><img loading=\"lazy\" decoding=\"async\" class=\"aligncenter wp-image-2352\" src=\"http:\/\/portal.unisepe.com.br\/asmec\/wp-content\/uploads\/sites\/10006\/2018\/07\/educacaof-300x194.jpg\" alt=\"\" width=\"110\" height=\"71\" srcset=\"https:\/\/portal.unisepe.com.br\/asmec\/wp-content\/uploads\/sites\/10006\/2018\/07\/educacaof-300x194.jpg 300w, https:\/\/portal.unisepe.com.br\/asmec\/wp-content\/uploads\/sites\/10006\/2018\/07\/educacaof-768x497.jpg 768w, https:\/\/portal.unisepe.com.br\/asmec\/wp-content\/uploads\/sites\/10006\/2018\/07\/educacaof-1024x662.jpg 1024w, https:\/\/portal.unisepe.com.br\/asmec\/wp-content\/uploads\/sites\/10006\/2018\/07\/educacaof.jpg 1200w\" sizes=\"auto, (max-width: 110px) 100vw, 110px\" \/><\/a><\/p>\n<p style=\"text-align: center\"><a href=\"http:\/\/portal.unisepe.com.br\/asmec\/graduacao\/educacao-fisica\/\">Educa\u00e7\u00e3o F\u00edsica<\/a><\/p>\n<\/td>\n<td><a href=\"http:\/\/portal.unisepe.com.br\/asmec\/graduacao\/enfermagem\/\"><img loading=\"lazy\" decoding=\"async\" class=\"aligncenter wp-image-2351\" src=\"http:\/\/portal.unisepe.com.br\/asmec\/wp-content\/uploads\/sites\/10006\/2018\/07\/enfermagem-300x142.jpg\" alt=\"\" width=\"130\" height=\"61\" srcset=\"https:\/\/portal.unisepe.com.br\/asmec\/wp-content\/uploads\/sites\/10006\/2018\/07\/enfermagem-300x142.jpg 300w, https:\/\/portal.unisepe.com.br\/asmec\/wp-content\/uploads\/sites\/10006\/2018\/07\/enfermagem.jpg 599w\" sizes=\"auto, (max-width: 130px) 100vw, 130px\" \/><\/a><\/p>\n<p style=\"text-align: center\"><a href=\"http:\/\/portal.unisepe.com.br\/asmec\/graduacao\/enfermagem\/\">Enfermagem<\/a><\/p>\n<\/td>\n<td style=\"text-align: center\"><a href=\"http:\/\/portal.unisepe.com.br\/asmec\/graduacao\/psicologia\/\"><img loading=\"lazy\" decoding=\"async\" class=\"aligncenter wp-image-2358\" src=\"http:\/\/portal.unisepe.com.br\/asmec\/wp-content\/uploads\/sites\/10006\/2018\/07\/psicologia.png\" alt=\"\" width=\"100\" height=\"98\" \/><\/a><\/p>\n<p style=\"text-align: center\"><a href=\"http:\/\/portal.unisepe.com.br\/asmec\/graduacao\/psicologia\/\">Psicologia<\/a><\/p>\n<\/td>\n<\/tr>\n<tr>\n<td style=\"text-align: center\"><a href=\"http:\/\/portal.unisepe.com.br\/asmec\/graduacao\/nutricao\/\"><img loading=\"lazy\" decoding=\"async\" class=\"aligncenter wp-image-2350\" src=\"http:\/\/portal.unisepe.com.br\/asmec\/wp-content\/uploads\/sites\/10006\/2018\/07\/Logonutricao.jpg\" alt=\"\" width=\"130\" height=\"89\" \/><\/a><\/p>\n<p><a href=\"http:\/\/portal.unisepe.com.br\/asmec\/graduacao\/nutricao\/\">Nutri\u00e7\u00e3o<\/a><\/td>\n<td>\n<p style=\"text-align: center\">\n<\/td>\n<td>\n<p style=\"text-align: center\">\n<p style=\"text-align: center\">\n<\/td>\n<td>\n<p style=\"text-align: center\">\n<\/td>\n<\/tr>\n<\/tbody>\n<\/table>\n<\/div>\n","protected":false},"excerpt":{"rendered":"<p>Cursos Administra\u00e7\u00e3o Ci\u00eancias Cont\u00e1beis Direito Educa\u00e7\u00e3o F\u00edsica Enfermagem Psicologia Nutri\u00e7\u00e3o<\/p>\n","protected":false},"author":1,"featured_media":0,"parent":0,"menu_order":0,"comment_status":"closed","ping_status":"closed","template":"templates\/template-fullwidth.php","meta":{"footnotes":""},"categories":[],"tags":[],"class_list":["post-230","page","type-page","status-publish","hentry"],"_links":{"self":[{"href":"https:\/\/portal.unisepe.com.br\/asmec\/wp-json\/wp\/v2\/pages\/230","targetHints":{"allow":["GET"]}}],"collection":[{"href":"https:\/\/portal.unisepe.com.br\/asmec\/wp-json\/wp\/v2\/pages"}],"about":[{"href":"https:\/\/portal.unisepe.com.br\/asmec\/wp-json\/wp\/v2\/types\/page"}],"author":[{"embeddable":true,"href":"https:\/\/portal.unisepe.com.br\/asmec\/wp-json\/wp\/v2\/users\/1"}],"replies":[{"embeddable":true,"href":"https:\/\/portal.unisepe.com.br\/asmec\/wp-json\/wp\/v2\/comments?post=230"}],"version-history":[{"count":43,"href":"https:\/\/portal.unisepe.com.br\/asmec\/wp-json\/wp\/v2\/pages\/230\/revisions"}],"predecessor-version":[{"id":4928,"href":"https:\/\/portal.unisepe.com.br\/asmec\/wp-json\/wp\/v2\/pages\/230\/revisions\/4928"}],"wp:attachment":[{"href":"https:\/\/portal.unisepe.com.br\/asmec\/wp-json\/wp\/v2\/media?parent=230"}],"wp:term":[{"taxonomy":"category","embeddable":true,"href":"https:\/\/portal.unisepe.com.br\/asmec\/wp-json\/wp\/v2\/categories?post=230"},{"taxonomy":"post_tag","embeddable":true,"href":"https:\/\/portal.unisepe.com.br\/asmec\/wp-json\/wp\/v2\/tags?post=230"}],"curies":[{"name":"wp","href":"https:\/\/api.w.org\/{rel}","templated":true}]}}