{"id":270,"date":"2016-07-09T00:05:48","date_gmt":"2016-07-09T00:05:48","guid":{"rendered":"http:\/\/www.fvr.edu.br\/fvr\/site\/?page_id=270"},"modified":"2024-11-26T22:05:13","modified_gmt":"2024-11-27T01:05:13","slug":"atos-legais","status":"publish","type":"page","link":"https:\/\/portal.unisepe.com.br\/asmec\/bacharelado-administracao\/atos-legais\/","title":{"rendered":"Atos legais de Administra\u00e7\u00e3o"},"content":{"rendered":"<p><strong>Atos Legais<\/strong><\/p>\n<p align=\"left\"><strong>Habilita\u00e7\u00e3o:\u00a0<\/strong>Administra\u00e7\u00e3o<\/p>\n<p><strong>Habilita\u00e7\u00e3o:\u00a0<\/strong>ADMINISTRA\u00c7\u00c3O DE EMPRESAS<\/p>\n<p>Renova\u00e7\u00e3o de Reconhecimento pela Portaria SERES n.\u00ba 270 de 03\/04\/2017, publicada no DOU de 04\/04\/2017.<\/p>\n","protected":false},"excerpt":{"rendered":"<p>Atos Legais Habilita\u00e7\u00e3o:\u00a0Administra\u00e7\u00e3o Habilita\u00e7\u00e3o:\u00a0ADMINISTRA\u00c7\u00c3O DE EMPRESAS Renova\u00e7\u00e3o de Reconhecimento pela Portaria SERES n.\u00ba 270 de 03\/04\/2017, publicada no DOU de 04\/04\/2017.<\/p>\n","protected":false},"author":1,"featured_media":0,"parent":268,"menu_order":0,"comment_status":"closed","ping_status":"closed","template":"templates\/template-curso_menu_vertical.php","meta":{"footnotes":""},"categories":[],"tags":[],"class_list":["post-270","page","type-page","status-publish","hentry"],"_links":{"self":[{"href":"https:\/\/portal.unisepe.com.br\/asmec\/wp-json\/wp\/v2\/pages\/270","targetHints":{"allow":["GET"]}}],"collection":[{"href":"https:\/\/portal.unisepe.com.br\/asmec\/wp-json\/wp\/v2\/pages"}],"about":[{"href":"https:\/\/portal.unisepe.com.br\/asmec\/wp-json\/wp\/v2\/types\/page"}],"author":[{"embeddable":true,"href":"https:\/\/portal.unisepe.com.br\/asmec\/wp-json\/wp\/v2\/users\/1"}],"replies":[{"embeddable":true,"href":"https:\/\/portal.unisepe.com.br\/asmec\/wp-json\/wp\/v2\/comments?post=270"}],"version-history":[{"count":6,"href":"https:\/\/portal.unisepe.com.br\/asmec\/wp-json\/wp\/v2\/pages\/270\/revisions"}],"predecessor-version":[{"id":4868,"href":"https:\/\/portal.unisepe.com.br\/asmec\/wp-json\/wp\/v2\/pages\/270\/revisions\/4868"}],"up":[{"embeddable":true,"href":"https:\/\/portal.unisepe.com.br\/asmec\/wp-json\/wp\/v2\/pages\/268"}],"wp:attachment":[{"href":"https:\/\/portal.unisepe.com.br\/asmec\/wp-json\/wp\/v2\/media?parent=270"}],"wp:term":[{"taxonomy":"category","embeddable":true,"href":"https:\/\/portal.unisepe.com.br\/asmec\/wp-json\/wp\/v2\/categories?post=270"},{"taxonomy":"post_tag","embeddable":true,"href":"https:\/\/portal.unisepe.com.br\/asmec\/wp-json\/wp\/v2\/tags?post=270"}],"curies":[{"name":"wp","href":"https:\/\/api.w.org\/{rel}","templated":true}]}}