{"id":348,"date":"2016-07-12T00:42:12","date_gmt":"2016-07-12T00:42:12","guid":{"rendered":"http:\/\/www.fvr.edu.br\/fvr\/site\/?page_id=348"},"modified":"2024-11-26T22:28:38","modified_gmt":"2024-11-27T01:28:38","slug":"direito","status":"publish","type":"page","link":"https:\/\/portal.unisepe.com.br\/asmec\/direito\/","title":{"rendered":"Direito"},"content":{"rendered":"<p><strong>Concep\u00e7\u00e3o do curso<\/strong><\/p>\n<p>O Curso Superior de Bacharelado em Direito das Faculdades Integradas ASMEC \u2013 Ouro Fino-MG, autorizado pelo Minist\u00e9rio da Educa\u00e7\u00e3o \u2013 MEC \u2013 atrav\u00e9s da Portaria MEC\/SERES N\u00ba 154 de 08 de mar\u00e7o de 2017, publicada no DOU \u2013 Di\u00e1rio Oficial da Uni\u00e3o \u2013 em 09 de mar\u00e7o de 2017, estritamente de acordo com as DCNs \u2013 Diretrizes Curriculares Nacionais \u2013 para o Curso de Direito, tornar-se-\u00e1 uma refer\u00eancia regional e um importante polo jur\u00eddico para o Sul de Minas Gerais.<\/p>\n<p>Dotado de um Projeto Pedag\u00f3gico inovador, de uma infraestrutura exemplar e de um corpo docente altamente qualificado, titulado e experiente foi merecedor do CONCEITO 4 na avalia\u00e7\u00e3o do MEC.<\/p>\n<p>Em total conson\u00e2ncia com as DCNs \u2013 Diretrizes Curriculares Nacionais \u2013 para o Curso de Direito, formar\u00e1 operadores do Direito e juristas \u201ccom s\u00f3lida forma\u00e7\u00e3o geral, human\u00edstica e axiol\u00f3gica, capacidade de an\u00e1lise, dom\u00ednio de conceitos e da terminologia jur\u00eddica, adequada argumenta\u00e7\u00e3o, interpreta\u00e7\u00e3o e valoriza\u00e7\u00e3o dos fen\u00f4menos jur\u00eddicos e sociais, aliada a uma postura reflexiva e de vis\u00e3o cr\u00edtica que fomente a capacidade e a aptid\u00e3o para a aprendizagem aut\u00f4noma e din\u00e2mica, indispens\u00e1vel ao exerc\u00edcio da Ci\u00eancia do Direito, da presta\u00e7\u00e3o da justi\u00e7a e do desenvolvimento da cidadania\u201d. Para tal, almeja as seguintes habilidades e compet\u00eancias de seus egressos:- Leitura, compreens\u00e3o e elabora\u00e7\u00e3o de textos, atos e documentos jur\u00eddicos ou normativos, com a devida utiliza\u00e7\u00e3o das normas t\u00e9cnico-jur\u00eddicas;<br \/>\n&#8211; interpreta\u00e7\u00e3o e aplica\u00e7\u00e3o do Direito;<br \/>\n&#8211; Pesquisa e utiliza\u00e7\u00e3o da legisla\u00e7\u00e3o, da jurisprud\u00eancia, da doutrina e de outras fontes do Direito;<br \/>\n&#8211; Adequada atua\u00e7\u00e3o t\u00e9cnico-jur\u00eddica, em diferentes inst\u00e2ncias administrativas ou judiciais, com a devida utiliza\u00e7\u00e3o de processos, atos e procedimentos;<br \/>\n&#8211; Correta utiliza\u00e7\u00e3o da terminologia jur\u00eddica ou da Ci\u00eancia do Direito;<br \/>\n&#8211; Utiliza\u00e7\u00e3o de racioc\u00ednio jur\u00eddico, de argumenta\u00e7\u00e3o, de persuas\u00e3o e de reflex\u00e3o cr\u00edtica;<br \/>\n&#8211; Julgamento e tomada de decis\u00f5es;<br \/>\n&#8211; Dom\u00ednio de tecnologias e m\u00e9todos para permanente compreens\u00e3o e aplica\u00e7\u00e3o do Direito.<\/p>\n<p>Conforme preconizam as DCNs \u2013 Diretrizes Curriculares Nacionais \u2013 para o Curso de Direito, o Projeto Pedag\u00f3gico do Curso de Direito das Faculdades Integradas ASMEC contempla, em sua Organiza\u00e7\u00e3o Curricular, conte\u00fados e atividades que atendem aos eixos interligados de forma\u00e7\u00e3o, ao Est\u00e1gio Supervisionado, \u00e0s Pr\u00e1ticas Jur\u00eddicas (NPJ), \u00e0s Atividades Complementares e ao Trabalho de Conclus\u00e3o de Curso.<\/p>\n<p>O Bacharel em Direito \u2013 Operador do Direito &#8211; \u00a0tem in\u00fameras op\u00e7\u00f5es de trabalho; podendo, mediante aprova\u00e7\u00e3o no Exame de Ordem, seguir a carreira de advogado, nas mais diversas \u00e1reas de especializa\u00e7\u00e3o, ou prestar concursos p\u00fablicos para as carreiras jur\u00eddicas, tais como juiz de direito, promotor de justi\u00e7a, defensor p\u00fablico, delegado de pol\u00edcia, procurador de \u00f3rg\u00e3os p\u00fablicos entre outras.<\/p>\n<p><strong>Diploma conferido:\u00a0<\/strong>Bacharel em Direito.<br \/>\n<strong>Modalidade:<\/strong>\u00a0Presencial.<br \/>\n<strong>Integraliza\u00e7\u00e3o:<\/strong>\u00a0m\u00ednima em 10 semestres e m\u00e1xima em 15 semestres.<br \/>\n<strong>Carga hor\u00e1ria do curso:\u00a0<\/strong>4.000 horas.<br \/>\n<strong>Regime letivo:<\/strong>\u00a0Semestral.<br \/>\n<strong>Turno de oferta<\/strong><strong>:<\/strong>\u00a0Noturno.<\/p>\n","protected":false},"excerpt":{"rendered":"<p>Concep\u00e7\u00e3o do curso O Curso Superior de Bacharelado em Direito das Faculdades Integradas ASMEC \u2013 Ouro Fino-MG, autorizado pelo Minist\u00e9rio da Educa\u00e7\u00e3o \u2013 MEC \u2013 atrav\u00e9s da Portaria MEC\/SERES N\u00ba 154 de 08 de mar\u00e7o de 2017, publicada no DOU \u2013 Di\u00e1rio Oficial da Uni\u00e3o \u2013 em 09 de mar\u00e7o<\/p>\n","protected":false},"author":1,"featured_media":0,"parent":0,"menu_order":0,"comment_status":"closed","ping_status":"closed","template":"templates\/template-curso_menu_vertical.php","meta":{"footnotes":""},"categories":[],"tags":[],"class_list":["post-348","page","type-page","status-publish","hentry"],"_links":{"self":[{"href":"https:\/\/portal.unisepe.com.br\/asmec\/wp-json\/wp\/v2\/pages\/348","targetHints":{"allow":["GET"]}}],"collection":[{"href":"https:\/\/portal.unisepe.com.br\/asmec\/wp-json\/wp\/v2\/pages"}],"about":[{"href":"https:\/\/portal.unisepe.com.br\/asmec\/wp-json\/wp\/v2\/types\/page"}],"author":[{"embeddable":true,"href":"https:\/\/portal.unisepe.com.br\/asmec\/wp-json\/wp\/v2\/users\/1"}],"replies":[{"embeddable":true,"href":"https:\/\/portal.unisepe.com.br\/asmec\/wp-json\/wp\/v2\/comments?post=348"}],"version-history":[{"count":8,"href":"https:\/\/portal.unisepe.com.br\/asmec\/wp-json\/wp\/v2\/pages\/348\/revisions"}],"predecessor-version":[{"id":4329,"href":"https:\/\/portal.unisepe.com.br\/asmec\/wp-json\/wp\/v2\/pages\/348\/revisions\/4329"}],"wp:attachment":[{"href":"https:\/\/portal.unisepe.com.br\/asmec\/wp-json\/wp\/v2\/media?parent=348"}],"wp:term":[{"taxonomy":"category","embeddable":true,"href":"https:\/\/portal.unisepe.com.br\/asmec\/wp-json\/wp\/v2\/categories?post=348"},{"taxonomy":"post_tag","embeddable":true,"href":"https:\/\/portal.unisepe.com.br\/asmec\/wp-json\/wp\/v2\/tags?post=348"}],"curies":[{"name":"wp","href":"https:\/\/api.w.org\/{rel}","templated":true}]}}