{"id":3506,"date":"2020-05-08T20:10:31","date_gmt":"2020-05-08T23:10:31","guid":{"rendered":"http:\/\/portal.unisepe.com.br\/asmec\/?page_id=3506"},"modified":"2020-05-08T20:11:17","modified_gmt":"2020-05-08T23:11:17","slug":"semana-cultural-2020","status":"publish","type":"page","link":"https:\/\/portal.unisepe.com.br\/asmec\/semana-cultural-2020\/","title":{"rendered":"Semana Cultural 2020"},"content":{"rendered":"<div style=\"width:100%\"><div class=\"wd_error\"><p><strong>N\u00e3o h\u00e1 galeria selecionada ou a galeria foi exclu\u00edda.<\/strong><\/p><\/div><\/div>\n","protected":false},"excerpt":{"rendered":"","protected":false},"author":5,"featured_media":0,"parent":0,"menu_order":0,"comment_status":"closed","ping_status":"closed","template":"templates\/template-pagina_menu_vertical.php","meta":{"footnotes":""},"categories":[],"tags":[],"class_list":["post-3506","page","type-page","status-publish","hentry"],"_links":{"self":[{"href":"https:\/\/portal.unisepe.com.br\/asmec\/wp-json\/wp\/v2\/pages\/3506","targetHints":{"allow":["GET"]}}],"collection":[{"href":"https:\/\/portal.unisepe.com.br\/asmec\/wp-json\/wp\/v2\/pages"}],"about":[{"href":"https:\/\/portal.unisepe.com.br\/asmec\/wp-json\/wp\/v2\/types\/page"}],"author":[{"embeddable":true,"href":"https:\/\/portal.unisepe.com.br\/asmec\/wp-json\/wp\/v2\/users\/5"}],"replies":[{"embeddable":true,"href":"https:\/\/portal.unisepe.com.br\/asmec\/wp-json\/wp\/v2\/comments?post=3506"}],"version-history":[{"count":1,"href":"https:\/\/portal.unisepe.com.br\/asmec\/wp-json\/wp\/v2\/pages\/3506\/revisions"}],"predecessor-version":[{"id":3507,"href":"https:\/\/portal.unisepe.com.br\/asmec\/wp-json\/wp\/v2\/pages\/3506\/revisions\/3507"}],"wp:attachment":[{"href":"https:\/\/portal.unisepe.com.br\/asmec\/wp-json\/wp\/v2\/media?parent=3506"}],"wp:term":[{"taxonomy":"category","embeddable":true,"href":"https:\/\/portal.unisepe.com.br\/asmec\/wp-json\/wp\/v2\/categories?post=3506"},{"taxonomy":"post_tag","embeddable":true,"href":"https:\/\/portal.unisepe.com.br\/asmec\/wp-json\/wp\/v2\/tags?post=3506"}],"curies":[{"name":"wp","href":"https:\/\/api.w.org\/{rel}","templated":true}]}}