{"id":3528,"date":"2020-07-09T20:30:37","date_gmt":"2020-07-09T23:30:37","guid":{"rendered":"http:\/\/portal.unisepe.com.br\/asmec\/?page_id=3528"},"modified":"2020-07-09T20:31:36","modified_gmt":"2020-07-09T23:31:36","slug":"rematricula","status":"publish","type":"page","link":"https:\/\/portal.unisepe.com.br\/asmec\/rematricula\/","title":{"rendered":"Rematr\u00edcula"},"content":{"rendered":"<p><a href=\"http:\/\/portal.unisepe.com.br\/asmec\/wp-content\/uploads\/sites\/10006\/2019\/07\/informativo_rematricula_geral.pdf\">Passo a Passo &#8211; Rematr\u00edcula<\/a><\/p>\n<hr \/>\n<p>&nbsp;<\/p>\n<p><strong>Outros tutoriais:<\/strong><\/p>\n<p><a href=\"http:\/\/portal.unisepe.com.br\/asmec\/wp-content\/uploads\/sites\/10006\/2020\/07\/Solicita\u00e7\u00e3o-de-Servi\u00e7os-Aluno.pdf\">Solicita\u00e7\u00e3o de Servi\u00e7os<\/a><\/p>\n<p><a href=\"http:\/\/portal.unisepe.com.br\/asmec\/wp-content\/uploads\/sites\/10006\/2020\/07\/Passo-a-Passo-Renova\u00e7\u00e3o-de-Benef\u00edcio.pdf\">Passo a Passo &#8211; Renova\u00e7\u00e3o de Benef\u00edcio<\/a><\/p>\n","protected":false},"excerpt":{"rendered":"<p>Passo a Passo &#8211; Rematr\u00edcula &nbsp; Outros tutoriais: Solicita\u00e7\u00e3o de Servi\u00e7os Passo a Passo &#8211; Renova\u00e7\u00e3o de Benef\u00edcio<\/p>\n","protected":false},"author":5,"featured_media":0,"parent":0,"menu_order":0,"comment_status":"closed","ping_status":"closed","template":"templates\/template-fullwidth.php","meta":{"footnotes":""},"categories":[],"tags":[],"class_list":["post-3528","page","type-page","status-publish","hentry"],"_links":{"self":[{"href":"https:\/\/portal.unisepe.com.br\/asmec\/wp-json\/wp\/v2\/pages\/3528","targetHints":{"allow":["GET"]}}],"collection":[{"href":"https:\/\/portal.unisepe.com.br\/asmec\/wp-json\/wp\/v2\/pages"}],"about":[{"href":"https:\/\/portal.unisepe.com.br\/asmec\/wp-json\/wp\/v2\/types\/page"}],"author":[{"embeddable":true,"href":"https:\/\/portal.unisepe.com.br\/asmec\/wp-json\/wp\/v2\/users\/5"}],"replies":[{"embeddable":true,"href":"https:\/\/portal.unisepe.com.br\/asmec\/wp-json\/wp\/v2\/comments?post=3528"}],"version-history":[{"count":1,"href":"https:\/\/portal.unisepe.com.br\/asmec\/wp-json\/wp\/v2\/pages\/3528\/revisions"}],"predecessor-version":[{"id":3532,"href":"https:\/\/portal.unisepe.com.br\/asmec\/wp-json\/wp\/v2\/pages\/3528\/revisions\/3532"}],"wp:attachment":[{"href":"https:\/\/portal.unisepe.com.br\/asmec\/wp-json\/wp\/v2\/media?parent=3528"}],"wp:term":[{"taxonomy":"category","embeddable":true,"href":"https:\/\/portal.unisepe.com.br\/asmec\/wp-json\/wp\/v2\/categories?post=3528"},{"taxonomy":"post_tag","embeddable":true,"href":"https:\/\/portal.unisepe.com.br\/asmec\/wp-json\/wp\/v2\/tags?post=3528"}],"curies":[{"name":"wp","href":"https:\/\/api.w.org\/{rel}","templated":true}]}}