{"id":362,"date":"2016-07-12T01:00:08","date_gmt":"2016-07-12T01:00:08","guid":{"rendered":"http:\/\/www.fvr.edu.br\/fvr\/site\/?page_id=362"},"modified":"2024-11-26T21:25:26","modified_gmt":"2024-11-27T00:25:26","slug":"atos-legais","status":"publish","type":"page","link":"https:\/\/portal.unisepe.com.br\/asmec\/educacao-fisica\/atos-legais\/","title":{"rendered":"Atos Legais de Educa\u00e7\u00e3o F\u00edsica"},"content":{"rendered":"<h4><span style=\"text-decoration: underline\"><strong>Licenciatura em EDUCA\u00c7\u00c3O F\u00cdSICA<\/strong><\/span><\/h4>\n<p>Renova\u00e7\u00e3o de Reconhecimento pela Portaria SERES n.\u00ba 1.094 de 24\/12\/2015, publicada no DOU de 30\/12\/2015.<\/p>\n<p>&nbsp;<\/p>\n<div id=\"responsive-table\">\n<h4><span style=\"text-decoration: underline\"><strong>Bacharelado em EDUCA\u00c7\u00c3O F\u00cdSICA<\/strong><\/span><\/h4>\n<p>Portaria MEC n\u00b0 174,de 06\/02\/2009, DOU 10\/02\/2009. Reconhecido pela Portaria SERES n.\u00ba 821 de 30\/12\/2014, publicada no DOU de 02\/01\/2015.<\/p>\n<\/div>\n","protected":false},"excerpt":{"rendered":"<p>Licenciatura em EDUCA\u00c7\u00c3O F\u00cdSICA Renova\u00e7\u00e3o de Reconhecimento pela Portaria SERES n.\u00ba 1.094 de 24\/12\/2015, publicada no DOU de 30\/12\/2015. &nbsp; Bacharelado em EDUCA\u00c7\u00c3O F\u00cdSICA Portaria MEC n\u00b0 174,de 06\/02\/2009, DOU 10\/02\/2009. Reconhecido pela Portaria SERES n.\u00ba 821 de 30\/12\/2014, publicada no DOU de 02\/01\/2015.<\/p>\n","protected":false},"author":1,"featured_media":0,"parent":360,"menu_order":0,"comment_status":"closed","ping_status":"closed","template":"templates\/template-curso_menu_vertical.php","meta":{"footnotes":""},"categories":[],"tags":[],"class_list":["post-362","page","type-page","status-publish","hentry"],"_links":{"self":[{"href":"https:\/\/portal.unisepe.com.br\/asmec\/wp-json\/wp\/v2\/pages\/362","targetHints":{"allow":["GET"]}}],"collection":[{"href":"https:\/\/portal.unisepe.com.br\/asmec\/wp-json\/wp\/v2\/pages"}],"about":[{"href":"https:\/\/portal.unisepe.com.br\/asmec\/wp-json\/wp\/v2\/types\/page"}],"author":[{"embeddable":true,"href":"https:\/\/portal.unisepe.com.br\/asmec\/wp-json\/wp\/v2\/users\/1"}],"replies":[{"embeddable":true,"href":"https:\/\/portal.unisepe.com.br\/asmec\/wp-json\/wp\/v2\/comments?post=362"}],"version-history":[{"count":4,"href":"https:\/\/portal.unisepe.com.br\/asmec\/wp-json\/wp\/v2\/pages\/362\/revisions"}],"predecessor-version":[{"id":4871,"href":"https:\/\/portal.unisepe.com.br\/asmec\/wp-json\/wp\/v2\/pages\/362\/revisions\/4871"}],"up":[{"embeddable":true,"href":"https:\/\/portal.unisepe.com.br\/asmec\/wp-json\/wp\/v2\/pages\/360"}],"wp:attachment":[{"href":"https:\/\/portal.unisepe.com.br\/asmec\/wp-json\/wp\/v2\/media?parent=362"}],"wp:term":[{"taxonomy":"category","embeddable":true,"href":"https:\/\/portal.unisepe.com.br\/asmec\/wp-json\/wp\/v2\/categories?post=362"},{"taxonomy":"post_tag","embeddable":true,"href":"https:\/\/portal.unisepe.com.br\/asmec\/wp-json\/wp\/v2\/tags?post=362"}],"curies":[{"name":"wp","href":"https:\/\/api.w.org\/{rel}","templated":true}]}}