{"id":377,"date":"2016-07-12T16:22:07","date_gmt":"2016-07-12T16:22:07","guid":{"rendered":"http:\/\/www.fvr.edu.br\/fvr\/site\/?page_id=377"},"modified":"2024-11-26T22:28:56","modified_gmt":"2024-11-27T01:28:56","slug":"enfermagem","status":"publish","type":"page","link":"https:\/\/portal.unisepe.com.br\/asmec\/enfermagem\/","title":{"rendered":"Enfermagem"},"content":{"rendered":"<p>&nbsp;<\/p>\n<p><strong>Curso de Gradua\u00e7\u00e3o<\/strong><\/p>\n<p><strong>Enfermagem<\/strong><\/p>\n<p>O trabalho em Enfermagem \u00e9 essencial para a vida humana, sendo realizado ao longo dos anos por trabalhadores que t\u00eam o dom\u00ednio sobre os seus conhecimentos e as t\u00e9cnicas utilizadas, buscando assistir aos indiv\u00edduos ou grupos com problemas de sa\u00fade ou em risco de adoecer. Atualmente, o curso est\u00e1 organizado para atender tais necessidades e vem buscando desenvolver, cada vez mais, um corpo de conhecimentos t\u00e9cnico, cient\u00edfico e filos\u00f3fico que sustentem essa \u00e1rea do saber humano. Instrumentaliza para atender \u00e0s necessidades sociais, ou seja, a promo\u00e7\u00e3o da sa\u00fade, preven\u00e7\u00e3o de doen\u00e7as e a recupera\u00e7\u00e3o do indiv\u00edduo, ou o controle da sa\u00fade da popula\u00e7\u00e3o. Ensina a prestar assist\u00eancia ao indiv\u00edduo sadio ou doente, fam\u00edlia ou comunidade e a desempenhar atividades para promover, manter ou recuperar a sa\u00fade.<\/p>\n<p><strong>PERFIL DO EGRESSO\u00a0<\/strong><br \/>\nO Enfermeiro \u00e9 um profissional generalista, humanista, cr\u00edtico e reflexivo. Profissional qualificado para o exerc\u00edcio de Enfermagem, com base no rigor cient\u00edfico e intelectual e pautado em princ\u00edpios \u00e9ticos. Capaz de intervir sobre os problemas\/situa\u00e7\u00f5es de sa\u00fade-doen\u00e7a mais prevalentes no perfil epidemiol\u00f3gico nacional, com \u00eanfase na sua regi\u00e3o de atua\u00e7\u00e3o, identificando as dimens\u00f5es bio-psico-sociais dos seus determinantes. Capacitado a atuar, com senso de responsabilidade social e compromisso com a cidadania, como promotor da sa\u00fade integral do ser humano.<br \/>\nConsciente dos direitos e deveres preconizados pelo C\u00f3digo de \u00c9tica e pela Lei do Exerc\u00edcio Profissional, agente de transforma\u00e7\u00e3o no processo de desenvolvimento humano, pol\u00edtico e social; preparado para desenvolver a praxis fundamentada nos princ\u00edpios e diretrizes das pol\u00edticas p\u00fablicas de sa\u00fade no trabalho multiprofissional e interdisciplinar. Instrumentalizado para desenvolver pesqu isa na \u00e1rea da Sa\u00fade e Educa\u00e7\u00e3o.<br \/>\nO enfermeiro desenvolve atividades t\u00e9cnico-cient\u00edficas da enfermagem nas \u00e1reas de Assist\u00eancia, Administra\u00e7\u00e3o, Ensino e Pesqu isa, no \u00e2mbito s\u00f3cio-pol\u00edtico e cultural, para a satisfa\u00e7\u00e3o das necessidades humanas b\u00e1sicas do individuo, fam\u00edlia e comunidade com interven\u00e7\u00f5es sistematizadas de amplo alcance, nos n\u00edveis de aten\u00e7\u00e3o prim\u00e1ria, secund\u00e1ria e terci\u00e1ria nas diversas fases do ciclo evolutivo da vida, respeitando os princ\u00edpios \u00e9ticos que norteiam a profiss\u00e3o.<br \/>\nEste perfil confere ao enfermeiro postura profissional transformadora em qualquer n\u00edvel de desenvolvimento dos programas de sa\u00fade, atendendo aos princ\u00edpios da universalidade, integralidade, equidade, solidariedade e hierarquiza\u00e7\u00e3o que norteiam o sistema de sa\u00fade vigente no pa\u00eds.<\/p>\n<p>&nbsp;<\/p>\n<p><strong>Diploma conferido:\u00a0<\/strong><span>Bacharelado em Enfermagem.<\/span><br \/>\n<strong>Modalidade:<\/strong><span>\u00a0Presencial.<\/span><br \/>\n<strong>Integraliza\u00e7\u00e3o:<\/strong><span> 8 semestres.<\/span><br \/>\n<strong>Carga hor\u00e1ria do curso:\u00a0<\/strong><span>4.000 horas.<\/span><br \/>\n<strong>Regime letivo:<\/strong><span>\u00a0Semestral.<\/span><br \/>\n<strong>Turno de oferta<\/strong><strong>:<\/strong><span>\u00a0Noturno.<\/span><\/p>\n","protected":false},"excerpt":{"rendered":"<p>&nbsp; Curso de Gradua\u00e7\u00e3o Enfermagem O trabalho em Enfermagem \u00e9 essencial para a vida humana, sendo realizado ao longo dos anos por trabalhadores que t\u00eam o dom\u00ednio sobre os seus conhecimentos e as t\u00e9cnicas utilizadas, buscando assistir aos indiv\u00edduos ou grupos com problemas de sa\u00fade ou em risco de adoecer.<\/p>\n","protected":false},"author":1,"featured_media":0,"parent":0,"menu_order":0,"comment_status":"closed","ping_status":"closed","template":"templates\/template-curso_menu_vertical.php","meta":{"footnotes":""},"categories":[],"tags":[],"class_list":["post-377","page","type-page","status-publish","hentry"],"_links":{"self":[{"href":"https:\/\/portal.unisepe.com.br\/asmec\/wp-json\/wp\/v2\/pages\/377","targetHints":{"allow":["GET"]}}],"collection":[{"href":"https:\/\/portal.unisepe.com.br\/asmec\/wp-json\/wp\/v2\/pages"}],"about":[{"href":"https:\/\/portal.unisepe.com.br\/asmec\/wp-json\/wp\/v2\/types\/page"}],"author":[{"embeddable":true,"href":"https:\/\/portal.unisepe.com.br\/asmec\/wp-json\/wp\/v2\/users\/1"}],"replies":[{"embeddable":true,"href":"https:\/\/portal.unisepe.com.br\/asmec\/wp-json\/wp\/v2\/comments?post=377"}],"version-history":[{"count":8,"href":"https:\/\/portal.unisepe.com.br\/asmec\/wp-json\/wp\/v2\/pages\/377\/revisions"}],"predecessor-version":[{"id":4804,"href":"https:\/\/portal.unisepe.com.br\/asmec\/wp-json\/wp\/v2\/pages\/377\/revisions\/4804"}],"wp:attachment":[{"href":"https:\/\/portal.unisepe.com.br\/asmec\/wp-json\/wp\/v2\/media?parent=377"}],"wp:term":[{"taxonomy":"category","embeddable":true,"href":"https:\/\/portal.unisepe.com.br\/asmec\/wp-json\/wp\/v2\/categories?post=377"},{"taxonomy":"post_tag","embeddable":true,"href":"https:\/\/portal.unisepe.com.br\/asmec\/wp-json\/wp\/v2\/tags?post=377"}],"curies":[{"name":"wp","href":"https:\/\/api.w.org\/{rel}","templated":true}]}}