{"id":3802,"date":"2022-05-16T11:45:36","date_gmt":"2022-05-16T14:45:36","guid":{"rendered":"https:\/\/portal.unisepe.com.br\/asmec\/?page_id=3802"},"modified":"2026-02-24T21:32:47","modified_gmt":"2026-02-25T00:32:47","slug":"atendimento-juridico-on-line","status":"publish","type":"page","link":"https:\/\/portal.unisepe.com.br\/asmec\/direito\/npj-e\/atendimento-juridico-on-line\/","title":{"rendered":"Atendimento Jur\u00eddico"},"content":{"rendered":"<div class=\"row\">\n<div class=\"col-md-4\"><img loading=\"lazy\" decoding=\"async\" src=\"https:\/\/portal.unisepe.com.br\/asmec\/wp-content\/uploads\/sites\/10006\/2026\/02\/PROJETO-NPJ-TA-ON-CAPA.jpg\" alt=\"\" width=\"400\" height=\"571\" class=\"alignnone wp-image-4565\" style=\"font-size: 15.2015px\" \/><\/div>\n<div class=\"col-md-8\">\n<p style=\"text-align: justify\">A ASMEC, por meio do N\u00facleo de Pr\u00e1ticas Jur\u00eddicas do Curso de Gradua\u00e7\u00e3o em Direito, oferece \u00e0 popula\u00e7\u00e3o carente e vulner\u00e1vel orienta\u00e7\u00f5es jur\u00eddicas, gratuitas e on-line, nas \u00e1reas Penal, C\u00edvel e Trabalhista.<\/p>\n<p><span style=\"text-align: justify;font-size: 0.95em\"><a href=\"https:\/\/portal.unisepe.com.br\/asmec\/wp-content\/uploads\/sites\/10006\/2024\/09\/PROJETO-DO-NPJ-e-ASMEC-OURO-FINO.pdf\" target=\"_blank\" rel=\"noopener noreferrer\">Clique aqui<\/a><\/span> e confira o projeto na \u00edntegra.<\/p>\n<p><a href=\"https:\/\/portal.unisepe.com.br\/asmec\/wp-content\/uploads\/sites\/10006\/2024\/09\/TERMOS-E-CONDI\u00c7\u00d5ES-DE-USO-DO-SERVI\u00c7O-DO-NPJ-e-DA-ASMEC-2024.pdf\" target=\"_blank\" rel=\"noopener noreferrer\">Clique aqui<\/a> para conferir os termos de uso.<\/p>\n<p>&nbsp;<\/p>\n<p><script type=\"text\/javascript\" src=\"\/\/mautic.unisepe.com.br\/form\/generate.js?id=22\"><\/script><\/p>\n<\/div>\n<\/div>\n","protected":false},"excerpt":{"rendered":"<p>A ASMEC, por meio do N\u00facleo de Pr\u00e1ticas Jur\u00eddicas do Curso de Gradua\u00e7\u00e3o em Direito, oferece \u00e0 popula\u00e7\u00e3o carente e vulner\u00e1vel orienta\u00e7\u00f5es jur\u00eddicas, gratuitas e on-line, nas \u00e1reas Penal, C\u00edvel e Trabalhista. Clique aqui e confira o projeto na \u00edntegra. Clique aqui para conferir os termos de uso. &nbsp;<\/p>\n","protected":false},"author":1,"featured_media":0,"parent":4468,"menu_order":0,"comment_status":"closed","ping_status":"closed","template":"templates\/template-curso_menu_vertical.php","meta":{"footnotes":""},"categories":[],"tags":[],"class_list":["post-3802","page","type-page","status-publish","hentry"],"_links":{"self":[{"href":"https:\/\/portal.unisepe.com.br\/asmec\/wp-json\/wp\/v2\/pages\/3802","targetHints":{"allow":["GET"]}}],"collection":[{"href":"https:\/\/portal.unisepe.com.br\/asmec\/wp-json\/wp\/v2\/pages"}],"about":[{"href":"https:\/\/portal.unisepe.com.br\/asmec\/wp-json\/wp\/v2\/types\/page"}],"author":[{"embeddable":true,"href":"https:\/\/portal.unisepe.com.br\/asmec\/wp-json\/wp\/v2\/users\/1"}],"replies":[{"embeddable":true,"href":"https:\/\/portal.unisepe.com.br\/asmec\/wp-json\/wp\/v2\/comments?post=3802"}],"version-history":[{"count":10,"href":"https:\/\/portal.unisepe.com.br\/asmec\/wp-json\/wp\/v2\/pages\/3802\/revisions"}],"predecessor-version":[{"id":5553,"href":"https:\/\/portal.unisepe.com.br\/asmec\/wp-json\/wp\/v2\/pages\/3802\/revisions\/5553"}],"up":[{"embeddable":true,"href":"https:\/\/portal.unisepe.com.br\/asmec\/wp-json\/wp\/v2\/pages\/4468"}],"wp:attachment":[{"href":"https:\/\/portal.unisepe.com.br\/asmec\/wp-json\/wp\/v2\/media?parent=3802"}],"wp:term":[{"taxonomy":"category","embeddable":true,"href":"https:\/\/portal.unisepe.com.br\/asmec\/wp-json\/wp\/v2\/categories?post=3802"},{"taxonomy":"post_tag","embeddable":true,"href":"https:\/\/portal.unisepe.com.br\/asmec\/wp-json\/wp\/v2\/tags?post=3802"}],"curies":[{"name":"wp","href":"https:\/\/api.w.org\/{rel}","templated":true}]}}