{"id":3833,"date":"2022-05-27T20:17:19","date_gmt":"2022-05-27T23:17:19","guid":{"rendered":"https:\/\/portal.unisepe.com.br\/asmec\/?page_id=3833"},"modified":"2023-05-12T22:46:54","modified_gmt":"2023-05-13T01:46:54","slug":"inicio","status":"publish","type":"page","link":"https:\/\/portal.unisepe.com.br\/asmec\/biblioteca\/inicio\/","title":{"rendered":"Acervo"},"content":{"rendered":"<p style=\"text-align: justify\"><strong><img loading=\"lazy\" decoding=\"async\" class=\"wp-image-2643 alignleft\" src=\"http:\/\/portal.unisepe.com.br\/asmec\/wp-content\/uploads\/sites\/10006\/2018\/07\/library_86218-300x300.png\" alt=\"\" width=\"98\" height=\"98\" srcset=\"https:\/\/portal.unisepe.com.br\/asmec\/wp-content\/uploads\/sites\/10006\/2018\/07\/library_86218-300x300.png 300w, https:\/\/portal.unisepe.com.br\/asmec\/wp-content\/uploads\/sites\/10006\/2018\/07\/library_86218-150x150.png 150w, https:\/\/portal.unisepe.com.br\/asmec\/wp-content\/uploads\/sites\/10006\/2018\/07\/library_86218-225x225.png 225w, https:\/\/portal.unisepe.com.br\/asmec\/wp-content\/uploads\/sites\/10006\/2018\/07\/library_86218.png 512w\" sizes=\"auto, (max-width: 98px) 100vw, 98px\" \/><\/strong><strong>Acervo<\/strong><\/p>\n<p>Discrimina-se no quadro abaixo o acervo da biblioteca por \u00e1rea de conhecimento, tomando como base uma classifica\u00e7\u00e3o Decimal de Dewey \u2013 CDD<\/p>\n<p><strong>\u00a0<\/strong><\/p>\n<table width=\"0\">\n<tbody>\n<tr>\n<td colspan=\"3\" width=\"335\" style=\"text-align: center\"><strong>Acervo &#8211; Biblioteca Ouro Fino<\/strong><\/td>\n<\/tr>\n<tr>\n<td rowspan=\"2\" width=\"191\" style=\"text-align: center\"><strong>\u00c1rea do Conhecimento<\/strong><\/td>\n<td colspan=\"2\" width=\"144\" style=\"text-align: center\"><strong>Quantidade<\/strong><\/td>\n<\/tr>\n<tr>\n<td width=\"54\" style=\"text-align: center\"><strong>T\u00edtulos<\/strong><\/td>\n<td width=\"90\" style=\"text-align: center\"><strong>Exemplares<\/strong><\/td>\n<\/tr>\n<tr>\n<td width=\"191\" style=\"text-align: center\">Ci\u00eancias Exatas e da Terra<\/td>\n<td width=\"54\" style=\"text-align: center\">633<\/td>\n<td width=\"90\" style=\"text-align: center\">2040<\/td>\n<\/tr>\n<tr>\n<td width=\"191\" style=\"text-align: center\">Ci\u00eancias Biol\u00f3gicas<\/td>\n<td width=\"54\" style=\"text-align: center\">229<\/td>\n<td width=\"90\" style=\"text-align: center\">897<\/td>\n<\/tr>\n<tr>\n<td width=\"191\" style=\"text-align: center\">Engenharias<\/td>\n<td width=\"54\" style=\"text-align: center\">43<\/td>\n<td width=\"90\" style=\"text-align: center\">178<\/td>\n<\/tr>\n<tr>\n<td width=\"191\" style=\"text-align: center\">Ci\u00eancias da Sa\u00fade<\/td>\n<td width=\"54\" style=\"text-align: center\">838<\/td>\n<td width=\"90\" style=\"text-align: center\">2402<\/td>\n<\/tr>\n<tr>\n<td width=\"191\" style=\"text-align: center\">Ci\u00eancias Agr\u00e1rias<\/td>\n<td width=\"54\" style=\"text-align: center\">107<\/td>\n<td width=\"90\" style=\"text-align: center\">380<\/td>\n<\/tr>\n<tr>\n<td width=\"191\" style=\"text-align: center\">Ci\u00eancias Sociais Aplicadas<\/td>\n<td width=\"54\" style=\"text-align: center\">1585<\/td>\n<td width=\"90\" style=\"text-align: center\">3676<\/td>\n<\/tr>\n<tr>\n<td width=\"191\" style=\"text-align: center\">Ci\u00eancias Humanas<\/td>\n<td width=\"54\" style=\"text-align: center\">1346<\/td>\n<td width=\"90\" style=\"text-align: center\">3757<\/td>\n<\/tr>\n<tr>\n<td width=\"191\" style=\"text-align: center\">Ling\u00fc\u00edstica, Letras e Artes<\/td>\n<td width=\"54\" style=\"text-align: center\">704<\/td>\n<td width=\"90\" style=\"text-align: center\">1727<\/td>\n<\/tr>\n<tr>\n<td width=\"191\" style=\"text-align: center\"><strong>TOTAL DO ACERVO<\/strong><\/td>\n<td width=\"54\" style=\"text-align: center\"><strong>5485<\/strong><\/td>\n<td width=\"90\" style=\"text-align: center\"><strong>15057<\/strong><\/td>\n<\/tr>\n<\/tbody>\n<\/table>\n<p>&nbsp;<\/p>\n","protected":false},"excerpt":{"rendered":"<p>Acervo Discrimina-se no quadro abaixo o acervo da biblioteca por \u00e1rea de conhecimento, tomando como base uma classifica\u00e7\u00e3o Decimal de Dewey \u2013 CDD \u00a0 Acervo &#8211; Biblioteca Ouro Fino \u00c1rea do Conhecimento Quantidade T\u00edtulos Exemplares Ci\u00eancias Exatas e da Terra 633 2040 Ci\u00eancias Biol\u00f3gicas 229 897 Engenharias 43 178 Ci\u00eancias<\/p>\n","protected":false},"author":5,"featured_media":0,"parent":285,"menu_order":0,"comment_status":"closed","ping_status":"closed","template":"templates\/template-pagina_menu_vertical.php","meta":{"footnotes":""},"categories":[],"tags":[],"class_list":["post-3833","page","type-page","status-publish","hentry"],"_links":{"self":[{"href":"https:\/\/portal.unisepe.com.br\/asmec\/wp-json\/wp\/v2\/pages\/3833","targetHints":{"allow":["GET"]}}],"collection":[{"href":"https:\/\/portal.unisepe.com.br\/asmec\/wp-json\/wp\/v2\/pages"}],"about":[{"href":"https:\/\/portal.unisepe.com.br\/asmec\/wp-json\/wp\/v2\/types\/page"}],"author":[{"embeddable":true,"href":"https:\/\/portal.unisepe.com.br\/asmec\/wp-json\/wp\/v2\/users\/5"}],"replies":[{"embeddable":true,"href":"https:\/\/portal.unisepe.com.br\/asmec\/wp-json\/wp\/v2\/comments?post=3833"}],"version-history":[{"count":7,"href":"https:\/\/portal.unisepe.com.br\/asmec\/wp-json\/wp\/v2\/pages\/3833\/revisions"}],"predecessor-version":[{"id":4297,"href":"https:\/\/portal.unisepe.com.br\/asmec\/wp-json\/wp\/v2\/pages\/3833\/revisions\/4297"}],"up":[{"embeddable":true,"href":"https:\/\/portal.unisepe.com.br\/asmec\/wp-json\/wp\/v2\/pages\/285"}],"wp:attachment":[{"href":"https:\/\/portal.unisepe.com.br\/asmec\/wp-json\/wp\/v2\/media?parent=3833"}],"wp:term":[{"taxonomy":"category","embeddable":true,"href":"https:\/\/portal.unisepe.com.br\/asmec\/wp-json\/wp\/v2\/categories?post=3833"},{"taxonomy":"post_tag","embeddable":true,"href":"https:\/\/portal.unisepe.com.br\/asmec\/wp-json\/wp\/v2\/tags?post=3833"}],"curies":[{"name":"wp","href":"https:\/\/api.w.org\/{rel}","templated":true}]}}