{"id":3857,"date":"2022-05-27T21:47:17","date_gmt":"2022-05-28T00:47:17","guid":{"rendered":"https:\/\/portal.unisepe.com.br\/asmec\/?page_id=3857"},"modified":"2024-12-05T21:58:39","modified_gmt":"2024-12-06T00:58:39","slug":"repositorio","status":"publish","type":"page","link":"https:\/\/portal.unisepe.com.br\/asmec\/biblioteca\/repositorio\/","title":{"rendered":"Reposit\u00f3rio"},"content":{"rendered":"<p><strong><span style=\"font-size: 10.0pt;font-family: 'Verdana',sans-serif\">REPOSIT\u00d3RIO INSTITUCIONAL DA FACULDADES ASMEC<\/span><\/strong><span style=\"font-size: 10.0pt;font-family: 'Verdana',sans-serif\"><\/span><\/p>\n<p><span style=\"font-size: 10.0pt;font-family: 'Verdana',sans-serif\">\u00a0O Reposit\u00f3rio Institucional (RI) da Faculdades ASMEC tem como miss\u00e3o: armazenar, preservar, divulgar e oferecer acesso \u00e0 produ\u00e7\u00e3o cient\u00edfica e institucional da ASMEC tem por objetivo disseminar e possibilitar o acesso aberto, \u00e0 produ\u00e7\u00e3o cient\u00edfica, acad\u00eamica, art\u00edstica, t\u00e9cnica e administrativa da Faculdade.<\/span><\/p>\n<p><span style=\"font-size: 10.0pt;font-family: 'Verdana',sans-serif\">\u00c9 um conjunto de servi\u00e7os oferecidos pela Biblioteca da Faculdades ASMEC para a gest\u00e3o e dissemina\u00e7\u00e3o da produ\u00e7\u00e3o cient\u00edfica da Faculdades ASMEC, em conjunto com a coordena\u00e7\u00e3o do curso e o Setor de Tecnologia da Informa\u00e7\u00e3o que fica disponibilizada na p\u00e1gina da Biblioteca no site da Faculdades ASMEC.<\/span><\/p>\n<hr \/>\n<p>&nbsp;<\/p>\n<p><a href=\"https:\/\/portal.unisepe.com.br\/asmec\/biblioteca\/repositorio\/repositorio-de-direito\/\">Reposit\u00f3rio de Direito<\/a><\/p>\n<p><a href=\"https:\/\/portal.unisepe.com.br\/asmec\/biblioteca\/repositorio\/repositorio-de-enfermagem\/\">Reposit\u00f3rio de Enfermagem<\/a><\/p>\n<p><a href=\"https:\/\/portal.unisepe.com.br\/asmec\/biblioteca\/repositorio\/repositorio-de-psicologia\/\">Reposit\u00f3rio de Psicologia<\/a><\/p>\n","protected":false},"excerpt":{"rendered":"<p>REPOSIT\u00d3RIO INSTITUCIONAL DA FACULDADES ASMEC \u00a0O Reposit\u00f3rio Institucional (RI) da Faculdades ASMEC tem como miss\u00e3o: armazenar, preservar, divulgar e oferecer acesso \u00e0 produ\u00e7\u00e3o cient\u00edfica e institucional da ASMEC tem por objetivo disseminar e possibilitar o acesso aberto, \u00e0 produ\u00e7\u00e3o cient\u00edfica, acad\u00eamica, art\u00edstica, t\u00e9cnica e administrativa da Faculdade. \u00c9 um conjunto<\/p>\n","protected":false},"author":5,"featured_media":0,"parent":285,"menu_order":0,"comment_status":"closed","ping_status":"closed","template":"templates\/template-pagina_menu_vertical.php","meta":{"footnotes":""},"categories":[],"tags":[],"class_list":["post-3857","page","type-page","status-publish","hentry"],"_links":{"self":[{"href":"https:\/\/portal.unisepe.com.br\/asmec\/wp-json\/wp\/v2\/pages\/3857","targetHints":{"allow":["GET"]}}],"collection":[{"href":"https:\/\/portal.unisepe.com.br\/asmec\/wp-json\/wp\/v2\/pages"}],"about":[{"href":"https:\/\/portal.unisepe.com.br\/asmec\/wp-json\/wp\/v2\/types\/page"}],"author":[{"embeddable":true,"href":"https:\/\/portal.unisepe.com.br\/asmec\/wp-json\/wp\/v2\/users\/5"}],"replies":[{"embeddable":true,"href":"https:\/\/portal.unisepe.com.br\/asmec\/wp-json\/wp\/v2\/comments?post=3857"}],"version-history":[{"count":11,"href":"https:\/\/portal.unisepe.com.br\/asmec\/wp-json\/wp\/v2\/pages\/3857\/revisions"}],"predecessor-version":[{"id":4929,"href":"https:\/\/portal.unisepe.com.br\/asmec\/wp-json\/wp\/v2\/pages\/3857\/revisions\/4929"}],"up":[{"embeddable":true,"href":"https:\/\/portal.unisepe.com.br\/asmec\/wp-json\/wp\/v2\/pages\/285"}],"wp:attachment":[{"href":"https:\/\/portal.unisepe.com.br\/asmec\/wp-json\/wp\/v2\/media?parent=3857"}],"wp:term":[{"taxonomy":"category","embeddable":true,"href":"https:\/\/portal.unisepe.com.br\/asmec\/wp-json\/wp\/v2\/categories?post=3857"},{"taxonomy":"post_tag","embeddable":true,"href":"https:\/\/portal.unisepe.com.br\/asmec\/wp-json\/wp\/v2\/tags?post=3857"}],"curies":[{"name":"wp","href":"https:\/\/api.w.org\/{rel}","templated":true}]}}