{"id":3866,"date":"2022-05-30T18:37:05","date_gmt":"2022-05-30T21:37:05","guid":{"rendered":"https:\/\/portal.unisepe.com.br\/asmec\/?page_id=3866"},"modified":"2025-12-11T19:59:09","modified_gmt":"2025-12-11T22:59:09","slug":"repositorio-de-enfermagem","status":"publish","type":"page","link":"https:\/\/portal.unisepe.com.br\/asmec\/biblioteca\/repositorio\/repositorio-de-enfermagem\/","title":{"rendered":"Reposit\u00f3rio de Enfermagem"},"content":{"rendered":"<p><strong>2025<\/strong><\/p>\n<hr \/>\n<ul>\n<li><a href=\"https:\/\/portal.unisepe.com.br\/asmec\/wp-content\/uploads\/sites\/10006\/2025\/12\/ANALISE-DA-LIDERANCA-DE-ENFERMAGEM-JUNTO-AOS-AGENTES.pdf\">An\u00e1lise da lideran\u00e7a de enfermagem junto aos agentes comunit\u00e1rios de sa\u00fade &#8211; Lara Silva Gon\u00e7alves<\/a><\/li>\n<li><a href=\"https:\/\/portal.unisepe.com.br\/asmec\/wp-content\/uploads\/sites\/10006\/2025\/12\/ASSISTENCIA-DE-ENFERMAGEM-NOS-CUIDADOS-PALIATIVOS-E-PROCESSO-ATIVO-DE-MORTE.pdf\">Assist\u00eancia de enfermagem nos cuidados paliativos e processo ativo de morte &#8211; Amanda Farnetani, Deisieli de Paula, Diogo de Brito Alvarenga<\/a><\/li>\n<li><a href=\"https:\/\/portal.unisepe.com.br\/asmec\/wp-content\/uploads\/sites\/10006\/2025\/12\/Avaliac\u0327a\u0303o-do-Conhecimento-do-Enfermeiro-no-Cuidado-ao-Paciente-Submetido-a-Intubacao-OroTraqueal1.pdf\">Avalia\u00e7\u00e3o do conhecimento do enfermeiro no cuidado ao paciente submetido a intuba\u00e7\u00e3o orotraqueal (iot) &#8211; Maria Eduarda Silva Santos, Wender Leonardo Silva Prado<\/a><\/li>\n<li><a href=\"https:\/\/portal.unisepe.com.br\/asmec\/wp-content\/uploads\/sites\/10006\/2025\/12\/O-PAPEL-DO-ENFERMEIRO-NA-ASSISTENCIA-AO-PRE-NATAL.pdf\">O papel do enfermeiro na assist\u00eancia ao pr\u00e9-natal &#8211; Paula Fernanda Moreira, Polliana Maria de Mira<\/a><\/li>\n<li><a href=\"https:\/\/portal.unisepe.com.br\/asmec\/wp-content\/uploads\/sites\/10006\/2025\/12\/O-PAPEL-DO-ENFERMEIRO-NA-EDUCACAO-EM-SAUDE-EM.pdf\">O papel do enfermeiro na educa\u00e7\u00e3o em sa\u00fade em pacientes diabeticos &#8211; Let\u00edcia Pereira das Flores, Regiane Aparecida Soares<\/a><\/li>\n<li><a href=\"https:\/\/portal.unisepe.com.br\/asmec\/wp-content\/uploads\/sites\/10006\/2025\/12\/PREVALENCIA-DE-PACIENTES-SUBMETIDOS-A-INTUBACAO.pdf\">Preval\u00eancia de pacientes submetidos \u00e0 intuba\u00e7\u00e3o orotraqueal (iot) fatores associados e desfechos cl\u00ednicos &#8211; Jesiane Fortunato Eugenio<\/a><\/li>\n<li><a href=\"https:\/\/portal.unisepe.com.br\/asmec\/wp-content\/uploads\/sites\/10006\/2025\/12\/SEGURANC\u0327A-DO-PACIENTE-O-PAPEL-DO-ENFERMEIRO-NAS-METAS-INTERNACIONAIS.pdf\">Seguran\u00e7a do paciente: o papel do enfermeiro nas metas internacionais &#8211; Narriane Mara de Souza Cano, Cintia da Silva Costa, Fernanda Cassiano de Oliveira<\/a><\/li>\n<\/ul>\n<p>&nbsp;<\/p>\n<p><strong>2024<\/strong><\/p>\n<hr \/>\n<ul>\n<li><a href=\"https:\/\/portal.unisepe.com.br\/asmec\/wp-content\/uploads\/sites\/10006\/2025\/01\/TCC-Assistencia-de-Enfermagem-Populacao-LGBTQIA-Allan-e-Emerson.pdf\">Assist\u00eancia de enfermagem popula\u00e7\u00e3o LGBTQIA+ &#8211; Allan Henrique Barbosa, Emerson Rom\u00e1rio Pereira e D\u00e9bora da Silva Brand\u00e3o Santos<\/a><\/li>\n<li><a href=\"https:\/\/portal.unisepe.com.br\/asmec\/wp-content\/uploads\/sites\/10006\/2025\/12\/AUTONOMIA-DO-ENFERMEIRO-NA-SAUDE-PUBLICA-Ana-Flavia-Goria-e-Vanderleia-Pricila-de-Oliveira-Alves.pdf\">Autonomia do enfermeiro na sa\u00fade p\u00fablica &#8211; Ana Fl\u00e1via G\u00f3ria e Vanderleia Priscila de Oliveira Alves<\/a><\/li>\n<li><a href=\"https:\/\/portal.unisepe.com.br\/asmec\/wp-content\/uploads\/sites\/10006\/2025\/12\/AS-DIFICULDADES-QUE-AS-PUERPERAS-ENCONTRAM-PARA-AMAMENTAR-ERLEYDE-DA-SILVA-SANTOS-e-TATIANA-APRESIDIO-DE-MIRA-MOREIRA.pdf\">As dificuldades que as pu\u00e9rperas encontram para amamentar &#8211; Erleyde da Silva Santos e Tatiana Apresidio de Mira Moreira<\/a><\/li>\n<li><a href=\"https:\/\/portal.unisepe.com.br\/asmec\/wp-content\/uploads\/sites\/10006\/2025\/12\/AUTISMO-CONHECIMENTO-DA-EQUIPE-DE-ENFERMAGEM-E-DA-EDUCACAO-ANA-LUIZA-MURRONI-DO-CARMO-e-MAYSA-GABRIELLY-DALLO.pdf\">Autismo conhecimento da equipe de enfermagem e da educa\u00e7\u00e3o &#8211; Ana Luiza Murroni Do Carmo e Maysa Gabrielly Dall\u00f3<\/a><\/li>\n<li><a href=\"https:\/\/portal.unisepe.com.br\/asmec\/wp-content\/uploads\/sites\/10006\/2025\/12\/AVALIACAO-DO-CONHECIMENTO-E-PRATICA-DA-EQUIPE-DE-ENFERMAGEM-SOBRE-O-CARTAO-VACINAL-BRENDA-DESIRRE-JOYCE-SOUSA-DE-OLIVEIRA-e-MARIA-EDUARDA-MARQUES-DELATESTA.pdf\">Avalia\u00e7\u00e3o do conhecimento e pr\u00e1tica da equipe de enfermagem sobre o cart\u00e3o vacinal &#8211; Brenda Desirr\u00ea, Joyce Sousa de Oliveira e Maria Eduarda Marques Delatesta<\/a><\/li>\n<li><a href=\"https:\/\/portal.unisepe.com.br\/asmec\/wp-content\/uploads\/sites\/10006\/2025\/12\/RISCO-DE-DESENVOLVIMENTO-DA-SINDROME-DE-BURNOUT-NOS-PROFISSIONAIS-DE-ENFERMAGEM-HENRIQUE-MARQUES-CAPUCHINHO-STEPHANY-CAMPOS-DE-SOUZA-e-WESLEY-EDUARDO-DE-MOURA.pdf\">Risco de desenvolvimento da s\u00edndrome de burnout nos profissionais de enfermagem &#8211; Henrique Marques Capuchinho, Stephany Campos de Souza e Wesley Eduardo de Moura<\/a><\/li>\n<\/ul>\n<p><a href=\"https:\/\/portal.unisepe.com.br\/asmec\/wp-content\/uploads\/sites\/10006\/2025\/12\/AVALIACAO-DO-CONHECIMENTO-E-PRATICA-DA-EQUIPE-DE-ENFERMAGEM-SOBRE-O-CARTAO-VACINAL-BRENDA-DESIRRE-JOYCE-SOUSA-DE-OLIVEIRA-e-MARIA-EDUARDA-MARQUES-DELATESTA.pdf\"><\/a><\/p>\n<p>&nbsp;<\/p>\n<p><strong>2022<\/strong><\/p>\n<hr \/>\n<ul>\n<li><a href=\"https:\/\/portal.unisepe.com.br\/asmec\/wp-content\/uploads\/sites\/10006\/2023\/05\/TCC_-Ana-Fl\u00e1via-e-Rita-de-C\u00e1ssia.pdf\">Avaliar o n\u00edvel de ansiedade e a identifica\u00e7\u00e3o de uso de psicotr\u00f3picos pela equipe de enfermagem da Santa Casa de Ouro Fino &#8211; MG &#8211; Ana Fl\u00e1via Maximiano dos Santos e Rita de C\u00e1ssia Martins Rodrigues<\/a><\/li>\n<li><a href=\"https:\/\/portal.unisepe.com.br\/asmec\/wp-content\/uploads\/sites\/10006\/2023\/05\/TCC_-Luisa-e-Mauric\u00e9ia.pdf\">Avalia\u00e7\u00e3o do conhecimento dos enfermeiros sobre sistematiza\u00e7\u00e3o da assist\u00eancia de enfermagem &#8211; Luisa de Souza Paradelo e Mauric\u00e9ia Silva de Alvarenga<\/a><\/li>\n<li><a href=\"https:\/\/portal.unisepe.com.br\/asmec\/wp-content\/uploads\/sites\/10006\/2023\/05\/TCC_Alanda-Aline-e-Lidiane.pdf\">Conhecimento dos familiares sobre cuidados paliativos &#8211; Alanda Aparecida dos Santos, Aline da Silva dos Reis e Lidiane da Silva dos Reis<\/a><\/li>\n<li><a href=\"https:\/\/portal.unisepe.com.br\/asmec\/wp-content\/uploads\/sites\/10006\/2023\/05\/TCC_Aline-Larissa-e-Priscila.pdf\">O papel da enfermagem na preven\u00e7\u00e3o do c\u00e2ncer de colo de \u00fatero &#8211; Aline de Souza Faria, Larissa Aymee do Bem Dias e Priscila Cantuaria C\u00e9sar<\/a><\/li>\n<li><a href=\"https:\/\/portal.unisepe.com.br\/asmec\/wp-content\/uploads\/sites\/10006\/2023\/05\/TCC_Erica-Paola-e-Amanda.pdf\">Avalia\u00e7\u00e3o de conhecimento dos profissionais de enfermagem sobre medidas preventivas para les\u00f5es por press\u00e3o &#8211; Amanda Bomfim Rocha, \u00c9rica Crepaldi Gabriel e Paola Carolina do Couto<\/a><\/li>\n<li><a href=\"https:\/\/portal.unisepe.com.br\/asmec\/wp-content\/uploads\/sites\/10006\/2023\/05\/TCC_Helen-e-Heleonaia.pdf\">Conhecimento dos profissionais de enfermagem sobre a preven\u00e7\u00e3o e controle da infec\u00e7\u00e3o hospitalar &#8211; H\u00e9len Aparecida Santiago e Heloenaia Roberta Mariano<\/a><\/li>\n<li><a href=\"https:\/\/portal.unisepe.com.br\/asmec\/wp-content\/uploads\/sites\/10006\/2023\/05\/TCC_Larissa-e-Beatriz.pdf\">O impacto emocional da fam\u00edlia perante a doen\u00e7a de Alzheimer &#8211; Beatriz Caroline da Rosa e Larissa Helena da Silva<\/a><\/li>\n<li><a href=\"https:\/\/portal.unisepe.com.br\/asmec\/wp-content\/uploads\/sites\/10006\/2023\/05\/TCC_Maria-Leusiane-e-Vivia-Kiss.pdf\">Avalia\u00e7\u00e3o de acidentes com perfurocortantes pelos profissionais de enfermagem durante a pandemia de COVID &#8211; 19 &#8211; Maria Leusiane Pereira de Souza e Vivian Kis<\/a><\/li>\n<li><a href=\"https:\/\/portal.unisepe.com.br\/asmec\/wp-content\/uploads\/sites\/10006\/2023\/05\/TCC_Mirian-e-Selma.pdf\">O papel do enfermeiro em casos de viol\u00eancia dom\u00e9stica contra a mulher na unidade b\u00e1sica de sa\u00fade &#8211; Mirian Rosano Novaes da Silva e Selma Pereira<\/a><\/li>\n<\/ul>\n<p>&nbsp;<\/p>\n<p><strong>2021<\/strong><\/p>\n<hr \/>\n<ul>\n<li><a href=\"https:\/\/portal.unisepe.com.br\/asmec\/wp-content\/uploads\/sites\/10006\/2022\/06\/A\u00c7\u00c3O-DA-ENFERMAGEM-NA-TRANSFER\u00caNCIA-DO-PACIENTE-PR\u00c9-PARA-INTRA-HOSPITALAR.pdf\">A\u00e7\u00e3o da enfermagem na transfer\u00eancia do paciente do pr\u00e9-hospitalar para o intra-hospitalar &#8211; Julia Gabriela Da Silva, Daniel Da Costa e Ata\u00edza An\u00e1lia Rodrigues<\/a><\/li>\n<li><a href=\"https:\/\/portal.unisepe.com.br\/asmec\/wp-content\/uploads\/sites\/10006\/2022\/06\/AVALIA\u00c7\u00c3O-DO-RISCO-DE-SUIC\u00cdDIO-E-MEDIDAS-PREVENTIVAS-NO-MUNIC\u00cdPIO-DE.pdf\">Avalia\u00e7\u00e3o do risco de suic\u00eddio e medidas preventivas no munic\u00edpio de Bueno Brand\u00e3o &#8211; MG &#8211; Adriana De F\u00e1tima De Souza, Bianca Aparecida De Oliveira Alves e Larissa Lopes Correia<\/a><\/li>\n<li><a href=\"https:\/\/portal.unisepe.com.br\/asmec\/wp-content\/uploads\/sites\/10006\/2022\/06\/FATORES-QUE-PODEM-INFLUENCIAR-A-FREQU\u00caNCIA-DA-ADES\u00c3O-AO-EXAME-DE.pdf\">Fatores que podem influenciar a frequ\u00eancia da ades\u00e3o ao exame de mamografia em mulheres idosas &#8211; Flavia Caroline Lucena Martelli, Rafaela M\u00f4nica Da Silva e Tha\u00edse Vit\u00f3ria Pereira De Siqueira<\/a><\/li>\n<li><a href=\"https:\/\/portal.unisepe.com.br\/asmec\/wp-content\/uploads\/sites\/10006\/2022\/06\/PERCEP\u00c7\u00c3O-DE-PACIENTES-ACAD\u00caMICOS-DE-ENFERMAGEM-E.pdf\">Percep\u00e7\u00e3o de pacientes, acad\u00eamicos de enfermagem e profissionais da \u00e1rea da sa\u00fade sobre o descarte de medicamentos na cidade de Ouro Fino &#8211; MG &#8211; Daiane De F\u00e1tima Rocha, Raquel Guerra Putini e Vanessa Barbosa Dos Santos<\/a><\/li>\n<li><a href=\"https:\/\/portal.unisepe.com.br\/asmec\/wp-content\/uploads\/sites\/10006\/2022\/06\/QUALIDADE-DE-VIDA-DE-MULHERES-V\u00cdTIMAS-DE-VIOL\u00caNCIA.pdf\">Qualidade de vida de mulheres v\u00edtimas de viol\u00eancia dom\u00e9stica nos \u00faltimos 10 anos no munic\u00edpio de Borda Da Mata \u2013 MG &#8211; Ingred Maiara Santos Monteiro, Marcelo Henrique Da Silva e Rafaella Andrade Vilas Boas<\/a><\/li>\n<li><a href=\"https:\/\/portal.unisepe.com.br\/asmec\/wp-content\/uploads\/sites\/10006\/2022\/06\/QUALIDADE-DE-VIDA-SEXUAL-DOS-IDOSOS-NA-FAIXA-ET\u00c1RIA-ENTRE.pdf\">Qualidade de vida sexual dos idosos na faixa et\u00e1ria entre 60 \u00e0 70 anos do munic\u00edpio de Ouro Fino &#8211; Mg &#8211; Lu\u00eds Paulo de Lima Pereira e Renan Santos de Andrade<\/a><\/li>\n<li><a href=\"https:\/\/portal.unisepe.com.br\/asmec\/wp-content\/uploads\/sites\/10006\/2022\/06\/TCC-HIGIENIZA\u00c7\u00c3O-DAS-M\u00c3OS.pdf\">Conhecimento dos profissionais de sa\u00fade sobre a higieniza\u00e7\u00e3o das m\u00e3os &#8211; Elisa Rafaela de Oliveira e Paloma Tais de Alvarenga<\/a><\/li>\n<li><a href=\"https:\/\/portal.unisepe.com.br\/asmec\/wp-content\/uploads\/sites\/10006\/2022\/06\/USO-DE-M\u00c1SCARAS-DE-TECIDO-EM-TEMPO-DE-PANDEMIA.pdf\">Uso de m\u00e1scaras de tecido em tempo de pandemia &#8211; Ana Carolina Cogo e Carolina Santar\u00e9m e Silva<\/a><\/li>\n<\/ul>\n","protected":false},"excerpt":{"rendered":"<p>2025 An\u00e1lise da lideran\u00e7a de enfermagem junto aos agentes comunit\u00e1rios de sa\u00fade &#8211; Lara Silva Gon\u00e7alves Assist\u00eancia de enfermagem nos cuidados paliativos e processo ativo de morte &#8211; Amanda Farnetani, Deisieli de Paula, Diogo de Brito Alvarenga Avalia\u00e7\u00e3o do conhecimento do enfermeiro no cuidado ao paciente submetido a intuba\u00e7\u00e3o orotraqueal<\/p>\n","protected":false},"author":5,"featured_media":0,"parent":3857,"menu_order":0,"comment_status":"closed","ping_status":"closed","template":"templates\/template-pagina_menu_vertical.php","meta":{"footnotes":""},"categories":[],"tags":[],"class_list":["post-3866","page","type-page","status-publish","hentry"],"_links":{"self":[{"href":"https:\/\/portal.unisepe.com.br\/asmec\/wp-json\/wp\/v2\/pages\/3866","targetHints":{"allow":["GET"]}}],"collection":[{"href":"https:\/\/portal.unisepe.com.br\/asmec\/wp-json\/wp\/v2\/pages"}],"about":[{"href":"https:\/\/portal.unisepe.com.br\/asmec\/wp-json\/wp\/v2\/types\/page"}],"author":[{"embeddable":true,"href":"https:\/\/portal.unisepe.com.br\/asmec\/wp-json\/wp\/v2\/users\/5"}],"replies":[{"embeddable":true,"href":"https:\/\/portal.unisepe.com.br\/asmec\/wp-json\/wp\/v2\/comments?post=3866"}],"version-history":[{"count":8,"href":"https:\/\/portal.unisepe.com.br\/asmec\/wp-json\/wp\/v2\/pages\/3866\/revisions"}],"predecessor-version":[{"id":5471,"href":"https:\/\/portal.unisepe.com.br\/asmec\/wp-json\/wp\/v2\/pages\/3866\/revisions\/5471"}],"up":[{"embeddable":true,"href":"https:\/\/portal.unisepe.com.br\/asmec\/wp-json\/wp\/v2\/pages\/3857"}],"wp:attachment":[{"href":"https:\/\/portal.unisepe.com.br\/asmec\/wp-json\/wp\/v2\/media?parent=3866"}],"wp:term":[{"taxonomy":"category","embeddable":true,"href":"https:\/\/portal.unisepe.com.br\/asmec\/wp-json\/wp\/v2\/categories?post=3866"},{"taxonomy":"post_tag","embeddable":true,"href":"https:\/\/portal.unisepe.com.br\/asmec\/wp-json\/wp\/v2\/tags?post=3866"}],"curies":[{"name":"wp","href":"https:\/\/api.w.org\/{rel}","templated":true}]}}