{"id":3884,"date":"2022-06-06T20:14:34","date_gmt":"2022-06-06T23:14:34","guid":{"rendered":"https:\/\/portal.unisepe.com.br\/asmec\/?page_id=3884"},"modified":"2025-12-08T20:39:46","modified_gmt":"2025-12-08T23:39:46","slug":"repositorio-de-psicologia","status":"publish","type":"page","link":"https:\/\/portal.unisepe.com.br\/asmec\/biblioteca\/repositorio\/repositorio-de-psicologia\/","title":{"rendered":"Reposit\u00f3rio de Psicologia"},"content":{"rendered":"<p><strong>2025<\/strong><\/p>\n<hr \/>\n<ul>\n<li><a href=\"https:\/\/portal.unisepe.com.br\/asmec\/wp-content\/uploads\/sites\/10006\/2025\/12\/A-ESPIRITUALIDADE-NA-PSICOTERAPIA-UMA-PERSPECTIVA-LOGOTERAPEUTICA-LUANA-PATRICIO-CONTINI-MACAUBAS.pdf\">A Espiritualidade na Psicoterapia: uma perspectiva Logoterapeutica, &#8220;Ansiedade Pr\u00e9-Cir\u00fargica: Estrat\u00e9gias Psicol\u00f3gicas para o bem-estar do paciente&#8221; &#8211; Luana Patr\u00edcio Contini Maca\u00fabas<\/a><\/li>\n<li><a href=\"https:\/\/portal.unisepe.com.br\/asmec\/wp-content\/uploads\/sites\/10006\/2025\/12\/ALUNO-PROBLEMA-OU-CRIANCA-EM-DESENVOLVIMENTO-MEDICALIZACAO-INFANTIL-NO-CONTEXTO-ESCOLAR-MARIANGELA-LOPES-DA-CONCEICAO.pdf\">Aluno Problema ou Crian\u00e7a em Desenvolvimento? A medicaliza\u00e7\u00e3o infantil no contexto escolar &#8211; Mari\u00e2ngela Lopes da Concei\u00e7\u00e3o<\/a><\/li>\n<li><a href=\"https:\/\/portal.unisepe.com.br\/asmec\/wp-content\/uploads\/sites\/10006\/2025\/12\/ANSIEDADE-PRE-CIRURGICA-ESTRATEGIAS-PSICOLOGICAS-PARA-O-BEM-ESTAR-DO-PACIENTE-JULIANA-GOMES-E-ELISANGELA-CRISTIANE-DE-ABREU.pdf\">Ansiedade pr\u00e9-cir\u00fargica: estrat\u00e9gias psicol\u00f3gicas para o bem-estar do paciente &#8211; Juliana Gomes e Elisangela Cristiane de Abreu<\/a><\/li>\n<li><a href=\"https:\/\/portal.unisepe.com.br\/asmec\/wp-content\/uploads\/sites\/10006\/2025\/12\/ENTRE-SINAPISES-E-TELAS-A-INFLUENCIA-DA-ERA-DIGITAL-NO-DESENVOLVIMENTO-INFANTIL-VICTORIA-PAULINO.pdf\">Entre Sinapses e Telas: A Influ\u00eancia da Era Digital no Desenvolvimento Infantil &#8211; Vict\u00f3ria Paulino<\/a><\/li>\n<li><a href=\"https:\/\/portal.unisepe.com.br\/asmec\/wp-content\/uploads\/sites\/10006\/2025\/12\/PRE-NATAL-PSICOLOGICO-COMO-INSTRUMENTO-DE-APOIO-NA-SAUDE-LEILA-FRENANDA-F.-GUEDES-STECCA-E-VICTORIA-MILENE-CLARO-ANDRADE.pdf\">Pr\u00e9-Natal Psicol\u00f3gico Como Instrumento de Apoio na Sa\u00fade Mental Materna &#8211; Leila Fernada F. Guedes Stecca e Vict\u00f3ria Milene Claro Andrade<\/a><\/li>\n<li><a href=\"https:\/\/portal.unisepe.com.br\/asmec\/wp-content\/uploads\/sites\/10006\/2025\/12\/RELACAO-ENTRE-O-USO-DE-CANNABIS-E-A-ANSIEDADE-EM-JOVENS-UNIVERSITARIOS-UMA-REVISAO-DE-LITERATURA-GABRIELY-REGINA-CAMPOS-DE-FARIA-E-PAULA-BEATRIZ-DA-SILVA.pdf\">Rela\u00e7\u00e3o entre o uso de Cannabis e a ansiedade em jovens Universit\u00e1rios: uma revis\u00e3o da literatura &#8211; Gabriely Regina Campos de Faria e Paula Beatriz da Silva<\/a><\/li>\n<\/ul>\n<p>&nbsp;<\/p>\n<p><strong>2022<\/strong><\/p>\n<hr \/>\n<ul>\n<li><a href=\"https:\/\/portal.unisepe.com.br\/asmec\/wp-content\/uploads\/sites\/10006\/2023\/05\/TCC-Kiko.pdf\">Religi\u00e3o e sentimento de culpa na obra de Freud &#8211; Francisco de Rezende S\u00e1ber<\/a><\/li>\n<li><a href=\"https:\/\/portal.unisepe.com.br\/asmec\/wp-content\/uploads\/sites\/10006\/2023\/05\/TCC-ARTIGO-CIENTIFICO-BANCA-CORRE\u00c7\u00c3O-2.pdf\">A rela\u00e7\u00e3o entre ansiedade e comportamento alimentar &#8211; Yzabele Cristina Honorio da Silva e Maria Em\u00edlia Taveira Santos<\/a><\/li>\n<li><a href=\"https:\/\/portal.unisepe.com.br\/asmec\/wp-content\/uploads\/sites\/10006\/2023\/05\/TCC-Lais-e-Jerusa-IMPRESS\u00c3O.pdf\">Encontrando sentidos no enfrentamento da pandemia e p\u00f3s pandemia COVID-19: Uma Vis\u00e3o Logoterap\u00eautica &#8211; Jerusa Bressan e Lais Mancinelli Rossi<\/a><\/li>\n<li><a href=\"https:\/\/portal.unisepe.com.br\/asmec\/wp-content\/uploads\/sites\/10006\/2023\/05\/ANA-AM\u00c1LIA-BOTELHO-DA-SILVA-TCC-15-12.pdf\">Contribui\u00e7\u00f5es do sociointeracionismo na atua\u00e7\u00e3o do psic\u00f3logo no processo educacional inclusivo &#8211; Ana Am\u00e9lia Botelho da Silva<\/a><\/li>\n<li><a href=\"https:\/\/portal.unisepe.com.br\/asmec\/wp-content\/uploads\/sites\/10006\/2023\/05\/Artigo-Cientifico-A-crian\u00e7a-interior-ferida-na-vida-adulta-Veruska-Lopes-de-Souza-1-2.pdf\">A crian\u00e7a interior ferida: A influ\u00eancia dos traumas da inf\u00e2ncia na vida adulta &#8211; Veruska Lopes de Souza<\/a><\/li>\n<li><a href=\"https:\/\/portal.unisepe.com.br\/asmec\/wp-content\/uploads\/sites\/10006\/2023\/05\/ARTIGO-CIENT\u00cdFICO-Rafael-corre\u00e7\u00f5es-finais-07-12.pdf\">A import\u00e2ncia da interven\u00e7\u00e3o grupal na sa\u00fade f\u00edsica e ps\u00edquica: Um estudo de casp com idosos da associa\u00e7\u00e3o de bairro AMBA de Ouro Fino &#8211; MG &#8211; Rafael Santos Ferreira<\/a><\/li>\n<li style=\"text-align: left\"><a href=\"https:\/\/portal.unisepe.com.br\/asmec\/wp-content\/uploads\/sites\/10006\/2023\/05\/Artigo-Final.pdf\">A import\u00e2ncia de compreender como as emo\u00e7\u00f5es refletem no corpo humano &#8211; Iasmin Pereira da Silva\u00a0 Tain\u00e1 de Mira Ferreira<\/a><\/li>\n<li><a href=\"https:\/\/portal.unisepe.com.br\/asmec\/wp-content\/uploads\/sites\/10006\/2023\/05\/Maria-J\u00falia-Moreli-TCC-com-gr\u00e1ficos.pdf\">Arte de bem viver na terceira idade &#8211; Maria J\u00falia Moreli<\/a><\/li>\n<\/ul>\n<p>&nbsp;<\/p>\n","protected":false},"excerpt":{"rendered":"<p>2025 A Espiritualidade na Psicoterapia: uma perspectiva Logoterapeutica, &#8220;Ansiedade Pr\u00e9-Cir\u00fargica: Estrat\u00e9gias Psicol\u00f3gicas para o bem-estar do paciente&#8221; &#8211; Luana Patr\u00edcio Contini Maca\u00fabas Aluno Problema ou Crian\u00e7a em Desenvolvimento? A medicaliza\u00e7\u00e3o infantil no contexto escolar &#8211; Mari\u00e2ngela Lopes da Concei\u00e7\u00e3o Ansiedade pr\u00e9-cir\u00fargica: estrat\u00e9gias psicol\u00f3gicas para o bem-estar do paciente &#8211; Juliana<\/p>\n","protected":false},"author":5,"featured_media":0,"parent":3857,"menu_order":0,"comment_status":"closed","ping_status":"closed","template":"templates\/template-pagina_menu_vertical.php","meta":{"footnotes":""},"categories":[],"tags":[],"class_list":["post-3884","page","type-page","status-publish","hentry"],"_links":{"self":[{"href":"https:\/\/portal.unisepe.com.br\/asmec\/wp-json\/wp\/v2\/pages\/3884","targetHints":{"allow":["GET"]}}],"collection":[{"href":"https:\/\/portal.unisepe.com.br\/asmec\/wp-json\/wp\/v2\/pages"}],"about":[{"href":"https:\/\/portal.unisepe.com.br\/asmec\/wp-json\/wp\/v2\/types\/page"}],"author":[{"embeddable":true,"href":"https:\/\/portal.unisepe.com.br\/asmec\/wp-json\/wp\/v2\/users\/5"}],"replies":[{"embeddable":true,"href":"https:\/\/portal.unisepe.com.br\/asmec\/wp-json\/wp\/v2\/comments?post=3884"}],"version-history":[{"count":5,"href":"https:\/\/portal.unisepe.com.br\/asmec\/wp-json\/wp\/v2\/pages\/3884\/revisions"}],"predecessor-version":[{"id":5455,"href":"https:\/\/portal.unisepe.com.br\/asmec\/wp-json\/wp\/v2\/pages\/3884\/revisions\/5455"}],"up":[{"embeddable":true,"href":"https:\/\/portal.unisepe.com.br\/asmec\/wp-json\/wp\/v2\/pages\/3857"}],"wp:attachment":[{"href":"https:\/\/portal.unisepe.com.br\/asmec\/wp-json\/wp\/v2\/media?parent=3884"}],"wp:term":[{"taxonomy":"category","embeddable":true,"href":"https:\/\/portal.unisepe.com.br\/asmec\/wp-json\/wp\/v2\/categories?post=3884"},{"taxonomy":"post_tag","embeddable":true,"href":"https:\/\/portal.unisepe.com.br\/asmec\/wp-json\/wp\/v2\/tags?post=3884"}],"curies":[{"name":"wp","href":"https:\/\/api.w.org\/{rel}","templated":true}]}}