{"id":4214,"date":"2023-03-02T20:15:23","date_gmt":"2023-03-02T23:15:23","guid":{"rendered":"https:\/\/portal.unisepe.com.br\/asmec\/?page_id=4214"},"modified":"2023-03-15T20:30:10","modified_gmt":"2023-03-15T23:30:10","slug":"plano-de-extensao","status":"publish","type":"page","link":"https:\/\/portal.unisepe.com.br\/asmec\/cpex\/plano-de-extensao\/","title":{"rendered":"Plano de extens\u00e3o"},"content":{"rendered":"<p>Nas Faculdades Integradas Asmec, a pol\u00edtica institucional de extens\u00e3o deve ser capaz de oportunizar a\u00e7\u00f5es e atividades que possam contribuir especificamente para o desenvolvimento do ensino e de inicia\u00e7\u00e3o a pesquisa, levando para a sociedade os produtos deste processo, vinculando as a\u00e7\u00f5es sociais, acad\u00eamicas e de pesquisa inerentes as fun\u00e7\u00f5es das Faculdades Integradas Asmec. Caracterizando assim, um processo de forma\u00e7\u00e3o de pessoas e gera\u00e7\u00e3o de conhecimento, que tenha o aluno como protagonista e proporcionado uma uni\u00e3o bilateral entre universidade e comunidade.<br \/>\nPara tanto, as Faculdades Integradas Asmec define quatro diretrizes, que s\u00e3o o alicerce das Pol\u00edticas de Extens\u00e3o.<a href=\"https:\/\/portal.unisepe.com.br\/asmec\/wp-content\/uploads\/sites\/10006\/2023\/03\/Figura-01-Diretrizes-para-Extens\u00e3o.png\"><img loading=\"lazy\" decoding=\"async\" src=\"https:\/\/portal.unisepe.com.br\/asmec\/wp-content\/uploads\/sites\/10006\/2023\/03\/Figura-01-Diretrizes-para-Extens\u00e3o.png\" alt=\"\" width=\"946\" height=\"636\" class=\"size-full wp-image-4238 aligncenter\" srcset=\"https:\/\/portal.unisepe.com.br\/asmec\/wp-content\/uploads\/sites\/10006\/2023\/03\/Figura-01-Diretrizes-para-Extens\u00e3o.png 946w, https:\/\/portal.unisepe.com.br\/asmec\/wp-content\/uploads\/sites\/10006\/2023\/03\/Figura-01-Diretrizes-para-Extens\u00e3o-300x202.png 300w, https:\/\/portal.unisepe.com.br\/asmec\/wp-content\/uploads\/sites\/10006\/2023\/03\/Figura-01-Diretrizes-para-Extens\u00e3o-768x516.png 768w\" sizes=\"auto, (max-width: 946px) 100vw, 946px\" \/><\/a><\/p>\n<p>Figura 01 \u2013 Diretrizes para Extens\u00e3o<\/p>\n<p>&nbsp;<\/p>\n<p>O Plano Institucional de Extens\u00e3o da Faculdades Integradas Asmec desenvolve a\u00e7\u00f5es junto \u00e0 comunidade, envolvendo alicerces de ensino e pesquisa, contemplados dentro dos programas de extens\u00e3o. Os programas devem contemplar um ou mais eixos extensionistas definidos nos documentos oficiais e no Regulamento Institucional de Extens\u00e3o da Faculdades Integradas Asmec. Para tanto, diferentes propostas defendidas por cada projeto somam e fortalecem nossos programas, abordando diferentes aspectos acad\u00eamicos, sociais e de pesquisa. Assim, cada programa de extens\u00e3o estabelecido, deve garantir: Projetos, Eventos, Cursos e Oficinas, Presta\u00e7\u00e3o de servi\u00e7os e Produ\u00e7\u00e3o e Publica\u00e7\u00e3o.<\/p>\n<p>&nbsp;<\/p>\n<p><a href=\"https:\/\/portal.unisepe.com.br\/asmec\/wp-content\/uploads\/sites\/10006\/2023\/03\/Figura-02-Programas-e-Eixos-Extensionistas.png\"><img loading=\"lazy\" decoding=\"async\" src=\"https:\/\/portal.unisepe.com.br\/asmec\/wp-content\/uploads\/sites\/10006\/2023\/03\/Figura-02-Programas-e-Eixos-Extensionistas.png\" alt=\"\" width=\"960\" height=\"656\" class=\"aligncenter size-full wp-image-4239\" srcset=\"https:\/\/portal.unisepe.com.br\/asmec\/wp-content\/uploads\/sites\/10006\/2023\/03\/Figura-02-Programas-e-Eixos-Extensionistas.png 960w, https:\/\/portal.unisepe.com.br\/asmec\/wp-content\/uploads\/sites\/10006\/2023\/03\/Figura-02-Programas-e-Eixos-Extensionistas-300x205.png 300w, https:\/\/portal.unisepe.com.br\/asmec\/wp-content\/uploads\/sites\/10006\/2023\/03\/Figura-02-Programas-e-Eixos-Extensionistas-768x525.png 768w\" sizes=\"auto, (max-width: 960px) 100vw, 960px\" \/><\/a><\/p>\n<p>Figura 02 \u2013 Programas e Eixos Extensionistas<\/p>\n","protected":false},"excerpt":{"rendered":"<p>Nas Faculdades Integradas Asmec, a pol\u00edtica institucional de extens\u00e3o deve ser capaz de oportunizar a\u00e7\u00f5es e atividades que possam contribuir especificamente para o desenvolvimento do ensino e de inicia\u00e7\u00e3o a pesquisa, levando para a sociedade os produtos deste processo, vinculando as a\u00e7\u00f5es sociais, acad\u00eamicas e de pesquisa inerentes as fun\u00e7\u00f5es<\/p>\n","protected":false},"author":5,"featured_media":0,"parent":4196,"menu_order":0,"comment_status":"closed","ping_status":"closed","template":"templates\/template-curso_menu_vertical.php","meta":{"footnotes":""},"categories":[],"tags":[],"class_list":["post-4214","page","type-page","status-publish","hentry"],"_links":{"self":[{"href":"https:\/\/portal.unisepe.com.br\/asmec\/wp-json\/wp\/v2\/pages\/4214","targetHints":{"allow":["GET"]}}],"collection":[{"href":"https:\/\/portal.unisepe.com.br\/asmec\/wp-json\/wp\/v2\/pages"}],"about":[{"href":"https:\/\/portal.unisepe.com.br\/asmec\/wp-json\/wp\/v2\/types\/page"}],"author":[{"embeddable":true,"href":"https:\/\/portal.unisepe.com.br\/asmec\/wp-json\/wp\/v2\/users\/5"}],"replies":[{"embeddable":true,"href":"https:\/\/portal.unisepe.com.br\/asmec\/wp-json\/wp\/v2\/comments?post=4214"}],"version-history":[{"count":3,"href":"https:\/\/portal.unisepe.com.br\/asmec\/wp-json\/wp\/v2\/pages\/4214\/revisions"}],"predecessor-version":[{"id":4240,"href":"https:\/\/portal.unisepe.com.br\/asmec\/wp-json\/wp\/v2\/pages\/4214\/revisions\/4240"}],"up":[{"embeddable":true,"href":"https:\/\/portal.unisepe.com.br\/asmec\/wp-json\/wp\/v2\/pages\/4196"}],"wp:attachment":[{"href":"https:\/\/portal.unisepe.com.br\/asmec\/wp-json\/wp\/v2\/media?parent=4214"}],"wp:term":[{"taxonomy":"category","embeddable":true,"href":"https:\/\/portal.unisepe.com.br\/asmec\/wp-json\/wp\/v2\/categories?post=4214"},{"taxonomy":"post_tag","embeddable":true,"href":"https:\/\/portal.unisepe.com.br\/asmec\/wp-json\/wp\/v2\/tags?post=4214"}],"curies":[{"name":"wp","href":"https:\/\/api.w.org\/{rel}","templated":true}]}}