{"id":4253,"date":"2023-04-24T19:48:36","date_gmt":"2023-04-24T22:48:36","guid":{"rendered":"https:\/\/portal.unisepe.com.br\/asmec\/?page_id=4253"},"modified":"2023-10-04T19:20:39","modified_gmt":"2023-10-04T22:20:39","slug":"formularios-2","status":"publish","type":"page","link":"https:\/\/portal.unisepe.com.br\/asmec\/cpex\/formularios-2\/","title":{"rendered":"Formul\u00e1rios"},"content":{"rendered":"<p style=\"text-align: center\"><strong>Formul\u00e1rios<\/strong><\/p>\n<ul>\n<li><a href=\"https:\/\/portal.unisepe.com.br\/asmec\/wp-content\/uploads\/sites\/10006\/2023\/05\/carta-de-aprova\u00e7\u00e3o.docx\">Carta de Aprova\u00e7\u00e3o<\/a><\/li>\n<li><a href=\"https:\/\/portal.unisepe.com.br\/asmec\/wp-content\/uploads\/sites\/10006\/2023\/05\/carta-de-aceite-orienta\u00e7\u00e3o-IC.docx\">Carta de aceite orienta\u00e7\u00e3o IC<\/a><\/li>\n<li><a href=\"https:\/\/portal.unisepe.com.br\/asmec\/wp-content\/uploads\/sites\/10006\/2023\/05\/formul\u00e1rio-de-solicita\u00e7\u00e3o-de-apoio.docx\">Formul\u00e1rio de solicita\u00e7\u00e3o de apoio<\/a><\/li>\n<li><a href=\"https:\/\/portal.unisepe.com.br\/asmec\/wp-content\/uploads\/sites\/10006\/2023\/05\/modelo-de-projeto-de-pesquisa-2023.docx\">Modelo de projeto de pesquisa 2023<\/a><\/li>\n<\/ul>\n","protected":false},"excerpt":{"rendered":"<p>Formul\u00e1rios Carta de Aprova\u00e7\u00e3o Carta de aceite orienta\u00e7\u00e3o IC Formul\u00e1rio de solicita\u00e7\u00e3o de apoio Modelo de projeto de pesquisa 2023<\/p>\n","protected":false},"author":5,"featured_media":0,"parent":4196,"menu_order":0,"comment_status":"closed","ping_status":"closed","template":"templates\/template-pagina_menu_vertical.php","meta":{"footnotes":""},"categories":[],"tags":[],"class_list":["post-4253","page","type-page","status-publish","hentry"],"_links":{"self":[{"href":"https:\/\/portal.unisepe.com.br\/asmec\/wp-json\/wp\/v2\/pages\/4253","targetHints":{"allow":["GET"]}}],"collection":[{"href":"https:\/\/portal.unisepe.com.br\/asmec\/wp-json\/wp\/v2\/pages"}],"about":[{"href":"https:\/\/portal.unisepe.com.br\/asmec\/wp-json\/wp\/v2\/types\/page"}],"author":[{"embeddable":true,"href":"https:\/\/portal.unisepe.com.br\/asmec\/wp-json\/wp\/v2\/users\/5"}],"replies":[{"embeddable":true,"href":"https:\/\/portal.unisepe.com.br\/asmec\/wp-json\/wp\/v2\/comments?post=4253"}],"version-history":[{"count":4,"href":"https:\/\/portal.unisepe.com.br\/asmec\/wp-json\/wp\/v2\/pages\/4253\/revisions"}],"predecessor-version":[{"id":4373,"href":"https:\/\/portal.unisepe.com.br\/asmec\/wp-json\/wp\/v2\/pages\/4253\/revisions\/4373"}],"up":[{"embeddable":true,"href":"https:\/\/portal.unisepe.com.br\/asmec\/wp-json\/wp\/v2\/pages\/4196"}],"wp:attachment":[{"href":"https:\/\/portal.unisepe.com.br\/asmec\/wp-json\/wp\/v2\/media?parent=4253"}],"wp:term":[{"taxonomy":"category","embeddable":true,"href":"https:\/\/portal.unisepe.com.br\/asmec\/wp-json\/wp\/v2\/categories?post=4253"},{"taxonomy":"post_tag","embeddable":true,"href":"https:\/\/portal.unisepe.com.br\/asmec\/wp-json\/wp\/v2\/tags?post=4253"}],"curies":[{"name":"wp","href":"https:\/\/api.w.org\/{rel}","templated":true}]}}