{"id":4413,"date":"2023-10-16T19:47:01","date_gmt":"2023-10-16T22:47:01","guid":{"rendered":"https:\/\/portal.unisepe.com.br\/asmec\/?page_id=4413"},"modified":"2023-10-16T19:49:36","modified_gmt":"2023-10-16T22:49:36","slug":"bolsa-proers","status":"publish","type":"page","link":"https:\/\/portal.unisepe.com.br\/asmec\/bolsas-e-financiamento\/bolsas-institucionais\/bolsa-proers\/","title":{"rendered":"Bolsa PROERS"},"content":{"rendered":"<h4><strong>PROERS<\/strong><\/h4>\n<p>S\u00e3o descontos concedidos aos alunos que desenvolvam atividades junto aos projetos de extens\u00e3o.<br \/>\nObjetivo possibilitar a realiza\u00e7\u00e3o de curso superior de gradua\u00e7\u00e3o, a alunos que, tendo comprovada situa\u00e7\u00e3o de vulnerabilidade venha \u00e0 participar de Projeto Acad\u00eamico vinculado ao Curso de Gradua\u00e7\u00e3o pretendido aliados \u00e0s Linhas de Extens\u00e3o preconizadas pela IES.<\/p>\n<p>&nbsp;<\/p>\n<p><strong>Edital<\/strong><\/p>\n<p><a href=\"https:\/\/portal.unisepe.com.br\/asmec\/wp-content\/uploads\/sites\/10006\/2020\/02\/PORTARIA-REGULAMENTO-BOLSA_ENEM_N\u00ba_-062_2020-1.pdf\"><strong>Portaria 062\/2020<\/strong><\/a><\/p>\n<p>&nbsp;<\/p>\n<p><strong>Documenta\u00e7\u00e3o<\/strong><\/p>\n<hr \/>\n<ul>\n<li><a href=\"https:\/\/portal.unisepe.com.br\/asmec\/wp-content\/uploads\/sites\/10006\/2018\/07\/Regulamento-Pasta-PROERS.pdf\">Regulamento Pasta PROERS<\/a><\/li>\n<\/ul>\n","protected":false},"excerpt":{"rendered":"<p>PROERS S\u00e3o descontos concedidos aos alunos que desenvolvam atividades junto aos projetos de extens\u00e3o. Objetivo possibilitar a realiza\u00e7\u00e3o de curso superior de gradua\u00e7\u00e3o, a alunos que, tendo comprovada situa\u00e7\u00e3o de vulnerabilidade venha \u00e0 participar de Projeto Acad\u00eamico vinculado ao Curso de Gradua\u00e7\u00e3o pretendido aliados \u00e0s Linhas de Extens\u00e3o preconizadas pela<\/p>\n","protected":false},"author":5,"featured_media":0,"parent":661,"menu_order":0,"comment_status":"closed","ping_status":"closed","template":"templates\/template-pagina_menu_vertical.php","meta":{"footnotes":""},"categories":[],"tags":[],"class_list":["post-4413","page","type-page","status-publish","hentry"],"_links":{"self":[{"href":"https:\/\/portal.unisepe.com.br\/asmec\/wp-json\/wp\/v2\/pages\/4413","targetHints":{"allow":["GET"]}}],"collection":[{"href":"https:\/\/portal.unisepe.com.br\/asmec\/wp-json\/wp\/v2\/pages"}],"about":[{"href":"https:\/\/portal.unisepe.com.br\/asmec\/wp-json\/wp\/v2\/types\/page"}],"author":[{"embeddable":true,"href":"https:\/\/portal.unisepe.com.br\/asmec\/wp-json\/wp\/v2\/users\/5"}],"replies":[{"embeddable":true,"href":"https:\/\/portal.unisepe.com.br\/asmec\/wp-json\/wp\/v2\/comments?post=4413"}],"version-history":[{"count":4,"href":"https:\/\/portal.unisepe.com.br\/asmec\/wp-json\/wp\/v2\/pages\/4413\/revisions"}],"predecessor-version":[{"id":4417,"href":"https:\/\/portal.unisepe.com.br\/asmec\/wp-json\/wp\/v2\/pages\/4413\/revisions\/4417"}],"up":[{"embeddable":true,"href":"https:\/\/portal.unisepe.com.br\/asmec\/wp-json\/wp\/v2\/pages\/661"}],"wp:attachment":[{"href":"https:\/\/portal.unisepe.com.br\/asmec\/wp-json\/wp\/v2\/media?parent=4413"}],"wp:term":[{"taxonomy":"category","embeddable":true,"href":"https:\/\/portal.unisepe.com.br\/asmec\/wp-json\/wp\/v2\/categories?post=4413"},{"taxonomy":"post_tag","embeddable":true,"href":"https:\/\/portal.unisepe.com.br\/asmec\/wp-json\/wp\/v2\/tags?post=4413"}],"curies":[{"name":"wp","href":"https:\/\/api.w.org\/{rel}","templated":true}]}}