{"id":4418,"date":"2023-10-16T19:52:07","date_gmt":"2023-10-16T22:52:07","guid":{"rendered":"https:\/\/portal.unisepe.com.br\/asmec\/?page_id=4418"},"modified":"2023-10-16T19:52:19","modified_gmt":"2023-10-16T22:52:19","slug":"convenio-empresa","status":"publish","type":"page","link":"https:\/\/portal.unisepe.com.br\/asmec\/bolsas-e-financiamento\/bolsas-institucionais\/convenio-empresa\/","title":{"rendered":"Convenio Empresa"},"content":{"rendered":"<h4><span><strong>CONV\u00caNIO EMPRESA<\/strong><\/span><\/h4>\n<p>S\u00e3o bolsas de estudos, exclusiva para cursos de gradua\u00e7\u00e3o, concedidas para alunos de empresas, institui\u00e7\u00f5es p\u00fablicas ou privadas previamente conveniadas.<br \/>\nConsiste em descontos em percentuais (%) sobre o valor integral da mensalidade.<br \/>\nEntende-se por Empresas Conveniadas aquelas que formalizar\u00e3o sua ades\u00e3o por meio de convenio.<\/p>\n","protected":false},"excerpt":{"rendered":"<p>CONV\u00caNIO EMPRESA S\u00e3o bolsas de estudos, exclusiva para cursos de gradua\u00e7\u00e3o, concedidas para alunos de empresas, institui\u00e7\u00f5es p\u00fablicas ou privadas previamente conveniadas. Consiste em descontos em percentuais (%) sobre o valor integral da mensalidade. Entende-se por Empresas Conveniadas aquelas que formalizar\u00e3o sua ades\u00e3o por meio de convenio.<\/p>\n","protected":false},"author":5,"featured_media":0,"parent":661,"menu_order":0,"comment_status":"closed","ping_status":"closed","template":"templates\/template-curso_menu_vertical.php","meta":{"footnotes":""},"categories":[],"tags":[],"class_list":["post-4418","page","type-page","status-publish","hentry"],"_links":{"self":[{"href":"https:\/\/portal.unisepe.com.br\/asmec\/wp-json\/wp\/v2\/pages\/4418","targetHints":{"allow":["GET"]}}],"collection":[{"href":"https:\/\/portal.unisepe.com.br\/asmec\/wp-json\/wp\/v2\/pages"}],"about":[{"href":"https:\/\/portal.unisepe.com.br\/asmec\/wp-json\/wp\/v2\/types\/page"}],"author":[{"embeddable":true,"href":"https:\/\/portal.unisepe.com.br\/asmec\/wp-json\/wp\/v2\/users\/5"}],"replies":[{"embeddable":true,"href":"https:\/\/portal.unisepe.com.br\/asmec\/wp-json\/wp\/v2\/comments?post=4418"}],"version-history":[{"count":1,"href":"https:\/\/portal.unisepe.com.br\/asmec\/wp-json\/wp\/v2\/pages\/4418\/revisions"}],"predecessor-version":[{"id":4419,"href":"https:\/\/portal.unisepe.com.br\/asmec\/wp-json\/wp\/v2\/pages\/4418\/revisions\/4419"}],"up":[{"embeddable":true,"href":"https:\/\/portal.unisepe.com.br\/asmec\/wp-json\/wp\/v2\/pages\/661"}],"wp:attachment":[{"href":"https:\/\/portal.unisepe.com.br\/asmec\/wp-json\/wp\/v2\/media?parent=4418"}],"wp:term":[{"taxonomy":"category","embeddable":true,"href":"https:\/\/portal.unisepe.com.br\/asmec\/wp-json\/wp\/v2\/categories?post=4418"},{"taxonomy":"post_tag","embeddable":true,"href":"https:\/\/portal.unisepe.com.br\/asmec\/wp-json\/wp\/v2\/tags?post=4418"}],"curies":[{"name":"wp","href":"https:\/\/api.w.org\/{rel}","templated":true}]}}