{"id":4461,"date":"2024-01-22T19:54:31","date_gmt":"2024-01-22T22:54:31","guid":{"rendered":"https:\/\/portal.unisepe.com.br\/asmec\/?page_id=4461"},"modified":"2024-01-22T19:54:31","modified_gmt":"2024-01-22T22:54:31","slug":"plano-de-gestao-do-curso-de-direito","status":"publish","type":"page","link":"https:\/\/portal.unisepe.com.br\/asmec\/direito\/plano-de-gestao-do-curso-de-direito\/","title":{"rendered":"Plano de Gest\u00e3o do Curso de Direito"},"content":{"rendered":"<p><a href=\"https:\/\/portal.unisepe.com.br\/asmec\/wp-content\/uploads\/sites\/10006\/2024\/01\/Plano-de-Gest\u00e3o-Coordena\u00e7\u00e3o-OF-2024.pdf\">Plano de Gest\u00e3o do Curso de Direito 2024<\/a><\/p>\n","protected":false},"excerpt":{"rendered":"<p>Plano de Gest\u00e3o do Curso de Direito 2024<\/p>\n","protected":false},"author":5,"featured_media":0,"parent":348,"menu_order":0,"comment_status":"closed","ping_status":"closed","template":"templates\/template-curso_menu_vertical.php","meta":{"footnotes":""},"categories":[],"tags":[],"class_list":["post-4461","page","type-page","status-publish","hentry"],"_links":{"self":[{"href":"https:\/\/portal.unisepe.com.br\/asmec\/wp-json\/wp\/v2\/pages\/4461","targetHints":{"allow":["GET"]}}],"collection":[{"href":"https:\/\/portal.unisepe.com.br\/asmec\/wp-json\/wp\/v2\/pages"}],"about":[{"href":"https:\/\/portal.unisepe.com.br\/asmec\/wp-json\/wp\/v2\/types\/page"}],"author":[{"embeddable":true,"href":"https:\/\/portal.unisepe.com.br\/asmec\/wp-json\/wp\/v2\/users\/5"}],"replies":[{"embeddable":true,"href":"https:\/\/portal.unisepe.com.br\/asmec\/wp-json\/wp\/v2\/comments?post=4461"}],"version-history":[{"count":1,"href":"https:\/\/portal.unisepe.com.br\/asmec\/wp-json\/wp\/v2\/pages\/4461\/revisions"}],"predecessor-version":[{"id":4463,"href":"https:\/\/portal.unisepe.com.br\/asmec\/wp-json\/wp\/v2\/pages\/4461\/revisions\/4463"}],"up":[{"embeddable":true,"href":"https:\/\/portal.unisepe.com.br\/asmec\/wp-json\/wp\/v2\/pages\/348"}],"wp:attachment":[{"href":"https:\/\/portal.unisepe.com.br\/asmec\/wp-json\/wp\/v2\/media?parent=4461"}],"wp:term":[{"taxonomy":"category","embeddable":true,"href":"https:\/\/portal.unisepe.com.br\/asmec\/wp-json\/wp\/v2\/categories?post=4461"},{"taxonomy":"post_tag","embeddable":true,"href":"https:\/\/portal.unisepe.com.br\/asmec\/wp-json\/wp\/v2\/tags?post=4461"}],"curies":[{"name":"wp","href":"https:\/\/api.w.org\/{rel}","templated":true}]}}