{"id":4468,"date":"2024-01-22T20:16:22","date_gmt":"2024-01-22T23:16:22","guid":{"rendered":"https:\/\/portal.unisepe.com.br\/asmec\/?page_id=4468"},"modified":"2026-02-24T20:44:23","modified_gmt":"2026-02-24T23:44:23","slug":"npj-e","status":"publish","type":"page","link":"https:\/\/portal.unisepe.com.br\/asmec\/direito\/npj-e\/","title":{"rendered":"NPJ"},"content":{"rendered":"<p><a href=\"https:\/\/portal.unisepe.com.br\/asmec\/direito\/npj-e\/atendimento-juridico-on-line\/\">Atendimento Jur\u00eddico<\/a><\/p>\n<p><a href=\"https:\/\/portal.unisepe.com.br\/asmec\/direito\/npj-e\/projeto-npj-e\/\">Projeto NPJ<\/a><\/p>\n<p><a href=\"https:\/\/portal.unisepe.com.br\/asmec\/direito\/npj-e\/termos-e-condicoes-de-uso-do-npj-e\/\">Termos e condi\u00e7\u00f5es de uso do servi\u00e7o NPJ<\/a><\/p>\n<p><a href=\"https:\/\/portal.unisepe.com.br\/asmec\/direito\/npj-e\/plano-de-gestao-npj-e\/\">Plano de gest\u00e3o do NPJ<\/a><\/p>\n<p><a href=\"https:\/\/portal.unisepe.com.br\/asmec\/direito\/npj-e\/relatorios-npj-e\/\">Relat\u00f3rios NPJ<\/a><\/p>\n<p>&nbsp;<\/p>\n","protected":false},"excerpt":{"rendered":"<p>Atendimento Jur\u00eddico Projeto NPJ Termos e condi\u00e7\u00f5es de uso do servi\u00e7o NPJ Plano de gest\u00e3o do NPJ Relat\u00f3rios NPJ &nbsp;<\/p>\n","protected":false},"author":5,"featured_media":0,"parent":348,"menu_order":0,"comment_status":"closed","ping_status":"closed","template":"templates\/template-curso_menu_vertical.php","meta":{"footnotes":""},"categories":[],"tags":[],"class_list":["post-4468","page","type-page","status-publish","hentry"],"_links":{"self":[{"href":"https:\/\/portal.unisepe.com.br\/asmec\/wp-json\/wp\/v2\/pages\/4468","targetHints":{"allow":["GET"]}}],"collection":[{"href":"https:\/\/portal.unisepe.com.br\/asmec\/wp-json\/wp\/v2\/pages"}],"about":[{"href":"https:\/\/portal.unisepe.com.br\/asmec\/wp-json\/wp\/v2\/types\/page"}],"author":[{"embeddable":true,"href":"https:\/\/portal.unisepe.com.br\/asmec\/wp-json\/wp\/v2\/users\/5"}],"replies":[{"embeddable":true,"href":"https:\/\/portal.unisepe.com.br\/asmec\/wp-json\/wp\/v2\/comments?post=4468"}],"version-history":[{"count":7,"href":"https:\/\/portal.unisepe.com.br\/asmec\/wp-json\/wp\/v2\/pages\/4468\/revisions"}],"predecessor-version":[{"id":5550,"href":"https:\/\/portal.unisepe.com.br\/asmec\/wp-json\/wp\/v2\/pages\/4468\/revisions\/5550"}],"up":[{"embeddable":true,"href":"https:\/\/portal.unisepe.com.br\/asmec\/wp-json\/wp\/v2\/pages\/348"}],"wp:attachment":[{"href":"https:\/\/portal.unisepe.com.br\/asmec\/wp-json\/wp\/v2\/media?parent=4468"}],"wp:term":[{"taxonomy":"category","embeddable":true,"href":"https:\/\/portal.unisepe.com.br\/asmec\/wp-json\/wp\/v2\/categories?post=4468"},{"taxonomy":"post_tag","embeddable":true,"href":"https:\/\/portal.unisepe.com.br\/asmec\/wp-json\/wp\/v2\/tags?post=4468"}],"curies":[{"name":"wp","href":"https:\/\/api.w.org\/{rel}","templated":true}]}}