{"id":4713,"date":"2024-09-30T19:26:31","date_gmt":"2024-09-30T22:26:31","guid":{"rendered":"https:\/\/portal.unisepe.com.br\/asmec\/?page_id=4713"},"modified":"2025-05-07T22:28:50","modified_gmt":"2025-05-08T01:28:50","slug":"termos-e-condicoes-de-uso-do-npj-e","status":"publish","type":"page","link":"https:\/\/portal.unisepe.com.br\/asmec\/direito\/npj-e\/termos-e-condicoes-de-uso-do-npj-e\/","title":{"rendered":"Termos e condi\u00e7\u00f5es de uso do NPJ"},"content":{"rendered":"<p><a href=\"https:\/\/portal.unisepe.com.br\/asmec\/wp-content\/uploads\/sites\/10006\/2024\/09\/TERMOS-E-CONDI\u00c7\u00d5ES-DE-USO-DO-SERVI\u00c7O-DO-NPJ-e-DA-ASMEC-2024.pdf\">https:\/\/portal.unisepe.com.br\/asmec\/wp-content\/uploads\/sites\/10006\/2024\/09\/TERMOS-E-CONDI\u00c7\u00d5ES-DE-USO-DO-SERVI\u00c7O-DO-NPJ-e-DA-ASMEC-2024.pdf<\/a><\/p>\n","protected":false},"excerpt":{"rendered":"<p>https:\/\/portal.unisepe.com.br\/asmec\/wp-content\/uploads\/sites\/10006\/2024\/09\/TERMOS-E-CONDI\u00c7\u00d5ES-DE-USO-DO-SERVI\u00c7O-DO-NPJ-e-DA-ASMEC-2024.pdf<\/p>\n","protected":false},"author":5,"featured_media":0,"parent":4468,"menu_order":0,"comment_status":"closed","ping_status":"closed","template":"templates\/template-pagina_link_externo.php","meta":{"footnotes":""},"categories":[],"tags":[],"class_list":["post-4713","page","type-page","status-publish","hentry"],"_links":{"self":[{"href":"https:\/\/portal.unisepe.com.br\/asmec\/wp-json\/wp\/v2\/pages\/4713","targetHints":{"allow":["GET"]}}],"collection":[{"href":"https:\/\/portal.unisepe.com.br\/asmec\/wp-json\/wp\/v2\/pages"}],"about":[{"href":"https:\/\/portal.unisepe.com.br\/asmec\/wp-json\/wp\/v2\/types\/page"}],"author":[{"embeddable":true,"href":"https:\/\/portal.unisepe.com.br\/asmec\/wp-json\/wp\/v2\/users\/5"}],"replies":[{"embeddable":true,"href":"https:\/\/portal.unisepe.com.br\/asmec\/wp-json\/wp\/v2\/comments?post=4713"}],"version-history":[{"count":2,"href":"https:\/\/portal.unisepe.com.br\/asmec\/wp-json\/wp\/v2\/pages\/4713\/revisions"}],"predecessor-version":[{"id":5344,"href":"https:\/\/portal.unisepe.com.br\/asmec\/wp-json\/wp\/v2\/pages\/4713\/revisions\/5344"}],"up":[{"embeddable":true,"href":"https:\/\/portal.unisepe.com.br\/asmec\/wp-json\/wp\/v2\/pages\/4468"}],"wp:attachment":[{"href":"https:\/\/portal.unisepe.com.br\/asmec\/wp-json\/wp\/v2\/media?parent=4713"}],"wp:term":[{"taxonomy":"category","embeddable":true,"href":"https:\/\/portal.unisepe.com.br\/asmec\/wp-json\/wp\/v2\/categories?post=4713"},{"taxonomy":"post_tag","embeddable":true,"href":"https:\/\/portal.unisepe.com.br\/asmec\/wp-json\/wp\/v2\/tags?post=4713"}],"curies":[{"name":"wp","href":"https:\/\/api.w.org\/{rel}","templated":true}]}}