{"id":495,"date":"2016-07-12T18:59:02","date_gmt":"2016-07-12T18:59:02","guid":{"rendered":"http:\/\/www.fvr.edu.br\/fvr\/site\/?page_id=495"},"modified":"2024-11-26T22:30:09","modified_gmt":"2024-11-27T01:30:09","slug":"nutricao","status":"publish","type":"page","link":"https:\/\/portal.unisepe.com.br\/asmec\/nutricao\/","title":{"rendered":"Nutri\u00e7\u00e3o"},"content":{"rendered":"<p><iframe loading=\"lazy\" width=\"850\" height=\"480\" src=\"https:\/\/www.youtube.com\/embed\/eSv5vUWJ_b0\"><\/iframe><\/p>\n<div><strong>Curso de Gradua\u00e7\u00e3o<\/strong><\/div>\n<div>\n<p><strong>Nutri\u00e7\u00e3o<\/strong><\/p>\n<\/div>\n<p>A Ci\u00eancia da Nutri\u00e7\u00e3o adquiriu especial aten\u00e7\u00e3o no final do s\u00e9culo XX, motivado pela procura da Alimenta\u00e7\u00e3o Saud\u00e1vel, Conquista e Manuten\u00e7\u00e3o da Sa\u00fade e de Boa Forma F\u00edsica. A rela\u00e7\u00e3o entre nutri\u00e7\u00e3o e sa\u00fade tornou-se uma das principais preocupa\u00e7\u00f5es da humanidade e dos cientistas, que procuram descobrir nos alimentos o caminho que leve \u00e0 longevidade com qualidade de vida.<br \/>\nA busca crescente por um estilo de vida mais saud\u00e1vel, longevidade e boa forma f\u00edsica, fazem com que a profiss\u00e3o de Nutricionista destaque-se cada vez mais no mercado. \u00c9 uma profiss\u00e3o em ascend\u00eancia na \u00e1rea da sa\u00fade, principalmente pelo aumento da perspectiva de vida da popula\u00e7\u00e3o.<\/p>\n","protected":false},"excerpt":{"rendered":"<p>Curso de Gradua\u00e7\u00e3o Nutri\u00e7\u00e3o A Ci\u00eancia da Nutri\u00e7\u00e3o adquiriu especial aten\u00e7\u00e3o no final do s\u00e9culo XX, motivado pela procura da Alimenta\u00e7\u00e3o Saud\u00e1vel, Conquista e Manuten\u00e7\u00e3o da Sa\u00fade e de Boa Forma F\u00edsica. A rela\u00e7\u00e3o entre nutri\u00e7\u00e3o e sa\u00fade tornou-se uma das principais preocupa\u00e7\u00f5es da humanidade e dos cientistas, que procuram<\/p>\n","protected":false},"author":1,"featured_media":0,"parent":0,"menu_order":0,"comment_status":"closed","ping_status":"closed","template":"templates\/template-curso_menu_vertical.php","meta":{"footnotes":""},"categories":[],"tags":[],"class_list":["post-495","page","type-page","status-publish","hentry"],"_links":{"self":[{"href":"https:\/\/portal.unisepe.com.br\/asmec\/wp-json\/wp\/v2\/pages\/495","targetHints":{"allow":["GET"]}}],"collection":[{"href":"https:\/\/portal.unisepe.com.br\/asmec\/wp-json\/wp\/v2\/pages"}],"about":[{"href":"https:\/\/portal.unisepe.com.br\/asmec\/wp-json\/wp\/v2\/types\/page"}],"author":[{"embeddable":true,"href":"https:\/\/portal.unisepe.com.br\/asmec\/wp-json\/wp\/v2\/users\/1"}],"replies":[{"embeddable":true,"href":"https:\/\/portal.unisepe.com.br\/asmec\/wp-json\/wp\/v2\/comments?post=495"}],"version-history":[{"count":18,"href":"https:\/\/portal.unisepe.com.br\/asmec\/wp-json\/wp\/v2\/pages\/495\/revisions"}],"predecessor-version":[{"id":3630,"href":"https:\/\/portal.unisepe.com.br\/asmec\/wp-json\/wp\/v2\/pages\/495\/revisions\/3630"}],"wp:attachment":[{"href":"https:\/\/portal.unisepe.com.br\/asmec\/wp-json\/wp\/v2\/media?parent=495"}],"wp:term":[{"taxonomy":"category","embeddable":true,"href":"https:\/\/portal.unisepe.com.br\/asmec\/wp-json\/wp\/v2\/categories?post=495"},{"taxonomy":"post_tag","embeddable":true,"href":"https:\/\/portal.unisepe.com.br\/asmec\/wp-json\/wp\/v2\/tags?post=495"}],"curies":[{"name":"wp","href":"https:\/\/api.w.org\/{rel}","templated":true}]}}