{"id":4964,"date":"2025-01-29T18:36:01","date_gmt":"2025-01-29T21:36:01","guid":{"rendered":"https:\/\/portal.unisepe.com.br\/asmec\/?page_id=4964"},"modified":"2025-12-08T19:34:56","modified_gmt":"2025-12-08T22:34:56","slug":"balanco-social","status":"publish","type":"page","link":"https:\/\/portal.unisepe.com.br\/asmec\/balanco-social\/","title":{"rendered":"Balan\u00e7o Social"},"content":{"rendered":"<ul>\n<li><a href=\"https:\/\/portal.unisepe.com.br\/asmec\/wp-content\/uploads\/sites\/10006\/2025\/12\/Relatorio-atividades-2025-2.pdf\">Balan\u00e7o social 2025-2<\/a><\/li>\n<li><a href=\"https:\/\/portal.unisepe.com.br\/asmec\/wp-content\/uploads\/sites\/10006\/2025\/07\/Relatorio-atividades-2025-1.pdf\">Balan\u00e7o social 2025-1<\/a><\/li>\n<li><a href=\"https:\/\/portal.unisepe.com.br\/asmec\/wp-content\/uploads\/sites\/10006\/2025\/01\/Relatorio-atividades-2024.pdf\">Balan\u00e7o social 2024-2<\/a><\/li>\n<\/ul>\n<p>&nbsp;<\/p>\n","protected":false},"excerpt":{"rendered":"<p>Balan\u00e7o social 2025-2 Balan\u00e7o social 2025-1 Balan\u00e7o social 2024-2 &nbsp;<\/p>\n","protected":false},"author":5,"featured_media":0,"parent":0,"menu_order":0,"comment_status":"closed","ping_status":"closed","template":"templates\/template-curso_menu_vertical.php","meta":{"footnotes":""},"categories":[],"tags":[],"class_list":["post-4964","page","type-page","status-publish","hentry"],"_links":{"self":[{"href":"https:\/\/portal.unisepe.com.br\/asmec\/wp-json\/wp\/v2\/pages\/4964","targetHints":{"allow":["GET"]}}],"collection":[{"href":"https:\/\/portal.unisepe.com.br\/asmec\/wp-json\/wp\/v2\/pages"}],"about":[{"href":"https:\/\/portal.unisepe.com.br\/asmec\/wp-json\/wp\/v2\/types\/page"}],"author":[{"embeddable":true,"href":"https:\/\/portal.unisepe.com.br\/asmec\/wp-json\/wp\/v2\/users\/5"}],"replies":[{"embeddable":true,"href":"https:\/\/portal.unisepe.com.br\/asmec\/wp-json\/wp\/v2\/comments?post=4964"}],"version-history":[{"count":6,"href":"https:\/\/portal.unisepe.com.br\/asmec\/wp-json\/wp\/v2\/pages\/4964\/revisions"}],"predecessor-version":[{"id":5448,"href":"https:\/\/portal.unisepe.com.br\/asmec\/wp-json\/wp\/v2\/pages\/4964\/revisions\/5448"}],"wp:attachment":[{"href":"https:\/\/portal.unisepe.com.br\/asmec\/wp-json\/wp\/v2\/media?parent=4964"}],"wp:term":[{"taxonomy":"category","embeddable":true,"href":"https:\/\/portal.unisepe.com.br\/asmec\/wp-json\/wp\/v2\/categories?post=4964"},{"taxonomy":"post_tag","embeddable":true,"href":"https:\/\/portal.unisepe.com.br\/asmec\/wp-json\/wp\/v2\/tags?post=4964"}],"curies":[{"name":"wp","href":"https:\/\/api.w.org\/{rel}","templated":true}]}}