{"id":5061,"date":"2025-02-13T22:19:54","date_gmt":"2025-02-14T01:19:54","guid":{"rendered":"https:\/\/portal.unisepe.com.br\/asmec\/?page_id=5061"},"modified":"2025-05-07T21:28:18","modified_gmt":"2025-05-08T00:28:18","slug":"modelos-de-documentos-para-bolsas","status":"publish","type":"page","link":"https:\/\/portal.unisepe.com.br\/asmec\/manuais-editais-e-regulamentos\/modelos-de-documentos-para-bolsas\/","title":{"rendered":"Modelos de documentos"},"content":{"rendered":"<p><strong>AACC<\/strong><\/p>\n<ul>\n<li><a href=\"https:\/\/portal.unisepe.com.br\/asmec\/wp-content\/uploads\/sites\/10006\/2025\/02\/Modelo-de-relatorio-de-AACC.doc\">Modelo de relat\u00f3rio de AACC<\/a><\/li>\n<\/ul>\n<p>&nbsp;<\/p>\n<p><strong>PROERS<\/strong><\/p>\n<ul>\n<li><a href=\"https:\/\/portal.unisepe.com.br\/asmec\/wp-content\/uploads\/sites\/10006\/2025\/02\/Modelo-relatorio-PROERS-2024.doc\">Modelo de relat\u00f3rio PROERS<\/a><\/li>\n<\/ul>\n<p>&nbsp;<\/p>\n<p><strong>Hora-aula hora-rel\u00f3gio<\/strong><\/p>\n<ul>\n<li><a href=\"https:\/\/portal.unisepe.com.br\/asmec\/wp-content\/uploads\/sites\/10006\/2025\/02\/Modelo-relatorio-Hora-aula-Hora-Relogio.docx\">Modelo de relat\u00f3rio hora-aula hora-rel\u00f3gio (HA-HR)<\/a><\/li>\n<\/ul>\n<p>&nbsp;<\/p>\n<p><strong>Bolsa IESEP<\/strong><\/p>\n<ul>\n<li><a href=\"https:\/\/portal.unisepe.com.br\/asmec\/wp-content\/uploads\/sites\/10006\/2025\/02\/Modelo-pasta-para-cumprimento-horas-bolsa-IESEP.docx\">Modelo de relat\u00f3rio de horas bolsa IESEP<\/a><\/li>\n<li><a href=\"https:\/\/portal.unisepe.com.br\/asmec\/wp-content\/uploads\/sites\/10006\/2025\/02\/FICHA-CUMULATIVA-DAS-HORAS-BOLSA-IESEP.docx\">Ficha cumulativa das horas de bolsa IESEP<\/a><\/li>\n<\/ul>\n<p>&nbsp;<\/p>\n<p><strong>Est\u00e1gio<\/strong><\/p>\n<ul>\n<li><a href=\"https:\/\/portal.unisepe.com.br\/asmec\/wp-content\/uploads\/sites\/10006\/2025\/02\/Termo_de_Compromisso-Estagio.docx\">Termo de compromisso de est\u00e1gio<\/a><\/li>\n<\/ul>\n<p>&nbsp;<\/p>\n<p>&nbsp;<\/p>\n<p><strong>Documentos para realiza\u00e7\u00e3o de est\u00e1gio &#8211; Curso de Direito<\/strong><\/p>\n<ul>\n<li><a href=\"https:\/\/portal.unisepe.com.br\/asmec\/wp-content\/uploads\/sites\/10006\/2025\/05\/1.-Convenio-para-realizacao-de-estagio-Externo.docx\">1 &#8211; Conv\u00eanio para realiza\u00e7\u00e3o de est\u00e1gio &#8211; Externo<\/a><\/li>\n<li><a href=\"https:\/\/portal.unisepe.com.br\/asmec\/wp-content\/uploads\/sites\/10006\/2025\/05\/2.-Termo-de-Compromisso-Estagio-Externo.docx\">2 &#8211; Termo de compromisso &#8211; Est\u00e1gio externo<\/a><\/li>\n<li><a href=\"https:\/\/portal.unisepe.com.br\/asmec\/wp-content\/uploads\/sites\/10006\/2025\/05\/3.-Termo-de-Compromisso-Estagio-no-NPJ.docx\">3 &#8211; Termo de compromisso &#8211; Est\u00e1gio no NPJ<\/a><\/li>\n<li><a href=\"https:\/\/portal.unisepe.com.br\/asmec\/wp-content\/uploads\/sites\/10006\/2025\/05\/4.-Regulamento-de-Estagio-ASMEC-Ouro-Fino-MG.pdf\">4 &#8211; Regulamento de est\u00e1gio &#8211; Asmec Ouro Fino &#8211; MG<\/a><\/li>\n<li><a href=\"https:\/\/portal.unisepe.com.br\/asmec\/wp-content\/uploads\/sites\/10006\/2025\/05\/5.-Tabela-de-Carga-Horaria-Atividade-de-Estagio.pdf\">5 &#8211; Tabela de carga hor\u00e1ria &#8211; Atividade de est\u00e1gio<\/a><\/li>\n<li><a href=\"https:\/\/portal.unisepe.com.br\/asmec\/wp-content\/uploads\/sites\/10006\/2025\/05\/6.-Relatorio-Semestral-Estagio-Externo.doc\">6 &#8211; Relat\u00f3rio Semestral &#8211; Est\u00e1gio Externo<\/a><\/li>\n<li><a href=\"https:\/\/portal.unisepe.com.br\/asmec\/wp-content\/uploads\/sites\/10006\/2025\/05\/7.-Relatorio-Semestral-Estagio-NPJ.doc\">7 &#8211; Relat\u00f3rio Semestral &#8211; Est\u00e1gio NPJ<\/a><\/li>\n<li><a href=\"https:\/\/portal.unisepe.com.br\/asmec\/wp-content\/uploads\/sites\/10006\/2025\/05\/8.-Relatorio-e-atestado-de-comparecimento-Juri-Real.doc\">8 &#8211; Relat\u00f3rio e atestado de comparecimento &#8211; J\u00fari Real<\/a><\/li>\n<li><a href=\"https:\/\/portal.unisepe.com.br\/asmec\/wp-content\/uploads\/sites\/10006\/2025\/05\/9.-Relatorio-e-atestado-de-comparecimento-Audiencias.doc\">9 &#8211; Relat\u00f3rio e atestado de comparecimento &#8211; Audi\u00eancias<\/a><\/li>\n<\/ul>\n","protected":false},"excerpt":{"rendered":"<p>AACC Modelo de relat\u00f3rio de AACC &nbsp; PROERS Modelo de relat\u00f3rio PROERS &nbsp; Hora-aula hora-rel\u00f3gio Modelo de relat\u00f3rio hora-aula hora-rel\u00f3gio (HA-HR) &nbsp; Bolsa IESEP Modelo de relat\u00f3rio de horas bolsa IESEP Ficha cumulativa das horas de bolsa IESEP &nbsp; Est\u00e1gio Termo de compromisso de est\u00e1gio &nbsp; &nbsp; Documentos para realiza\u00e7\u00e3o<\/p>\n","protected":false},"author":5,"featured_media":0,"parent":788,"menu_order":0,"comment_status":"closed","ping_status":"closed","template":"templates\/template-curso_menu_vertical.php","meta":{"footnotes":""},"categories":[],"tags":[],"class_list":["post-5061","page","type-page","status-publish","hentry"],"_links":{"self":[{"href":"https:\/\/portal.unisepe.com.br\/asmec\/wp-json\/wp\/v2\/pages\/5061","targetHints":{"allow":["GET"]}}],"collection":[{"href":"https:\/\/portal.unisepe.com.br\/asmec\/wp-json\/wp\/v2\/pages"}],"about":[{"href":"https:\/\/portal.unisepe.com.br\/asmec\/wp-json\/wp\/v2\/types\/page"}],"author":[{"embeddable":true,"href":"https:\/\/portal.unisepe.com.br\/asmec\/wp-json\/wp\/v2\/users\/5"}],"replies":[{"embeddable":true,"href":"https:\/\/portal.unisepe.com.br\/asmec\/wp-json\/wp\/v2\/comments?post=5061"}],"version-history":[{"count":5,"href":"https:\/\/portal.unisepe.com.br\/asmec\/wp-json\/wp\/v2\/pages\/5061\/revisions"}],"predecessor-version":[{"id":5314,"href":"https:\/\/portal.unisepe.com.br\/asmec\/wp-json\/wp\/v2\/pages\/5061\/revisions\/5314"}],"up":[{"embeddable":true,"href":"https:\/\/portal.unisepe.com.br\/asmec\/wp-json\/wp\/v2\/pages\/788"}],"wp:attachment":[{"href":"https:\/\/portal.unisepe.com.br\/asmec\/wp-json\/wp\/v2\/media?parent=5061"}],"wp:term":[{"taxonomy":"category","embeddable":true,"href":"https:\/\/portal.unisepe.com.br\/asmec\/wp-json\/wp\/v2\/categories?post=5061"},{"taxonomy":"post_tag","embeddable":true,"href":"https:\/\/portal.unisepe.com.br\/asmec\/wp-json\/wp\/v2\/tags?post=5061"}],"curies":[{"name":"wp","href":"https:\/\/api.w.org\/{rel}","templated":true}]}}