{"id":5284,"date":"2025-03-26T00:52:15","date_gmt":"2025-03-26T03:52:15","guid":{"rendered":"https:\/\/portal.unisepe.com.br\/asmec\/?page_id=5284"},"modified":"2025-03-26T00:59:03","modified_gmt":"2025-03-26T03:59:03","slug":"apsi-apoio-psicopedagogico","status":"publish","type":"page","link":"https:\/\/portal.unisepe.com.br\/asmec\/psicologia\/clinica-escola-de-psicologia\/apsi-apoio-psicopedagogico\/","title":{"rendered":"APSI &#8211; Apoio Psicopedag\u00f3gico"},"content":{"rendered":"<p>O APSI &#8211; Apoio Psicopedag\u00f3gico &#8211; das Faculdades Integradas ASMEC \u00e9 uma iniciativa que integra o Programa de Apoio Discente (PAD), oferecendo suporte psicopedag\u00f3gico e psicol\u00f3gico aos alunos. Seu objetivo principal \u00e9 identificar, acompanhar e promover discuss\u00e3o sobre as dificuldades no processo de ensino-aprendizagem e as quest\u00f5es que causam desconforto mental\/emocional que possam impedir a aquisi\u00e7\u00e3o de conhecimentos, habilidades e atitudes necess\u00e1rias para a forma\u00e7\u00e3o acad\u00eamica dos estudantes.<\/p>\n<p>&nbsp;<\/p>\n<ul>\n<li><strong>Objetivos Espec\u00edficos do APSI:<\/strong><\/li>\n<\/ul>\n<p>&nbsp;<\/p>\n<ul>\n<li>Oferecer orienta\u00e7\u00e3o psicopedag\u00f3gico e\/ou psicol\u00f3gica aos discentes em suas quest\u00f5es pessoais, afetivo-emocionais, acad\u00eamicas e profissionais.<\/li>\n<li>Favorecer o processo de ensino e de aprendizagem visando a plena inser\u00e7\u00e3o dos discentes em sua trajet\u00f3ria acad\u00eamica atrav\u00e9s das rela\u00e7\u00f5es inter e intrapessoais.<\/li>\n<li>Ampliar o conhecimento relacionado \u00e0s capacidades cognitivas e estrat\u00e9gias de aprendizagem visando proporcionar um melhor aproveitamento acad\u00eamico.<\/li>\n<li>Acolher o aluno com sofrimento ps\u00edquico e proporcionar espa\u00e7os de a\u00e7\u00e3o coletiva, rodas de conversa e projetos de interven\u00e7\u00e3o que buscam promover a reflex\u00e3o e orienta\u00e7\u00f5es necess\u00e1rias a cada demanda.<\/li>\n<\/ul>\n<p>&nbsp;<\/p>\n<ul>\n<li><strong>Funcionamento e Agendamento:<\/strong><\/li>\n<\/ul>\n<p>&nbsp;<\/p>\n<p>Os atendimentos s\u00e3o realizados gratuitamente na Cl\u00ednica Escola de Psicologia da ASMEC, localizada na rua Prof. Dr. Ant\u00f4nio Eufr\u00e1sio de Tol\u00eado, 100, Jardim dos Ip\u00eas, Ouro Fino \u2013 MG.<\/p>\n<p>Os atendimentos ocorrem \u00e0s quartas-feiras, das 18h \u00e0s 19h, com dura\u00e7\u00e3o de 30 minutos cada, garantindo total confidencialidade aos participantes.<\/p>\n<p>&nbsp;<\/p>\n<p>Contato:<\/p>\n<p>Telefone: (35) 3441-1617 \/ (35) 3441-1616 \/ (35) 3441-1426<\/p>\n<p>E-mail: <a href=\"mailto:clinica.psicologia.of@unisepe.edu.br\">clinica.psicologia.of@unisepe.edu.br<\/a><\/p>\n<p>Link de agendamento: <span style=\"color: #ff0000\"><strong><a href=\"https:\/\/docs.google.com\/forms\/d\/e\/1FAIpQLSeGTgeXGszqGN2DW0z4YbWJTfwZ-ELa9uWgSnoWs9Pi1M8Uhw\/viewform\" style=\"color: #ff0000\">Clique aqui!<\/a><\/strong><\/span><\/p>\n","protected":false},"excerpt":{"rendered":"<p>O APSI &#8211; Apoio Psicopedag\u00f3gico &#8211; das Faculdades Integradas ASMEC \u00e9 uma iniciativa que integra o Programa de Apoio Discente (PAD), oferecendo suporte psicopedag\u00f3gico e psicol\u00f3gico aos alunos. Seu objetivo principal \u00e9 identificar, acompanhar e promover discuss\u00e3o sobre as dificuldades no processo de ensino-aprendizagem e as quest\u00f5es que causam desconforto<\/p>\n","protected":false},"author":5,"featured_media":0,"parent":5274,"menu_order":0,"comment_status":"closed","ping_status":"closed","template":"templates\/template-curso_menu_vertical.php","meta":{"footnotes":""},"categories":[],"tags":[],"class_list":["post-5284","page","type-page","status-publish","hentry"],"_links":{"self":[{"href":"https:\/\/portal.unisepe.com.br\/asmec\/wp-json\/wp\/v2\/pages\/5284","targetHints":{"allow":["GET"]}}],"collection":[{"href":"https:\/\/portal.unisepe.com.br\/asmec\/wp-json\/wp\/v2\/pages"}],"about":[{"href":"https:\/\/portal.unisepe.com.br\/asmec\/wp-json\/wp\/v2\/types\/page"}],"author":[{"embeddable":true,"href":"https:\/\/portal.unisepe.com.br\/asmec\/wp-json\/wp\/v2\/users\/5"}],"replies":[{"embeddable":true,"href":"https:\/\/portal.unisepe.com.br\/asmec\/wp-json\/wp\/v2\/comments?post=5284"}],"version-history":[{"count":1,"href":"https:\/\/portal.unisepe.com.br\/asmec\/wp-json\/wp\/v2\/pages\/5284\/revisions"}],"predecessor-version":[{"id":5285,"href":"https:\/\/portal.unisepe.com.br\/asmec\/wp-json\/wp\/v2\/pages\/5284\/revisions\/5285"}],"up":[{"embeddable":true,"href":"https:\/\/portal.unisepe.com.br\/asmec\/wp-json\/wp\/v2\/pages\/5274"}],"wp:attachment":[{"href":"https:\/\/portal.unisepe.com.br\/asmec\/wp-json\/wp\/v2\/media?parent=5284"}],"wp:term":[{"taxonomy":"category","embeddable":true,"href":"https:\/\/portal.unisepe.com.br\/asmec\/wp-json\/wp\/v2\/categories?post=5284"},{"taxonomy":"post_tag","embeddable":true,"href":"https:\/\/portal.unisepe.com.br\/asmec\/wp-json\/wp\/v2\/tags?post=5284"}],"curies":[{"name":"wp","href":"https:\/\/api.w.org\/{rel}","templated":true}]}}