{"id":647,"date":"2016-07-14T00:41:26","date_gmt":"2016-07-14T00:41:26","guid":{"rendered":"http:\/\/www.fvr.edu.br\/fvr\/site\/?page_id=647"},"modified":"2024-02-23T20:55:30","modified_gmt":"2024-02-23T23:55:30","slug":"bolsas-e-financiamento","status":"publish","type":"page","link":"https:\/\/portal.unisepe.com.br\/asmec\/bolsas-e-financiamento\/","title":{"rendered":"Bolsas e Financiamento"},"content":{"rendered":"<p>A Unisepe \u2013 Uni\u00e3o das Institui\u00e7\u00f5es de Servi\u00e7os, Ensino e Pesquisa, mantenedora das Faculdades Integradas ASMEC, cria oportunidades reais para as pessoas que querem evoluir e conquistar seu espa\u00e7o no mercado de trabalho, porque entende que formar pessoas \u00e9 transform\u00e1-las profunda e decisivamente, criando pontes para que o conhecimento possa resultar em conquistas profissionais e pessoais, oferecendo um conjunto de oportunidades para que o conhecimento esteja ao alcance de todos.<\/p>\n<p>Com esse prop\u00f3sito, torna realidade o ensino superior viabilizando uma forma\u00e7\u00e3o de qualidade buscando atingir cada vez mais pessoas, por meio de programas de bolsas. Dessa forma, possibilita o ingresso de quem busca estudar na ASMEC e a perman\u00eancia dos alunos na institui\u00e7\u00e3o.<\/p>\n<p>Conhe\u00e7a logo abaixo todas as propostas de bolsas e financiamentos que a UNISEPE oferece e escolha a que melhor se encaixa a voc\u00ea!<\/p>\n<p><a href=\"http:\/\/portal.unisepe.com.br\/asmec\/bolsas-e-financiamento\/bolsas-institucionais\/\"><img loading=\"lazy\" decoding=\"async\" class=\"wp-image-2805 aligncenter\" src=\"http:\/\/portal.unisepe.com.br\/asmec\/wp-content\/uploads\/sites\/10006\/2018\/07\/Bolsas_link_1-1-300x70.png\" alt=\"\" width=\"604\" height=\"141\" srcset=\"https:\/\/portal.unisepe.com.br\/asmec\/wp-content\/uploads\/sites\/10006\/2018\/07\/Bolsas_link_1-1-300x70.png 300w, https:\/\/portal.unisepe.com.br\/asmec\/wp-content\/uploads\/sites\/10006\/2018\/07\/Bolsas_link_1-1-768x179.png 768w, https:\/\/portal.unisepe.com.br\/asmec\/wp-content\/uploads\/sites\/10006\/2018\/07\/Bolsas_link_1-1.png 860w\" sizes=\"auto, (max-width: 604px) 100vw, 604px\" \/><\/a><\/p>\n<p><a href=\"http:\/\/portal.unisepe.com.br\/asmec\/bolsas-e-financiamento\/fies\/\"><img loading=\"lazy\" decoding=\"async\" class=\"wp-image-2801 alignleft\" src=\"http:\/\/portal.unisepe.com.br\/asmec\/wp-content\/uploads\/sites\/10006\/2018\/07\/Bolsas_link_2-300x143.png\" alt=\"\" width=\"296\" height=\"141\" srcset=\"https:\/\/portal.unisepe.com.br\/asmec\/wp-content\/uploads\/sites\/10006\/2018\/07\/Bolsas_link_2-300x143.png 300w, https:\/\/portal.unisepe.com.br\/asmec\/wp-content\/uploads\/sites\/10006\/2018\/07\/Bolsas_link_2.png 400w\" sizes=\"auto, (max-width: 296px) 100vw, 296px\" \/><\/a><\/p>\n<p><a href=\"http:\/\/portal.unisepe.com.br\/asmec\/bolsas-e-financiamento\/prouni\/\"><img loading=\"lazy\" decoding=\"async\" class=\"wp-image-2802 alignleft\" src=\"http:\/\/portal.unisepe.com.br\/asmec\/wp-content\/uploads\/sites\/10006\/2018\/07\/Bolsas_link_4-300x143.png\" alt=\"\" width=\"296\" height=\"141\" srcset=\"https:\/\/portal.unisepe.com.br\/asmec\/wp-content\/uploads\/sites\/10006\/2018\/07\/Bolsas_link_4-300x143.png 300w, https:\/\/portal.unisepe.com.br\/asmec\/wp-content\/uploads\/sites\/10006\/2018\/07\/Bolsas_link_4.png 400w\" sizes=\"auto, (max-width: 296px) 100vw, 296px\" \/><\/a><\/p>\n<p><a href=\"https:\/\/portal.unisepe.com.br\/asmec\/bolsas-e-financiamento\/bolsas-institucionais\/bolsa-iesep\/\"><img loading=\"lazy\" decoding=\"async\" src=\"https:\/\/portal.unisepe.com.br\/asmec\/wp-content\/uploads\/sites\/10006\/2023\/10\/logo-IESEP.png\" alt=\"\" width=\"209\" height=\"138\" class=\"alignleft wp-image-4383\" \/><\/a><\/p>\n","protected":false},"excerpt":{"rendered":"<p>A Unisepe \u2013 Uni\u00e3o das Institui\u00e7\u00f5es de Servi\u00e7os, Ensino e Pesquisa, mantenedora das Faculdades Integradas ASMEC, cria oportunidades reais para as pessoas que querem evoluir e conquistar seu espa\u00e7o no mercado de trabalho, porque entende que formar pessoas \u00e9 transform\u00e1-las profunda e decisivamente, criando pontes para que o conhecimento possa<\/p>\n","protected":false},"author":1,"featured_media":0,"parent":0,"menu_order":0,"comment_status":"closed","ping_status":"closed","template":"templates\/template-curso_menu_vertical.php","meta":{"footnotes":""},"categories":[],"tags":[],"class_list":["post-647","page","type-page","status-publish","hentry"],"_links":{"self":[{"href":"https:\/\/portal.unisepe.com.br\/asmec\/wp-json\/wp\/v2\/pages\/647","targetHints":{"allow":["GET"]}}],"collection":[{"href":"https:\/\/portal.unisepe.com.br\/asmec\/wp-json\/wp\/v2\/pages"}],"about":[{"href":"https:\/\/portal.unisepe.com.br\/asmec\/wp-json\/wp\/v2\/types\/page"}],"author":[{"embeddable":true,"href":"https:\/\/portal.unisepe.com.br\/asmec\/wp-json\/wp\/v2\/users\/1"}],"replies":[{"embeddable":true,"href":"https:\/\/portal.unisepe.com.br\/asmec\/wp-json\/wp\/v2\/comments?post=647"}],"version-history":[{"count":28,"href":"https:\/\/portal.unisepe.com.br\/asmec\/wp-json\/wp\/v2\/pages\/647\/revisions"}],"predecessor-version":[{"id":4515,"href":"https:\/\/portal.unisepe.com.br\/asmec\/wp-json\/wp\/v2\/pages\/647\/revisions\/4515"}],"wp:attachment":[{"href":"https:\/\/portal.unisepe.com.br\/asmec\/wp-json\/wp\/v2\/media?parent=647"}],"wp:term":[{"taxonomy":"category","embeddable":true,"href":"https:\/\/portal.unisepe.com.br\/asmec\/wp-json\/wp\/v2\/categories?post=647"},{"taxonomy":"post_tag","embeddable":true,"href":"https:\/\/portal.unisepe.com.br\/asmec\/wp-json\/wp\/v2\/tags?post=647"}],"curies":[{"name":"wp","href":"https:\/\/api.w.org\/{rel}","templated":true}]}}