{"id":661,"date":"2016-07-14T00:53:28","date_gmt":"2016-07-14T00:53:28","guid":{"rendered":"http:\/\/www.fvr.edu.br\/fvr\/site\/?page_id=661"},"modified":"2025-02-13T22:12:06","modified_gmt":"2025-02-14T01:12:06","slug":"bolsas-institucionais","status":"publish","type":"page","link":"https:\/\/portal.unisepe.com.br\/asmec\/bolsas-e-financiamento\/bolsas-institucionais\/","title":{"rendered":"Bolsas Institucionais"},"content":{"rendered":"<p>O objetivo principal do Programa de Bolsas do Grupo UNISEPE \u00e9 o de contribuir para a expans\u00e3o do acesso ao ensino superior pelo financiamento da educa\u00e7\u00e3o \u00e0s pessoas que dificilmente teriam acesso ao ensino superior.<br \/>\nEste programa \u00e9 de \u00e2mbito institucional.<\/p>\n<p><strong>Bolsa de estudo<\/strong> \u2014 \u00c9 um benef\u00edcio concedido ao estudante, na forma de desconto parcial ou integral sobre os valores cobrados pela Faculdade para apoio financeiro, com vistas a custear as despesas de forma\u00e7\u00e3o e de subsist\u00eancia durante um determinado per\u00edodo letivo.<br \/>\nPodem ser:<\/p>\n<ul>\n<li><strong>Bolsa de Estudo Integral<\/strong> \u2013 destinada a estudantes que possuam risco de vulnerabilidade social, renda familiar, por pessoa, at\u00e9 um sal\u00e1rio-m\u00ednimo e meio ou por determina\u00e7\u00f5es estabelecidas pelas conven\u00e7\u00f5es coletivas.<\/li>\n<li><strong>Bolsa de Estudo Parcial<\/strong> &#8211; destinada a estudantes que possuam renda familiar, por pessoa, at\u00e9 tr\u00eas sal\u00e1rios-m\u00ednimos e estejam vinculados a algum Programa de Bolsa de Estudos vigente. Os descontos podem variar e s\u00e3o calculados em cima do valor integral das mensalidades. Concedidas somente para curso de gradua\u00e7\u00e3o.<\/li>\n<\/ul>\n<p>&nbsp;<\/p>\n<ul>\n<li><a href=\"https:\/\/portal.unisepe.com.br\/asmec\/bolsas-e-financiamento\/bolsas-institucionais\/bolsa-proers\/\"><strong>PROERS<\/strong><\/a><\/li>\n<li class=\"texto_destacado\"><a href=\"https:\/\/portal.unisepe.com.br\/asmec\/bolsas-e-financiamento\/bolsas-institucionais\/bom-filho-a-casa-retorna\/\"><strong>BOM FILHO A CASA RETORNA<\/strong><\/a><\/li>\n<li><a href=\"https:\/\/portal.unisepe.com.br\/asmec\/bolsas-e-financiamento\/bolsas-institucionais\/convenio-empresa\/\"><strong>CONV\u00caNIO EMPRESA<\/strong><\/a><\/li>\n<li><a href=\"https:\/\/portal.unisepe.com.br\/asmec\/bolsas-e-financiamento\/bolsas-institucionais\/bolsa-iesep\/\"><strong>Bolsa IESEP<\/strong><\/a><\/li>\n<\/ul>\n","protected":false},"excerpt":{"rendered":"<p>O objetivo principal do Programa de Bolsas do Grupo UNISEPE \u00e9 o de contribuir para a expans\u00e3o do acesso ao ensino superior pelo financiamento da educa\u00e7\u00e3o \u00e0s pessoas que dificilmente teriam acesso ao ensino superior. Este programa \u00e9 de \u00e2mbito institucional. Bolsa de estudo \u2014 \u00c9 um benef\u00edcio concedido ao<\/p>\n","protected":false},"author":1,"featured_media":0,"parent":647,"menu_order":0,"comment_status":"closed","ping_status":"closed","template":"templates\/template-pagina_menu_vertical.php","meta":{"footnotes":""},"categories":[],"tags":[],"class_list":["post-661","page","type-page","status-publish","hentry"],"_links":{"self":[{"href":"https:\/\/portal.unisepe.com.br\/asmec\/wp-json\/wp\/v2\/pages\/661","targetHints":{"allow":["GET"]}}],"collection":[{"href":"https:\/\/portal.unisepe.com.br\/asmec\/wp-json\/wp\/v2\/pages"}],"about":[{"href":"https:\/\/portal.unisepe.com.br\/asmec\/wp-json\/wp\/v2\/types\/page"}],"author":[{"embeddable":true,"href":"https:\/\/portal.unisepe.com.br\/asmec\/wp-json\/wp\/v2\/users\/1"}],"replies":[{"embeddable":true,"href":"https:\/\/portal.unisepe.com.br\/asmec\/wp-json\/wp\/v2\/comments?post=661"}],"version-history":[{"count":7,"href":"https:\/\/portal.unisepe.com.br\/asmec\/wp-json\/wp\/v2\/pages\/661\/revisions"}],"predecessor-version":[{"id":5060,"href":"https:\/\/portal.unisepe.com.br\/asmec\/wp-json\/wp\/v2\/pages\/661\/revisions\/5060"}],"up":[{"embeddable":true,"href":"https:\/\/portal.unisepe.com.br\/asmec\/wp-json\/wp\/v2\/pages\/647"}],"wp:attachment":[{"href":"https:\/\/portal.unisepe.com.br\/asmec\/wp-json\/wp\/v2\/media?parent=661"}],"wp:term":[{"taxonomy":"category","embeddable":true,"href":"https:\/\/portal.unisepe.com.br\/asmec\/wp-json\/wp\/v2\/categories?post=661"},{"taxonomy":"post_tag","embeddable":true,"href":"https:\/\/portal.unisepe.com.br\/asmec\/wp-json\/wp\/v2\/tags?post=661"}],"curies":[{"name":"wp","href":"https:\/\/api.w.org\/{rel}","templated":true}]}}