{"id":689,"date":"2016-07-14T19:35:31","date_gmt":"2016-07-14T19:35:31","guid":{"rendered":"http:\/\/www.fvr.edu.br\/fvr\/site\/?page_id=689"},"modified":"2022-08-22T20:07:34","modified_gmt":"2022-08-22T23:07:34","slug":"instalacoes","status":"publish","type":"page","link":"https:\/\/portal.unisepe.com.br\/asmec\/biblioteca\/instalacoes\/","title":{"rendered":"Instala\u00e7\u00f5es"},"content":{"rendered":"<h4><span style=\"font-family: arial, helvetica, sans-serif\">A Biblioteca \u201cABGARD RENAULT\u201d das Faculdades Integradas Asmec conta uma estrutura de:<\/span><\/h4>\n<hr \/>\n<p>&nbsp;<\/p>\n<ul>\n<li style=\"list-style-type: none\">\n<ul>\n<li style=\"list-style-type: none\">\n<ul>\n<li style=\"list-style-type: none\">\n<ul>\n<li><span style=\"font-family: arial, helvetica, sans-serif\">10 computadores para uso de internet<\/span><\/li>\n<li><span style=\"font-family: arial, helvetica, sans-serif\">2 salas de estudo em grupo<\/span><\/li>\n<li><span style=\"font-family: arial, helvetica, sans-serif\">10 cabines de estudo individual<\/span><\/li>\n<li><span style=\"font-family: arial, helvetica, sans-serif\">1 computador para impress\u00e3o<\/span><\/li>\n<li><span style=\"font-family: arial, helvetica, sans-serif\">1 sala da Bibliotec\u00e1ria<\/span><\/li>\n<li><span style=\"font-family: arial, helvetica, sans-serif\">Espa\u00e7o do acervo<\/span><\/li>\n<li><span style=\"font-family: arial, helvetica, sans-serif\">Espa\u00e7o para atendimento<\/span><\/li>\n<li><span style=\"font-family: arial, helvetica, sans-serif\">Espa\u00e7o aberto para os alunos estudarem, com 16 mesas.<\/span><\/li>\n<\/ul>\n<\/li>\n<\/ul>\n<\/li>\n<\/ul>\n<\/li>\n<\/ul>\n<p>&nbsp;<\/p>\n<p><a href=\"https:\/\/portal.unisepe.com.br\/asmec\/wp-content\/uploads\/sites\/10006\/2022\/08\/WhatsApp-Image-2022-08-19-at-18.55.11.jpeg\"><img decoding=\"async\" src=\"https:\/\/portal.unisepe.com.br\/asmec\/wp-content\/uploads\/sites\/10006\/2022\/08\/WhatsApp-Image-2022-08-19-at-18.55.11.jpeg\" width=\"45%\" class=\"alignleft\" \/><\/a><a href=\"https:\/\/portal.unisepe.com.br\/asmec\/wp-content\/uploads\/sites\/10006\/2022\/08\/WhatsApp-Image-2022-08-19-at-18.55.11-5.jpeg\"><img decoding=\"async\" src=\"https:\/\/portal.unisepe.com.br\/asmec\/wp-content\/uploads\/sites\/10006\/2022\/08\/WhatsApp-Image-2022-08-19-at-18.55.11-5.jpeg\" width=\"45%\" class=\"alignright\" \/><\/a><br \/>\n<a href=\"https:\/\/portal.unisepe.com.br\/asmec\/wp-content\/uploads\/sites\/10006\/2022\/08\/WhatsApp-Image-2022-08-19-at-18.55.11-4.jpeg\"><img decoding=\"async\" src=\"https:\/\/portal.unisepe.com.br\/asmec\/wp-content\/uploads\/sites\/10006\/2022\/08\/WhatsApp-Image-2022-08-19-at-18.55.11-4.jpeg\" width=\"45%\" class=\"alignleft\" \/><\/a><br \/>\n<a href=\"https:\/\/portal.unisepe.com.br\/asmec\/wp-content\/uploads\/sites\/10006\/2022\/08\/WhatsApp-Image-2022-08-19-at-18.55.11-3.jpeg\"><img decoding=\"async\" src=\"https:\/\/portal.unisepe.com.br\/asmec\/wp-content\/uploads\/sites\/10006\/2022\/08\/WhatsApp-Image-2022-08-19-at-18.55.11-3.jpeg\" width=\"45%\" class=\"alignright\" \/><\/a><br \/>\n<a href=\"https:\/\/portal.unisepe.com.br\/asmec\/wp-content\/uploads\/sites\/10006\/2022\/08\/WhatsApp-Image-2022-08-19-at-18.55.11-2.jpeg\"><img decoding=\"async\" src=\"https:\/\/portal.unisepe.com.br\/asmec\/wp-content\/uploads\/sites\/10006\/2022\/08\/WhatsApp-Image-2022-08-19-at-18.55.11-2.jpeg\" width=\"45%\" class=\"alignleft\" \/><\/a><br \/>\n<a href=\"https:\/\/portal.unisepe.com.br\/asmec\/wp-content\/uploads\/sites\/10006\/2022\/08\/WhatsApp-Image-2022-08-19-at-18.55.11-1.jpeg\"><img decoding=\"async\" src=\"https:\/\/portal.unisepe.com.br\/asmec\/wp-content\/uploads\/sites\/10006\/2022\/08\/WhatsApp-Image-2022-08-19-at-18.55.11-1.jpeg\" width=\"45%\" class=\"alignright\" \/><\/a><br \/>\n<a href=\"https:\/\/portal.unisepe.com.br\/asmec\/wp-content\/uploads\/sites\/10006\/2022\/08\/WhatsApp-Image-2022-08-19-at-18.55.10.jpeg\"><img decoding=\"async\" src=\"https:\/\/portal.unisepe.com.br\/asmec\/wp-content\/uploads\/sites\/10006\/2022\/08\/WhatsApp-Image-2022-08-19-at-18.55.10.jpeg\" width=\"45%\" class=\"alignleft\" \/><\/a><br \/>\n<a href=\"https:\/\/portal.unisepe.com.br\/asmec\/wp-content\/uploads\/sites\/10006\/2022\/08\/WhatsApp-Image-2022-08-19-at-18.55.10-5.jpeg\"><img decoding=\"async\" src=\"https:\/\/portal.unisepe.com.br\/asmec\/wp-content\/uploads\/sites\/10006\/2022\/08\/WhatsApp-Image-2022-08-19-at-18.55.10-5.jpeg\" width=\"45%\" class=\"alignright\" \/><\/a><br \/>\n<a href=\"https:\/\/portal.unisepe.com.br\/asmec\/wp-content\/uploads\/sites\/10006\/2022\/08\/WhatsApp-Image-2022-08-19-at-18.55.10-4.jpeg\"><img decoding=\"async\" src=\"https:\/\/portal.unisepe.com.br\/asmec\/wp-content\/uploads\/sites\/10006\/2022\/08\/WhatsApp-Image-2022-08-19-at-18.55.10-4.jpeg\" width=\"45%\" class=\"alignleft\" \/><\/a><br \/>\n<a href=\"https:\/\/portal.unisepe.com.br\/asmec\/wp-content\/uploads\/sites\/10006\/2022\/08\/WhatsApp-Image-2022-08-19-at-18.55.10-3.jpeg\"><\/a><a href=\"https:\/\/portal.unisepe.com.br\/asmec\/wp-content\/uploads\/sites\/10006\/2022\/08\/WhatsApp-Image-2022-08-19-at-18.55.10-3.jpeg\"><img decoding=\"async\" src=\"https:\/\/portal.unisepe.com.br\/asmec\/wp-content\/uploads\/sites\/10006\/2022\/08\/WhatsApp-Image-2022-08-19-at-18.55.10-3.jpeg\" width=\"45%\" class=\"alignright\" \/><\/a><br \/>\n<a href=\"https:\/\/portal.unisepe.com.br\/asmec\/wp-content\/uploads\/sites\/10006\/2022\/08\/WhatsApp-Image-2022-08-19-at-18.55.10-1.jpeg\"><img decoding=\"async\" src=\"https:\/\/portal.unisepe.com.br\/asmec\/wp-content\/uploads\/sites\/10006\/2022\/08\/WhatsApp-Image-2022-08-19-at-18.55.10-1.jpeg\" width=\"45%\" class=\"alignleft\" \/><\/a><\/p>\n<p>&nbsp;<\/p>\n","protected":false},"excerpt":{"rendered":"<p>A Biblioteca \u201cABGARD RENAULT\u201d das Faculdades Integradas Asmec conta uma estrutura de: &nbsp; 10 computadores para uso de internet 2 salas de estudo em grupo 10 cabines de estudo individual 1 computador para impress\u00e3o 1 sala da Bibliotec\u00e1ria Espa\u00e7o do acervo Espa\u00e7o para atendimento Espa\u00e7o aberto para os alunos estudarem,<\/p>\n","protected":false},"author":1,"featured_media":0,"parent":285,"menu_order":0,"comment_status":"closed","ping_status":"closed","template":"templates\/template-pagina_menu_vertical.php","meta":{"footnotes":""},"categories":[],"tags":[],"class_list":["post-689","page","type-page","status-publish","hentry"],"_links":{"self":[{"href":"https:\/\/portal.unisepe.com.br\/asmec\/wp-json\/wp\/v2\/pages\/689","targetHints":{"allow":["GET"]}}],"collection":[{"href":"https:\/\/portal.unisepe.com.br\/asmec\/wp-json\/wp\/v2\/pages"}],"about":[{"href":"https:\/\/portal.unisepe.com.br\/asmec\/wp-json\/wp\/v2\/types\/page"}],"author":[{"embeddable":true,"href":"https:\/\/portal.unisepe.com.br\/asmec\/wp-json\/wp\/v2\/users\/1"}],"replies":[{"embeddable":true,"href":"https:\/\/portal.unisepe.com.br\/asmec\/wp-json\/wp\/v2\/comments?post=689"}],"version-history":[{"count":41,"href":"https:\/\/portal.unisepe.com.br\/asmec\/wp-json\/wp\/v2\/pages\/689\/revisions"}],"predecessor-version":[{"id":4120,"href":"https:\/\/portal.unisepe.com.br\/asmec\/wp-json\/wp\/v2\/pages\/689\/revisions\/4120"}],"up":[{"embeddable":true,"href":"https:\/\/portal.unisepe.com.br\/asmec\/wp-json\/wp\/v2\/pages\/285"}],"wp:attachment":[{"href":"https:\/\/portal.unisepe.com.br\/asmec\/wp-json\/wp\/v2\/media?parent=689"}],"wp:term":[{"taxonomy":"category","embeddable":true,"href":"https:\/\/portal.unisepe.com.br\/asmec\/wp-json\/wp\/v2\/categories?post=689"},{"taxonomy":"post_tag","embeddable":true,"href":"https:\/\/portal.unisepe.com.br\/asmec\/wp-json\/wp\/v2\/tags?post=689"}],"curies":[{"name":"wp","href":"https:\/\/api.w.org\/{rel}","templated":true}]}}