{"id":692,"date":"2016-07-14T19:39:07","date_gmt":"2016-07-14T19:39:07","guid":{"rendered":"http:\/\/www.fvr.edu.br\/fvr\/site\/?page_id=692"},"modified":"2025-04-16T19:46:04","modified_gmt":"2025-04-16T22:46:04","slug":"links","status":"publish","type":"page","link":"https:\/\/portal.unisepe.com.br\/asmec\/biblioteca\/links\/","title":{"rendered":"Link&#8217;s"},"content":{"rendered":"<p><strong style=\"font-size: 0.95em\">Direito: <em>Links Jur\u00eddicos:<\/em><\/strong><\/p>\n<div>\n<p><strong>Poder Executivo<\/strong><\/p>\n<\/div>\n<div>\n<ul>\n<li><a href=\"http:\/\/www.planalto.gov.br\/\" target=\"_blank\" rel=\"noopener noreferrer\">www.planalto.gov.br<\/a><\/li>\n<li><a href=\"http:\/\/www.mec.gov.br\/\" target=\"_blank\" rel=\"noopener noreferrer\">www.mec.gov.br<\/a><\/li>\n<li><a href=\"http:\/\/www.mj.gov.br\/\" target=\"_blank\" rel=\"noopener noreferrer\">www.mj.gov.br<\/a><\/li>\n<\/ul>\n<\/div>\n<div>\n<p><strong>Poder Judici\u00e1rio Tribunais Superiores<\/strong><\/p>\n<\/div>\n<div>\n<ul>\n<li><a href=\"https:\/\/www.stf.jus.br\">Supremo Tribunal Federal &#8211; STF<\/a><\/li>\n<li><a href=\"http:\/\/www.stm.gov.br\/\" target=\"_blank\" rel=\"noopener noreferrer\">Superior Tribunal Militar &#8211; STM<\/a><\/li>\n<\/ul>\n<\/div>\n<div>\n<p><strong>Tribunais Regionais Federais e Justi\u00e7a Federal<\/strong><\/p>\n<\/div>\n<div>\n<ul>\n<li><a href=\"https:\/\/portal.trf1.jus.br\">Tribunal Regional Federal da 1\u00aa Regi\u00e3o<\/a><\/li>\n<li><a href=\"http:\/\/www.trf2.gov.br\/\" target=\"_blank\" rel=\"noopener noreferrer\">Tribunal Regional Federal da 2\u00aa Regi\u00e3o &#8211; Rio de Janeiro<\/a><\/li>\n<li><a href=\"https:\/\/www.jfsp.jus.br\/marilia\">11\u00aa Vara Federal de Mar\u00edlia \u2013 SP<\/a><\/li>\n<li><a href=\"https:\/\/www.jfpe.jus.br\/index.php\/\">1\u00aa Vara Federal de Recife\/PE<\/a><\/li>\n<li><a href=\"https:\/\/www.cjf.jus.br\/cjf\">Conselho da Justi\u00e7a Federal \u2013 CJF<\/a><\/li>\n<\/ul>\n<\/div>\n<div>\n<p><strong>Tribunais Superior do Trabalho e Justi\u00e7a do Trabalho<\/strong><\/p>\n<\/div>\n<div>\n<ul>\n<li><a href=\"https:\/\/ww2.trt2.jus.br\/\" target=\"_blank\" rel=\"noopener noreferrer\">Tribunal Regional do Trabalho da 2\u00aa Regi\u00e3o &#8211; S\u00e3o Paulo<\/a><\/li>\n<li><a href=\"https:\/\/www.trt4.jus.br\">Tribunal Regional do Trabalho da 4\u00aa Regi\u00e3o &#8211; Rio Grande do Sul<\/a><\/li>\n<li><a href=\"http:\/\/www.trt6.gov.br\/\" target=\"_blank\" rel=\"noopener noreferrer\">Tribunal Regional do Trabalho da 6\u00aa Regi\u00e3o &#8211; Pernambuco<\/a><\/li>\n<li><a href=\"https:\/\/portal.trt3.jus.br\/internet\">Tribunal Regional do Trabalho da 3\u00aa Regi\u00e3o \u2013 Minas Gerais<\/a><\/li>\n<li><a href=\"https:\/\/www.tst.jus.br\/\">Tribunal Superior do Trabalho \u2013 TST<\/a><\/li>\n<\/ul>\n<\/div>\n<div>\n<p><strong>Tribunais Superior Eleitoral e Regionais<\/strong><\/p>\n<\/div>\n<div>\n<ul>\n<li><a href=\"https:\/\/www.tse.jus.br\" target=\"_blank\" rel=\"noopener noreferrer\">Tribunal Superior Eleitoral &#8211; TSE<\/a><\/li>\n<\/ul>\n<\/div>\n<div>\n<p><strong>Tribunais Estaduais<\/strong><\/p>\n<\/div>\n<div>\n<ul>\n<li><a href=\"http:\/\/www.tj.ba.gov.br\/\" target=\"_blank\" rel=\"noopener noreferrer\">Tribunal de Justi\u00e7a do Estado da Bahia<\/a><\/li>\n<li><a href=\"http:\/\/www.tj.es.gov.br\/\" target=\"_blank\" rel=\"noopener noreferrer\">Tribunal de Justi\u00e7a do Estado do Esp\u00edrito Santo<\/a><\/li>\n<li><a href=\"http:\/\/www.tjms.jus.br\" target=\"_blank\" rel=\"noopener noreferrer\">Tribunal de Justi\u00e7a do Estado de Mato Grosso do Sul<\/a><\/li>\n<li><a href=\"https:\/\/www.tjdft.jus.br\/\">Tribunal de Justi\u00e7a do Distrito Federal e Territ\u00f3rios<\/a><\/li>\n<li><a href=\"http:\/\/www.tjmt.jus.br\/\">Tribunal de Justi\u00e7a do Estado de Mato Grosso<\/a><\/li>\n<li><a href=\"https:\/\/www.tjpa.jus.br\/PortalExterno\/\">Tribunal de Justi\u00e7a do Estado do Par\u00e1<\/a><\/li>\n<li><a href=\"https:\/\/www.tjpe.jus.br\/\">Tribunal de Justi\u00e7a do Estado de Pernambuco<\/a><\/li>\n<li><a href=\"https:\/\/www.tjsc.jus.br\/\">Tribunal de Justi\u00e7a de Santa Catarina<\/a><\/li>\n<li><a href=\"https:\/\/www.tjse.jus.br\/portal\/\">Tribunal de Justi\u00e7a do Estado de Sergipe<\/a><\/li>\n<\/ul>\n<\/div>\n<div>\n<p><strong>Tribunais de Contas<\/strong><\/p>\n<\/div>\n<div>\n<ul>\n<li><a href=\"http:\/\/www.tce.ba.gov.br\/\" target=\"_blank\" rel=\"noopener noreferrer\">Tribunal de Contas do Estado da Bahia<\/a><\/li>\n<li><a href=\"http:\/\/www.tce.es.gov.br\/\" target=\"_blank\" rel=\"noopener noreferrer\">Tribunal de Contas do Estado do Esp\u00edrito Santo<\/a><\/li>\n<li><a href=\"http:\/\/www.tce.pb.gov.br\/\" target=\"_blank\" rel=\"noopener noreferrer\">Tribunal de Contas do Estado da Para\u00edba<\/a><\/li>\n<li><a href=\"http:\/\/www.tce.pe.gov.br\/\" target=\"_blank\" rel=\"noopener noreferrer\">Tribunal de Contas do Estado de Pernambuco<\/a><\/li>\n<li><a href=\"http:\/\/www.tce.rj.gov.br\/\" target=\"_blank\" rel=\"noopener noreferrer\">Tribunal de Contas do Estado do Rio de Janeiro<\/a><\/li>\n<li><a href=\"http:\/\/www.tcm.rj.gov.br\/\" target=\"_blank\" rel=\"noopener noreferrer\">Tribunal de Contas do Munic\u00edpio do Rio de janeiro<\/a><\/li>\n<li><a href=\"http:\/\/www.tce.rs.gov.br\/\" target=\"_blank\" rel=\"noopener noreferrer\">Tribunal de Contas do Estado do Rio Grande do Sul<\/a><\/li>\n<li><a href=\"http:\/\/www.tce.sc.gov.br\/\" target=\"_blank\" rel=\"noopener noreferrer\">Tribunal de Contas do Estado de Santa Catarina<\/a><\/li>\n<li><a href=\"http:\/\/www.tce.sp.gov.br\/\" target=\"_blank\" rel=\"noopener noreferrer\">Tribunal de Contas do Estado de S\u00e3o Paulo<\/a><\/li>\n<\/ul>\n<\/div>\n<div>\n<p><strong>Minist\u00e9rio P\u00fablico<\/strong><\/p>\n<\/div>\n<div>\n<ul>\n<li><a href=\"http:\/\/www.mpf.mp.br\/df\" target=\"_blank\" rel=\"noopener noreferrer\">Procuradoria Regional da Rep\u00fablica da 1\u00aa Regi\u00e3o &#8211; Distrito Federal<\/a><\/li>\n<li><a href=\"https:\/\/www.prt2.mpt.mp.br\/\" target=\"_blank\" rel=\"noopener noreferrer\">Procuradoria Regional do Trabalho da 2\u00aa Regi\u00e3o &#8211; S\u00e3o Paulo<\/a><\/li>\n<li><a href=\"https:\/\/portal.trt3.jus.br\" target=\"_blank\" rel=\"noopener noreferrer\">Procuradoria Regional do Trabalho da 3\u00aa Regi\u00e3o &#8211; Minas Gerais<\/a><\/li>\n<li><a href=\"https:\/\/www.prt7.mpt.mp.br\/\" target=\"_blank\" rel=\"noopener noreferrer\">Procuradoria Regional do Trabalho da 7\u00aa Regi\u00e3o &#8211; Cear\u00e1<\/a><\/li>\n<li><a href=\"https:\/\/portal.trt11.jus.br\/\" target=\"_blank\" rel=\"noopener noreferrer\">Procuradoria Regional do Trabalho da 11\u00aa Regi\u00e3o &#8211; Amazonas<\/a><\/li>\n<li><a href=\"https:\/\/www.trt13.jus.br\" target=\"_blank\" rel=\"noopener noreferrer\">Procuradoria Regional do Trabalho da 13\u00aa Regi\u00e3o &#8211; Para\u00edba<\/a><\/li>\n<li><a href=\"https:\/\/www.prt15.mpt.mp.br\/\" target=\"_blank\" rel=\"noopener noreferrer\">Procuradoria Regional do Trabalho da 15\u00aa Regi\u00e3o &#8211; Campinas<\/a><\/li>\n<li><a href=\"https:\/\/www.prt17.mpt.mp.br\" target=\"_blank\" rel=\"noopener noreferrer\">Procuradoria Regional do Trabalho da 17\u00aa Regi\u00e3o &#8211; Esp\u00edrito Santo<\/a><\/li>\n<li><a href=\"http:\/\/www.pge.es.gov.br\/\" target=\"_blank\" rel=\"noopener noreferrer\">Procuradoria Geral do Estado do Esp\u00edrito Santo<\/a><\/li>\n<li><a href=\"https:\/\/www.prt20.mpt.mp.br\/\" target=\"_blank\" rel=\"noopener noreferrer\">Procuradoria Regional do Trabalho da 20\u00aa Regi\u00e3o &#8211; Sergipe<\/a><\/li>\n<li><a href=\"https:\/\/www.prt24.mpt.mp.br\/\" target=\"_blank\" rel=\"noopener noreferrer\">Procuradoria Regional do Trabalho da 24\u00aa Regi\u00e3o &#8211; Mato Grosso do Sul<\/a><\/li>\n<li><a href=\"http:\/\/www.mpce.mp.br\/\" target=\"_blank\" rel=\"noopener noreferrer\">Minist\u00e9rio P\u00fablico do Estado do Cear\u00e1<\/a><\/li>\n<li><a href=\"http:\/\/www.mp.rs.gov.br\/\" target=\"_blank\" rel=\"noopener noreferrer\">Minist\u00e9rio P\u00fablico do Estado do Rio Grande do Sul<\/a><\/li>\n<li><a href=\"http:\/\/www.mp.sp.gov.br\/\" target=\"_blank\" rel=\"noopener noreferrer\">Minist\u00e9rio P\u00fablico do Estado de S\u00e3o Paulo<\/a><\/li>\n<li><a href=\"https:\/\/www.mpf.mp.br\/pgr\">Procuradoria Geral da Rep\u00fablica \u2013 Minist\u00e9rio P\u00fablico Federal (PGR)<\/a><\/li>\n<li><a href=\"https:\/\/www.mpf.mp.br\/\">Procuradoria Geral da Rep\u00fablica \u2013 Minist\u00e9rio P\u00fablico Federal (MPF)<\/a><\/li>\n<li><a href=\"https:\/\/mppr.mp.br\/\">Minist\u00e9rioP\u00fablico do Estado do Paran\u00e1<\/a><\/li>\n<li><a href=\"https:\/\/www.mpro.mp.br\/\">Minist\u00e9rio P\u00fablico do Estado de Rond\u00f4nia<\/a><\/li>\n<\/ul>\n<\/div>\n<div>\n<p><strong>Ordem dos Advogados<\/strong><\/p>\n<\/div>\n<div>\n<ul>\n<li><a href=\"https:\/\/oabdf.org.br\/\">Ordem dos Advogados do Brasil \u2013 Distrito Federal \u2013 OAB\/DF<\/a><\/li>\n<li><a href=\"https:\/\/www.oabpr.org.br\/\">Ordem dos Advogados do Brasil \u2013 Paran\u00e1 \u2013 OAB\/PR<\/a><\/li>\n<li><a href=\"https:\/\/www.oabmg.org.br\/\">Ordem dos Advogados do Brasil \u2013 Minas Gerais \u2013 OAB\/MG<\/a><\/li>\n<li><a href=\"http:\/\/www.oab.org.br\/\" target=\"_blank\" rel=\"noopener noreferrer\">Ordem dos Advogados do Brasil &#8211; Conselho Federal &#8211; OAB<\/a><\/li>\n<li><a href=\"https:\/\/www.oab-al.org.br\/\" target=\"_blank\" rel=\"noopener noreferrer\">Ordem dos Advogados do Brasil &#8211; Alagoas &#8211; OAB\/AL<\/a><\/li>\n<li><a href=\"http:\/\/www.oabes.org.br\/\" target=\"_blank\" rel=\"noopener noreferrer\">Ordem dos Advogados do Brasil &#8211; Esp\u00edrito Santo &#8211; OAB\/ES<\/a><\/li>\n<\/ul>\n<\/div>\n<div>\n<p><strong>Legisla\u00e7\u00e3o em outros Sites<\/strong><\/p>\n<\/div>\n<div>\n<ul>\n<li><a href=\"https:\/\/www.amatra10.org.br\/\">AMATRA10 &#8211; Associa\u00e7\u00e3o dos Magistrados da Justi\u00e7a do Trabalho da 10\u00ba Regi\u00e3o &#8211; DF\/TO<\/a><\/li>\n<li><a href=\"http:\/\/www.sefaz.ce.gov.br\/\" target=\"_blank\" rel=\"noopener noreferrer\"><strong>Secretaria de Fazenda &#8211; CE:<\/strong> Legisla\u00e7\u00e3o Tribut\u00e1ria do Cear\u00e1 Leis, decretos e instru\u00e7\u00f5es<\/a><\/li>\n<li><a href=\"https:\/\/www.dbba.com.br\/\"><strong>Denis Borges Barbosa:<\/strong>\u00a0Legisla\u00e7\u00e3o sobre Propriedade Industrial Legisla\u00e7\u00e3o, doutrina e jurisprud\u00eancia de propriedade industria<\/a><\/li>\n<li><a href=\"https:\/\/www.crea-mg.org.br\/\">CREA-AM\/RR<\/a><\/li>\n<\/ul>\n<\/div>\n<div>\n<ul>\n<li style=\"list-style-type: none\">\n<ul><\/ul>\n<\/li>\n<\/ul>\n<\/div>\n","protected":false},"excerpt":{"rendered":"<p>Direito: Links Jur\u00eddicos: Poder Executivo www.planalto.gov.br www.mec.gov.br www.mj.gov.br Poder Judici\u00e1rio Tribunais Superiores Supremo Tribunal Federal &#8211; STF Superior Tribunal Militar &#8211; STM Tribunais Regionais Federais e Justi\u00e7a Federal Tribunal Regional Federal da 1\u00aa Regi\u00e3o Tribunal Regional Federal da 2\u00aa Regi\u00e3o &#8211; Rio de Janeiro 11\u00aa Vara Federal de Mar\u00edlia \u2013<\/p>\n","protected":false},"author":1,"featured_media":0,"parent":285,"menu_order":0,"comment_status":"closed","ping_status":"closed","template":"templates\/template-pagina_menu_vertical.php","meta":{"footnotes":""},"categories":[],"tags":[],"class_list":["post-692","page","type-page","status-publish","hentry"],"_links":{"self":[{"href":"https:\/\/portal.unisepe.com.br\/asmec\/wp-json\/wp\/v2\/pages\/692","targetHints":{"allow":["GET"]}}],"collection":[{"href":"https:\/\/portal.unisepe.com.br\/asmec\/wp-json\/wp\/v2\/pages"}],"about":[{"href":"https:\/\/portal.unisepe.com.br\/asmec\/wp-json\/wp\/v2\/types\/page"}],"author":[{"embeddable":true,"href":"https:\/\/portal.unisepe.com.br\/asmec\/wp-json\/wp\/v2\/users\/1"}],"replies":[{"embeddable":true,"href":"https:\/\/portal.unisepe.com.br\/asmec\/wp-json\/wp\/v2\/comments?post=692"}],"version-history":[{"count":24,"href":"https:\/\/portal.unisepe.com.br\/asmec\/wp-json\/wp\/v2\/pages\/692\/revisions"}],"predecessor-version":[{"id":5303,"href":"https:\/\/portal.unisepe.com.br\/asmec\/wp-json\/wp\/v2\/pages\/692\/revisions\/5303"}],"up":[{"embeddable":true,"href":"https:\/\/portal.unisepe.com.br\/asmec\/wp-json\/wp\/v2\/pages\/285"}],"wp:attachment":[{"href":"https:\/\/portal.unisepe.com.br\/asmec\/wp-json\/wp\/v2\/media?parent=692"}],"wp:term":[{"taxonomy":"category","embeddable":true,"href":"https:\/\/portal.unisepe.com.br\/asmec\/wp-json\/wp\/v2\/categories?post=692"},{"taxonomy":"post_tag","embeddable":true,"href":"https:\/\/portal.unisepe.com.br\/asmec\/wp-json\/wp\/v2\/tags?post=692"}],"curies":[{"name":"wp","href":"https:\/\/api.w.org\/{rel}","templated":true}]}}