{"id":717,"date":"2016-07-14T21:12:25","date_gmt":"2016-07-14T21:12:25","guid":{"rendered":"http:\/\/www.fvr.edu.br\/fvr\/site\/?page_id=717"},"modified":"2025-04-16T19:49:40","modified_gmt":"2025-04-16T22:49:40","slug":"revistas","status":"publish","type":"page","link":"https:\/\/portal.unisepe.com.br\/asmec\/biblioteca\/revistas\/","title":{"rendered":"Revistas"},"content":{"rendered":"<p><strong>Peri\u00f3dicos de Psicologia<\/strong><\/p>\n<ul>\n<li><a href=\"https:\/\/portal.unisepe.com.br\/asmec\/wp-content\/uploads\/sites\/10006\/2022\/08\/PAR\u00c2METROS-CURRICULARES-NACIONAIS-ENSINO-M\u00c9DIO-1.pdf\">PAR\u00c2METROS CURRICULARES NACIONAIS &#8211; (ENSINO M\u00c9DIO)<\/a><\/li>\n<li><a href=\"https:\/\/portal.unisepe.com.br\/asmec\/wp-content\/uploads\/sites\/10006\/2022\/08\/PAR\u00c2METROS-CURRICULARES-NACIONAIS-ENSINO-M\u00c9DIO-Linguagens.pdf\">PAR\u00c2METROS CURRICULARES NACIONAIS (ENSINO M\u00c9DIO) &#8211; Linguagens<\/a><\/li>\n<li><a href=\"http:\/\/www.bvs-psi.org.br\/php\/index.php\" target=\"_blank\" rel=\"noopener noreferrer\">BVS Psicologia<\/a><\/li>\n<li><a href=\"http:\/\/portal.pepsic.bvsalud.org\/php\/index.php?lang=pt\" target=\"_blank\" rel=\"noopener noreferrer\">Pepsic<\/a><\/li>\n<li><a href=\"http:\/\/www.psicodoc.org\/pt\/home.htm\" target=\"_blank\" rel=\"noopener noreferrer\">Base de dados de psicologia PSICODOC<\/a><\/li>\n<li><a href=\"http:\/\/site.cfp.org.br\/\">CFP \u2013 Conselho Federal de Psicologia<\/a><\/li>\n<li><a href=\"http:\/\/www.ip.usp.br\/portal\/\">USP \u2013 Instituto de Psicologia<\/a><\/li>\n<li><a href=\"http:\/\/www.cienciasecognicao.org\/revista\/index.php\/cec\/index\">Ci\u00eancias e Cogni\u00e7\u00e3o \u2013 Revista Virtual<\/a><\/li>\n<li><a href=\"http:\/\/www.sciencedirect.com\/science\/journal\/00100285?oldURL=y\">Cognitive Psychology \u2013 Science Direct<\/a><\/li>\n<li><a href=\"http:\/\/www.scielo.br\/scielo.php?script=sci_serial&amp;pid=1413-294X&amp;lng=en&amp;nrm=iso\">Scielo \u2013 UFRN \u2013 Estudos de Psicologia<\/a><\/li>\n<li><a href=\"https:\/\/www.periodicosdeminas.ufmg.br\/periodicos\/gerais-revista-interinstitucional-de-psicologia\/\">UFMG \u2013 Revista Interinstitucional de Psicologia<\/a><\/li>\n<li><a href=\"http:\/\/www.scielo.br\/scielo.php?script=sci_serial&amp;pid=0103-5665&amp;nrm=iso&amp;rep=&amp;lng=pt\">Scielo \u2013 Psicologia Cl\u00ednica<\/a><\/li>\n<li><a href=\"http:\/\/www.scielo.br\/scielo.php?script=sci_serial&amp;pid=0102-7182&amp;lng=en&amp;nrm=iso\">Scielo \u2013 Psicologia e Sociedade<\/a><\/li>\n<li><a href=\"http:\/\/pepsic.bvsalud.org\/scielo.php?script=sci_serial&amp;pid=1414-9893&amp;lng=pt\">Scielo \u2013 Psicologia Ci\u00eancia e Profiss\u00e3o<\/a><\/li>\n<li><a href=\"http:\/\/www.scielo.br\/scielo.php?script=sci_serial&amp;lng=pt&amp;pid=0103-6564&amp;nrm=iso\">Scielo \u2013 Psicologia USP<\/a><\/li>\n<li><a href=\"https:\/\/abrapee.wordpress.com\/revista\/\">ABRAPEE \u2013 Associa\u00e7\u00e3o Brasileira de Psicologia Escolar e Educacional<\/a><\/li>\n<li><a href=\"http:\/\/periodicos.pucminas.br\/index.php\/psicologiaemrevista\">PUC Minas \u2013 Psicologia em Revista<\/a><\/li>\n<li><a href=\"http:\/\/www.apa.org\/pubs\/journals\/\">APA \u2013 American Psychological Association<\/a><\/li>\n<li><a href=\"http:\/\/www.revistapsicopedagogia.com.br\/\">ABPP \u2013 Associa\u00e7\u00e3o Brasileira de Psicopedagogia<\/a><\/li>\n<li><a href=\"http:\/\/periodicos.pucminas.br\/index.php\/psicologiaemrevista\">SBP Sociedade Brasileira de Psicologia <\/a><\/li>\n<li><a href=\"http:\/\/pepsic.bvsalud.org\/scielo.php?script=sci_serial&amp;pid=1677-0471\">Revista Avalia\u00e7\u00e3o Psicol\u00f3gica<\/a><\/li>\n<li><a href=\"https:\/\/periodicos.puc-campinas.edu.br\/estudos\">Revista Estudos de Psicologia ( PUC CAMPINAS )<\/a><\/li>\n<li><a href=\"https:\/\/editorarevistas.mackenzie.br\/index.php\/ptp\">Revista Psicologia \u2013 Teoria e Pr\u00e1tica<\/a><\/li>\n<li><a href=\"https:\/\/www.abp.org.br\/\">Revista\u00a0\u2013 Brasileira de Psiquiatria<\/a><\/li>\n<li><a href=\"https:\/\/site.cfp.org.br\/wp-content\/uploads\/2022\/06\/WEB_29535_Codigo_de_etica_da_profissao_14.04-1.pdf\">C\u00f3digo de \u00c9tica Profissional Psic\u00f3logo <\/a><\/li>\n<\/ul>\n<hr \/>\n<p><strong>Revistas Eletr\u00f4nicas &#8211; Educa\u00e7\u00e3o F\u00edsica (Bacharelado e Licenciatura)<\/strong><\/p>\n<ul>\n<li><a href=\"http:\/\/seer.ufrgs.br\/Movimento\" target=\"_blank\" rel=\"noopener noreferrer\">Revista Movimento<\/a><\/li>\n<li><a href=\"http:\/\/periodicos.uem.br\/ojs\/index.php\/RevEducFis\" target=\"_blank\" rel=\"noopener noreferrer\">Revista da Educa\u00e7\u00e3o F\u00edsica<\/a><\/li>\n<li><a href=\"http:\/\/revista.cbce.org.br\/index.php\/RBCE\" target=\"_blank\" rel=\"noopener noreferrer\">Revista Brasileira de Ci\u00eancias do Esporte<\/a><\/li>\n<li><a href=\"http:\/\/www.periodicos.rc.biblioteca.unesp.br\/index.php\/motriz\" target=\"_blank\" rel=\"noopener noreferrer\">Revista MotrizM<\/a><\/li>\n<li><a href=\"http:\/\/www.fade.up.pt\/rpcd\/entradaPT.html\" target=\"_blank\" rel=\"noopener noreferrer\">Revista Portuguesa de Ci\u00eancias do Desporto<\/a><\/li>\n<li><a href=\"http:\/\/www.revistas.ufg.br\/index.php\/fef\" target=\"_blank\" rel=\"noopener noreferrer\">Revista Pensar a pr\u00e1tica<\/a><\/li>\n<li><a href=\"https:\/\/rbme.org\/\" target=\"_blank\" rel=\"noopener noreferrer\">Revista Brasileira de Medicina do Esporte<\/a><\/li>\n<\/ul>\n<hr \/>\n<p><strong>Administra\u00e7\u00e3o<\/strong><\/p>\n<ul>\n<li><a href=\"http:\/\/www.regeusp.com.br\/\">Revista Rege Usp<\/a><\/li>\n<li><a href=\"http:\/\/www.sbc.org.br\/index.php?language=1&amp;subject=101\">Revista SBC<\/a><\/li>\n<li><a href=\"http:\/\/periodicos.franca.unesp.br\/index.php\/SSR\">Revista Tec Hoje<\/a><\/li>\n<li><a href=\"http:\/\/www.revista.inf.br\/\">Revista Administra\u00e7\u00e3o Faesp<\/a><\/li>\n<li><a href=\"http:\/\/exame.abril.com.br\/\">Revista Exame<\/a><\/li>\n<li><a href=\"http:\/\/anpad.org.br\/periodicos\/content\/frame_base.php?revista=1\">Revista RAC<\/a><\/li>\n<li><a href=\"https:\/\/www.gestaoeproducao.com\/\">Revista Gest\u00e3o da Produ\u00e7\u00e3o UFScar<\/a><\/li>\n<li><a href=\"http:\/\/revistaadmmade.estacio.br\/index.php\/admmade\">Revista ADM MADE<\/a><\/li>\n<li><a href=\"http:\/\/portal.revistas.bvs.br\/index.php?issn=0034-7604&amp;lang=pt\">Revista Administra\u00e7\u00e3o Municipal<\/a><\/li>\n<li><a href=\"http:\/\/www.revista.inf.br\/\">Revista Eletr\u00f4nica de Administra\u00e7\u00e3o<\/a><\/li>\n<li><a href=\"http:\/\/www.anpad.org.br\/periodicos\/content\/frame_base.php?revista=2\">Revista Brazilian Administration Review<\/a><\/li>\n<li><a href=\"https:\/\/revistarba.org.br\/\">Revista Brasileira de Administra\u00e7\u00e3o<\/a><\/li>\n<\/ul>\n<hr \/>\n<p><strong>Direito<\/strong><\/p>\n<ul>\n<li><a href=\"http:\/\/www.ufsm.br\/revistadireito\/\" target=\"_blank\" rel=\"noopener noreferrer\">http:\/\/www.ufsm.br\/revistadireito\/<\/a><\/li>\n<li><a href=\"http:\/\/www.egov.ufsc.br\/portal\/buscalegis\">Revista de Inform\u00e1tica Jur\u00eddica<\/a><\/li>\n<li><a href=\"http:\/\/www.redp.com.br\/\">Revista Eletr\u00f4nica de Direito Processual<\/a><\/li>\n<li><a href=\"http:\/\/revistas.unisinos.br\/index.php\/RECHTD\">Revista de Estudos Constitucionais, Hermen\u00eautica e Teoria do Direito<\/a><\/li>\n<li><a href=\"http:\/\/www.uel.br\/revistas\/uel\/index.php\/direitopub\">Revista Eletr\u00f4nica de Direito P\u00fablico da UEL<\/a><\/li>\n<li><a href=\"http:\/\/www.direitodoestado.com.br\/revistas-eletronicas\">Revista Eletr\u00f4nica Direito do Estado<\/a><\/li>\n<li><a href=\"https:\/\/revistas.ufpr.br\/direito\">Revista da Faculdade de Direito da UFPR<\/a><\/li>\n<li><a href=\"http:\/\/www.e-publicacoes.uerj.br\/index.php\/rfduerj\">Revista da Faculdade de Direito da UERJ<\/a><\/li>\n<li><a href=\"https:\/\/www.direito.ufmg.br\/revista\/index.php\/revista\">Revista da Faculdade de Direito da UFMG<\/a><\/li>\n<li><a href=\"http:\/\/periodicos.pucminas.br\/index.php\/Direito\">Revista da Faculdade Mineira de Direito<\/a><\/li>\n<li><a href=\"https:\/\/direitosp.fgv.br\/publicacoes\/revista\/revista-direito-gv\">Revista Direito FGV<\/a><\/li>\n<li><a href=\"https:\/\/www.portaldeperiodicos.idp.edu.br\/direitopublico\">Revista de Direito P\u00fablico do IDP<\/a><\/li>\n<li><a href=\"https:\/\/www.portaldeperiodicos.idp.edu.br\/observatorio\">Observat\u00f3rio da Jurisdi\u00e7\u00e3o Constitucional<\/a><\/li>\n<li><a href=\"http:\/\/www.cervantesvirtual.com\/portales\/doxa\/\">Revista DOXA<\/a><\/li>\n<li><a href=\"http:\/\/www.e-publicacoes.uerj.br\/index.php\/redpenal\">Revista Eletr\u00f4nica de Direito Penal<\/a><\/li>\n<li><a href=\"https:\/\/www.enlaw.com.br\/revista\/748\">REJUR \u2013 Revista Jur\u00eddica da UFERSA \u2013 REJUR<\/a><\/li>\n<li><a href=\"https:\/\/www.enlaw.com.br\/revista\/751\">Revista AGU<\/a><\/li>\n<li><a href=\"https:\/\/seer.imed.edu.br\/index.php\/revistadedireito\">Revista Brasileira de Direito<\/a><\/li>\n<li><a href=\"https:\/\/www.enlaw.com.br\/revista\/775\">Revista Brasileira de Direito Animal<\/a><\/li>\n<li><a href=\"https:\/\/seer.imed.edu.br\/index.php\/revistadedireito\/index\">Revista Brasileira de Direito IMED<\/a><\/li>\n<li><a href=\"http:\/\/www.seer.ufu.br\/index.php\/revistafadir\">Revista da Faculdade de Direito da Universidade Federal de Uberl\u00e2ndia<\/a><\/li>\n<li><a href=\"http:\/\/www.indexlaw.org\/index.php\/rdb\">Revista de Direito Brasileira RDB<\/a><\/li>\n<li><a href=\"https:\/\/www.enlaw.com.br\/revista\/752\">Revista de Direito Sanit\u00e1rio<\/a><\/li>\n<li><a href=\"http:\/\/sisbib.emnuvens.com.br\/direitosegarantias\">Revista de Direitos e Garantias Fundamentais<\/a><\/li>\n<li><a href=\"https:\/\/www.enlaw.com.br\/revista\/761\">Revista Direito das Rela\u00e7\u00f5es Sociais e Trabalhistas<\/a><\/li>\n<li><a href=\"https:\/\/www.enlaw.com.br\/revista\/747\">Revista Direito e Desenvolvimento<\/a><\/li>\n<li><a href=\"https:\/\/revistades.jur.puc-rio.br\/index.php\/revistades\">Revista Direito, Estado e Sociedade<\/a><\/li>\n<li><a href=\"https:\/\/revistaeletronicardfd.unibrasil.com.br\/index.php\/rdfd\">Revista Direitos Fundamentais &amp; Democracia \u2013 UNIBRASIL<\/a><\/li>\n<li><a href=\"https:\/\/www.portaldeperiodicos.idp.edu.br\/direitopublico\">Revista do Direito P\u00fablico<\/a><\/li>\n<li><a href=\"https:\/\/www.enlaw.com.br\/revista\/765\">Revista dos Estudantes de Direito da Universidade de Bras\u00edlia<\/a><\/li>\n<li><a href=\"https:\/\/www.enlaw.com.br\/revista\/759\">Revista Eletr\u00f4nica Direito e Sociedade<\/a><\/li>\n<li><a href=\"https:\/\/www.enlaw.com.br\/revista\/755\">Revista Eletr\u00f4nica Direito e Sociedade (REDES)<\/a><\/li>\n<li><a href=\"https:\/\/www.enlaw.com.br\/revista\/758\">Revista Estudantil Manus Iuris \u2013 REM<\/a><\/li>\n<li><a href=\"https:\/\/www.enlaw.com.br\/revista\/769\">Revista Interdisciplinar de Direito<\/a><\/li>\n<li><a href=\"https:\/\/www.enlaw.com.br\/revista\/753\">Revista Nomos<\/a><\/li>\n<\/ul>\n<p>&nbsp;<\/p>\n<ul>\n<li><\/li>\n<\/ul>\n<hr \/>\n<p><strong>Ci\u00eancias Cont\u00e1beis<\/strong><\/p>\n<ul>\n<li><a href=\"http:\/\/revistaseletronicas.pucrs.br\/ojs\/index.php\/face\" target=\"_blank\" rel=\"noopener noreferrer\">Revista An\u00e1lise<\/a><\/li>\n<li><a href=\"http:\/\/www.seer.ufrgs.br\/index.php\/ConTexto\" target=\"_blank\" rel=\"noopener noreferrer\">Revista Contexto<\/a><\/li>\n<li><a href=\"http:\/\/www.repec.org.br\/index.php\/repec\" target=\"_blank\" rel=\"noopener noreferrer\">Revista de Educa\u00e7\u00e3o e Pesquisa em Contabilidade<\/a><\/li>\n<li><a href=\"http:\/\/proxy.furb.br\/ojs\/index.php\/universocontabil\" target=\"_blank\" rel=\"noopener noreferrer\">Universo Cont\u00e1bil<\/a><\/li>\n<\/ul>\n<hr \/>\n<p><strong>Cursos da \u00e1rea de sa\u00fade: enfermagem, nutri\u00e7\u00e3o<\/strong><br \/>\n<strong>Peri\u00f3dicos internacionais on-line:<\/strong><br \/>\n<strong>Bases de dados \u2013 acesso livre Nacionais :<\/strong><\/p>\n<ul>\n<li><a href=\"http:\/\/www.scielo.br\/\">http:\/\/www.scielo.br\/<\/a><\/li>\n<li><a href=\"http:\/\/bvsms.saude.gov.br\/\">http:\/\/bvsms.saude.gov.br\/<\/a><\/li>\n<li><a href=\"http:\/\/portal.saude.gov.br\/portal\/saude\/area.cfm?id_area=1339\">http:\/\/portal.saude.gov.br\/portal\/saude\/area.cfm?id_area=1339<\/a><\/li>\n<\/ul>\n<p><strong>Internacionais<\/strong><\/p>\n<ul>\n<li><a href=\"http:\/\/www.cebm.net\/\" target=\"_blank\" rel=\"noopener noreferrer\">Centre for Evidence-Based Medicine<\/a><\/li>\n<li><a href=\"http:\/\/isiknowledge.com\/\">ISI Web of Knowledge<\/a> &#8211; Peri\u00f3dico de todas as \u00e1reas\/estat\u00edstica<\/li>\n<\/ul>\n<p><strong>Variados<\/strong><\/p>\n<ul>\n<li><a title=\"American Journal of Public Health\" href=\"http:\/\/www.ajph.org\/\" target=\"blank\" rel=\"noopener noreferrer\">American Journal of Public Health<\/a><\/li>\n<li><a title=\"Cienca y enfermeria (spanish)\" href=\"http:\/\/www.scielo.cl\/scielo.php?script=sci_serial&amp;pid=0717-9553&amp;lng=en&amp;nrm=iso\" target=\"blank\" rel=\"noopener noreferrer\">Cienca y enfermeria (spanish)<\/a><\/li>\n<li><a title=\"Ci\u00eancia e Tecnologia de Alimentos\" href=\"http:\/\/www.scielo.br\/scielo.php?script=sci_serial&amp;pid=0101-2061&amp;lng=en&amp;nrm=iso\" target=\"blank\" rel=\"noopener noreferrer\">Ci\u00eancia e Tecnologia de Alimentos<\/a><\/li>\n<li><a title=\"Enfermer\u00eda Global\" href=\"http:\/\/www.um.es\/eglobal\/\" target=\"blank\" rel=\"noopener noreferrer\">Enfermer\u00eda Global<\/a><\/li>\n<li><a title=\"International Journal of Behavioral Nutrition and Physical Activity\" href=\"http:\/\/www.ijbnpa.org\/\" target=\"blank\" rel=\"noopener noreferrer\">International Journal of Behavioral Nutrition and Physical Activity<\/a><\/li>\n<li><a href=\"http:\/\/www.nutrition.org\/\">JOURNAL OF NUTRITION<\/a><\/li>\n<li><a href=\"http:\/\/www.scielo.cl\/scielo.php?pid=0717-7518&amp;script=sci_serial\">Revista Chilena de Nutrici\u00f3n<\/a><\/li>\n<li><a href=\"http:\/\/www.cfn.org.br\/\">www.cfn.org.br<\/a><\/li>\n<\/ul>\n<p><strong>Peri\u00f3dicos nacionais on-line<\/strong><\/p>\n<ul>\n<li><a title=\"Anais da Academia Brasileira de Ciencias\" href=\"http:\/\/www.scielo.br\/scielo.php?script=sci_serial&amp;pid=0001-3765&amp;lng=en&amp;nrn=iso\" target=\"blank\" rel=\"noopener noreferrer\">Anais da Academia Brasileira de Ciencias<\/a><\/li>\n<li><a href=\"https:\/\/ojs.revistasunipar.com.br\/index.php\/saude\/index\">Arquivos de Ci\u00eancias da Sa\u00fade<\/a><\/li>\n<li><a href=\"http:\/\/www.fen.ufg.br\/revista\/\">Revista Eletr\u00f4nica de Enfermagem &#8211; UFG<\/a><\/li>\n<li><a title=\"Cadernos de Sa\u00fade P\u00fablica\" href=\"http:\/\/www.scielo.br\/csp\" target=\"blank\" rel=\"noopener noreferrer\">Cadernos de Sa\u00fade P\u00fablica<\/a><\/li>\n<li><a href=\"http:\/\/www.fen.ufg.br\/revista.html\">Revista Eletr\u00f4nica de Enfermagem<\/a><\/li>\n<li><a href=\"http:\/\/www.puc-campinas.edu.br\/centros\/ccv\/\">Estudos de Psicologia \u2013 PUCCAMP<\/a><\/li>\n<li><a href=\"http:\/\/www.scielo.br\/scielo.php?script=sci_serial&amp;pid=1415-5273&amp;lng=pt&amp;nrm=iso\">Revista de Nutri\u00e7\u00e3o<\/a><\/li>\n<\/ul>\n","protected":false},"excerpt":{"rendered":"<p>Peri\u00f3dicos de Psicologia PAR\u00c2METROS CURRICULARES NACIONAIS &#8211; (ENSINO M\u00c9DIO) PAR\u00c2METROS CURRICULARES NACIONAIS (ENSINO M\u00c9DIO) &#8211; Linguagens BVS Psicologia Pepsic Base de dados de psicologia PSICODOC CFP \u2013 Conselho Federal de Psicologia USP \u2013 Instituto de Psicologia Ci\u00eancias e Cogni\u00e7\u00e3o \u2013 Revista Virtual Cognitive Psychology \u2013 Science Direct Scielo \u2013 UFRN<\/p>\n","protected":false},"author":1,"featured_media":0,"parent":285,"menu_order":0,"comment_status":"closed","ping_status":"closed","template":"templates\/template-pagina_menu_vertical.php","meta":{"footnotes":""},"categories":[],"tags":[],"class_list":["post-717","page","type-page","status-publish","hentry"],"_links":{"self":[{"href":"https:\/\/portal.unisepe.com.br\/asmec\/wp-json\/wp\/v2\/pages\/717","targetHints":{"allow":["GET"]}}],"collection":[{"href":"https:\/\/portal.unisepe.com.br\/asmec\/wp-json\/wp\/v2\/pages"}],"about":[{"href":"https:\/\/portal.unisepe.com.br\/asmec\/wp-json\/wp\/v2\/types\/page"}],"author":[{"embeddable":true,"href":"https:\/\/portal.unisepe.com.br\/asmec\/wp-json\/wp\/v2\/users\/1"}],"replies":[{"embeddable":true,"href":"https:\/\/portal.unisepe.com.br\/asmec\/wp-json\/wp\/v2\/comments?post=717"}],"version-history":[{"count":17,"href":"https:\/\/portal.unisepe.com.br\/asmec\/wp-json\/wp\/v2\/pages\/717\/revisions"}],"predecessor-version":[{"id":5304,"href":"https:\/\/portal.unisepe.com.br\/asmec\/wp-json\/wp\/v2\/pages\/717\/revisions\/5304"}],"up":[{"embeddable":true,"href":"https:\/\/portal.unisepe.com.br\/asmec\/wp-json\/wp\/v2\/pages\/285"}],"wp:attachment":[{"href":"https:\/\/portal.unisepe.com.br\/asmec\/wp-json\/wp\/v2\/media?parent=717"}],"wp:term":[{"taxonomy":"category","embeddable":true,"href":"https:\/\/portal.unisepe.com.br\/asmec\/wp-json\/wp\/v2\/categories?post=717"},{"taxonomy":"post_tag","embeddable":true,"href":"https:\/\/portal.unisepe.com.br\/asmec\/wp-json\/wp\/v2\/tags?post=717"}],"curies":[{"name":"wp","href":"https:\/\/api.w.org\/{rel}","templated":true}]}}