{"id":724,"date":"2016-07-14T21:14:36","date_gmt":"2016-07-14T21:14:36","guid":{"rendered":"http:\/\/www.fvr.edu.br\/fvr\/site\/?page_id=724"},"modified":"2024-08-28T21:40:23","modified_gmt":"2024-08-29T00:40:23","slug":"ficha-catalografica","status":"publish","type":"page","link":"https:\/\/portal.unisepe.com.br\/asmec\/biblioteca\/ficha-catalografica\/","title":{"rendered":"Ficha Catalogr\u00e1fica"},"content":{"rendered":"<h3>Procedimentos para confec\u00e7\u00e3o de Ficha Catalogr\u00e1fica:<\/h3>\n<hr \/>\n<p>&nbsp;<\/p>\n<ul>\n<li>O aluno dever\u00e1 preencher o formul\u00e1rio (<a href=\"http:\/\/portal.unisepe.com.br\/asmec\/wp-content\/uploads\/sites\/10006\/2020\/02\/Formul\u00e1rio-para-fazer-a-Ficha-Catalogr\u00e1fica-OF.doc\">Download do Formul\u00e1rio<\/a>) e enviar para o e mail: <span style=\"color: #ff0000\"><strong><a href=\"mailto:biblioteca01.of@unisepe.com.br\" style=\"color: #ff0000\">biblioteca01.of@unisepe.com.br<\/a><\/strong><\/span><\/li>\n<\/ul>\n<p>&nbsp;<\/p>\n<ul>\n<li>A Ficha ser\u00e1 enviada para o e mail do solicitante.<\/li>\n<\/ul>\n<p>&nbsp;<\/p>\n<ul>\n<li><strong>Prazo para confec\u00e7\u00e3o: 72 horas<\/strong><\/li>\n<\/ul>\n","protected":false},"excerpt":{"rendered":"<p>Procedimentos para confec\u00e7\u00e3o de Ficha Catalogr\u00e1fica: &nbsp; O aluno dever\u00e1 preencher o formul\u00e1rio (Download do Formul\u00e1rio) e enviar para o e mail: biblioteca01.of@unisepe.com.br &nbsp; A Ficha ser\u00e1 enviada para o e mail do solicitante. &nbsp; Prazo para confec\u00e7\u00e3o: 72 horas<\/p>\n","protected":false},"author":1,"featured_media":0,"parent":285,"menu_order":0,"comment_status":"closed","ping_status":"closed","template":"templates\/template-curso_menu_vertical.php","meta":{"footnotes":""},"categories":[],"tags":[],"class_list":["post-724","page","type-page","status-publish","hentry"],"_links":{"self":[{"href":"https:\/\/portal.unisepe.com.br\/asmec\/wp-json\/wp\/v2\/pages\/724","targetHints":{"allow":["GET"]}}],"collection":[{"href":"https:\/\/portal.unisepe.com.br\/asmec\/wp-json\/wp\/v2\/pages"}],"about":[{"href":"https:\/\/portal.unisepe.com.br\/asmec\/wp-json\/wp\/v2\/types\/page"}],"author":[{"embeddable":true,"href":"https:\/\/portal.unisepe.com.br\/asmec\/wp-json\/wp\/v2\/users\/1"}],"replies":[{"embeddable":true,"href":"https:\/\/portal.unisepe.com.br\/asmec\/wp-json\/wp\/v2\/comments?post=724"}],"version-history":[{"count":3,"href":"https:\/\/portal.unisepe.com.br\/asmec\/wp-json\/wp\/v2\/pages\/724\/revisions"}],"predecessor-version":[{"id":4673,"href":"https:\/\/portal.unisepe.com.br\/asmec\/wp-json\/wp\/v2\/pages\/724\/revisions\/4673"}],"up":[{"embeddable":true,"href":"https:\/\/portal.unisepe.com.br\/asmec\/wp-json\/wp\/v2\/pages\/285"}],"wp:attachment":[{"href":"https:\/\/portal.unisepe.com.br\/asmec\/wp-json\/wp\/v2\/media?parent=724"}],"wp:term":[{"taxonomy":"category","embeddable":true,"href":"https:\/\/portal.unisepe.com.br\/asmec\/wp-json\/wp\/v2\/categories?post=724"},{"taxonomy":"post_tag","embeddable":true,"href":"https:\/\/portal.unisepe.com.br\/asmec\/wp-json\/wp\/v2\/tags?post=724"}],"curies":[{"name":"wp","href":"https:\/\/api.w.org\/{rel}","templated":true}]}}