{"id":728,"date":"2016-07-14T21:39:08","date_gmt":"2016-07-14T21:39:08","guid":{"rendered":"http:\/\/www.fvr.edu.br\/fvr\/site\/?page_id=728"},"modified":"2018-07-09T17:38:05","modified_gmt":"2018-07-09T20:38:05","slug":"colap","status":"publish","type":"page","link":"https:\/\/portal.unisepe.com.br\/asmec\/colap\/","title":{"rendered":"COLAP"},"content":{"rendered":"<p><strong>COMISS\u00c3O DE ACOMPANHAMENTO E CONTROLE SOCIAL DO PROUNI das Faculdades Integradas do Vale do Ribeira &#8211; FVR<\/strong><\/p>\n<p><strong>DEFINI\u00c7\u00c3O:<\/strong><br \/>\nOrg\u00e3o colegiado de natureza consultiva, com a finalidade de promover a articula\u00e7\u00e3o entre a Comiss\u00e3o Nacional de Acompanhamento e Controle Social &#8211; CONAP e a comunidade acad\u00eamica.<\/p>\n<p><strong>COMPOSI\u00c7\u00c3O:<\/strong><br \/>\nDe acordo com o artigo 3\u00ba da Portaria MEC n\u00ba1.132 de 2 de dezembro de 2009 a constitui\u00e7\u00e3o da COLAP das FVR \u00e9 a seguinte:<br \/>\nI &#8211; 1 (um) representante do corpo discente das institui\u00e7\u00f5es privadas de ensino superior, que deve ser bolsista PROUNI;<br \/>\nTitular:David Patrick Carvalho Rosa<br \/>\nSuplente: Allison Alexandre Vitorio<br \/>\nII &#8211; 1 (um) representante do corpo docente das institui\u00e7\u00f5es privadas de ensino superior, que deve ser professor em regime de dedica\u00e7\u00e3o m\u00ednima de 20 (vinte) horas semanais;<br \/>\nTitular: Fabiano de oliveira Albers<br \/>\nSuplente: Anderson Martins da Silva<br \/>\nIII &#8211; 1 (um) representante da dire\u00e7\u00e3o das institui\u00e7\u00f5es privadas de ensino superior, que deve ser o coordenador ou um dos representantes do PROUNI na IES;<br \/>\nTitular: Vera Joana Costa Adorno<br \/>\nSuplente: Eduardo Ogawa<br \/>\nIV &#8211; 1 (um) representante da sociedade civil.<br \/>\nSem candidatos.<br \/>\nEstabelece o \u00a7 3\u00ba, do artigo 3\u00ba da Portaria MEC N\u00ba 1.132 de 2 de dezembro de 2009, que n\u00e3o havendo candidatos indicados no processo de escolha da representa\u00e7\u00e3o da sociedade civil, as Comiss\u00f5es Locais ser\u00e3o instaladas sem o segmento.<br \/>\n<strong>COMPET\u00caNCIAS:<\/strong><\/p>\n<p>S\u00e3o compet\u00eancias da COLAP \u2013 FVR:<\/p>\n<p>I &#8211; exercer o acompanhamento, averigua\u00e7\u00e3o e fiscaliza\u00e7\u00e3o da implementa\u00e7\u00e3o do PROUNI nas Institui\u00e7\u00f5es de Ensino Superior (IES) participantes do Programa;<\/p>\n<p>II &#8211; interagir com a comunidade acad\u00eamica e com as organiza\u00e7\u00f5es da sociedade civil, recebendo reclama\u00e7\u00f5es, den\u00fancias, cr\u00edticas e sugest\u00f5es para apresenta\u00e7\u00e3o, se for o caso, \u00e0 Comiss\u00e3o Nacional de Acompanhamento e Controle Social do PROUNI &#8211; CONAP;<\/p>\n<p>III &#8211; emitir, a cada processo seletivo, relat\u00f3rio de acompanhamento do PROUNI; e<br \/>\nIV &#8211; fornecer informa\u00e7\u00f5es sobre o PROUNI \u00e0 CONAP.<br \/>\n<strong>LOCALIZA\u00c7\u00c3O:<\/strong><br \/>\nCOLAP \u2013 ASMEC<br \/>\nR. Prof \u00ba Dr. Antonio Eufr\u00e1sio de Toledo n\u00ba 100.<br \/>\nJardim dos Yp\u00eas\u00a0 \u2013 Ouro Fino &#8211;\u00a0 MG .<\/p>\n","protected":false},"excerpt":{"rendered":"<p>COMISS\u00c3O DE ACOMPANHAMENTO E CONTROLE SOCIAL DO PROUNI das Faculdades Integradas do Vale do Ribeira &#8211; FVR DEFINI\u00c7\u00c3O: Org\u00e3o colegiado de natureza consultiva, com a finalidade de promover a articula\u00e7\u00e3o entre a Comiss\u00e3o Nacional de Acompanhamento e Controle Social &#8211; CONAP e a comunidade acad\u00eamica. COMPOSI\u00c7\u00c3O: De acordo com o<\/p>\n","protected":false},"author":1,"featured_media":0,"parent":0,"menu_order":0,"comment_status":"closed","ping_status":"closed","template":"templates\/template-fullwidth.php","meta":{"footnotes":""},"categories":[],"tags":[],"class_list":["post-728","page","type-page","status-publish","hentry"],"_links":{"self":[{"href":"https:\/\/portal.unisepe.com.br\/asmec\/wp-json\/wp\/v2\/pages\/728","targetHints":{"allow":["GET"]}}],"collection":[{"href":"https:\/\/portal.unisepe.com.br\/asmec\/wp-json\/wp\/v2\/pages"}],"about":[{"href":"https:\/\/portal.unisepe.com.br\/asmec\/wp-json\/wp\/v2\/types\/page"}],"author":[{"embeddable":true,"href":"https:\/\/portal.unisepe.com.br\/asmec\/wp-json\/wp\/v2\/users\/1"}],"replies":[{"embeddable":true,"href":"https:\/\/portal.unisepe.com.br\/asmec\/wp-json\/wp\/v2\/comments?post=728"}],"version-history":[{"count":2,"href":"https:\/\/portal.unisepe.com.br\/asmec\/wp-json\/wp\/v2\/pages\/728\/revisions"}],"predecessor-version":[{"id":2651,"href":"https:\/\/portal.unisepe.com.br\/asmec\/wp-json\/wp\/v2\/pages\/728\/revisions\/2651"}],"wp:attachment":[{"href":"https:\/\/portal.unisepe.com.br\/asmec\/wp-json\/wp\/v2\/media?parent=728"}],"wp:term":[{"taxonomy":"category","embeddable":true,"href":"https:\/\/portal.unisepe.com.br\/asmec\/wp-json\/wp\/v2\/categories?post=728"},{"taxonomy":"post_tag","embeddable":true,"href":"https:\/\/portal.unisepe.com.br\/asmec\/wp-json\/wp\/v2\/tags?post=728"}],"curies":[{"name":"wp","href":"https:\/\/api.w.org\/{rel}","templated":true}]}}