{"id":732,"date":"2016-07-14T21:41:37","date_gmt":"2016-07-14T21:41:37","guid":{"rendered":"http:\/\/www.fvr.edu.br\/fvr\/site\/?page_id=732"},"modified":"2018-07-11T22:49:22","modified_gmt":"2018-07-12T01:49:22","slug":"comissao-propria-de-avaliacao","status":"publish","type":"page","link":"https:\/\/portal.unisepe.com.br\/asmec\/comissao-propria-de-avaliacao\/","title":{"rendered":"Comiss\u00e3o Pr\u00f3pria De Avalia\u00e7\u00e3o"},"content":{"rendered":"<h3 align=\"center\"><strong>Auto-Avalia\u00e7\u00e3o Institucional<\/strong><\/h3>\n<p>&nbsp;<\/p>\n<h4 align=\"center\"><strong>Auto-avalia\u00e7\u00e3o<\/strong><\/h4>\n<p>&#8211; Coordenada pela Comiss\u00e3o Pr\u00f3pria de Avalia\u00e7\u00e3o (CPA) de cada institui\u00e7\u00e3o e orientada pelas diretrizes e pelo roteiro da auto-avalia\u00e7\u00e3o institucional da CONAES.<br \/>\n&#8211; A Comiss\u00e3o Pr\u00f3pria de Avalia\u00e7\u00e3o \u00e9 um \u00f3rg\u00e3o de natureza consultiva e deliberativa com a fun\u00e7\u00e3o de assessorar a Unidade de Ensino em suas decis\u00f5es estrat\u00e9gicas, na an\u00e1lise e avalia\u00e7\u00e3o do desempenho das atividades desenvolvidas pela institui\u00e7\u00e3o.<br \/>\n&#8211; Em conjunto com a gest\u00e3o da IES, norteia a implanta\u00e7\u00e3o de estrat\u00e9gias e a melhoria dos processos.<\/p>\n<p><strong>Dimens\u00f5es:<\/strong><\/p>\n<p>I. A Miss\u00e3o e o Plano de Desenvolvimento Institucional.<\/p>\n<p>II. A Pol\u00edtica para o Ensino, a Pesquisa, a P\u00f3s-gradua\u00e7\u00e3o, a Extens\u00e3o e a Gest\u00e3o, e as respectivas formas de operacionaliza\u00e7\u00e3o.<\/p>\n<p>III. A Responsabilidade Social.<\/p>\n<p>IV. A Comunica\u00e7\u00e3o com a Sociedade.<\/p>\n<p>V. As Pol\u00edticas de Pessoal.<\/p>\n<p>VI. A Organiza\u00e7\u00e3o e a Gest\u00e3o.<\/p>\n<p>VII. A Infra-estrutura F\u00edsica.<\/p>\n<p>VIII. O Planejamento e a Avalia\u00e7\u00e3o.<\/p>\n<p>IX. As Pol\u00edticas de Atendimento aos Estudantes.<\/p>\n<p>X. A Sustentabilidade Financeira.<\/p>\n","protected":false},"excerpt":{"rendered":"<p>Auto-Avalia\u00e7\u00e3o Institucional &nbsp; Auto-avalia\u00e7\u00e3o &#8211; Coordenada pela Comiss\u00e3o Pr\u00f3pria de Avalia\u00e7\u00e3o (CPA) de cada institui\u00e7\u00e3o e orientada pelas diretrizes e pelo roteiro da auto-avalia\u00e7\u00e3o institucional da CONAES. &#8211; A Comiss\u00e3o Pr\u00f3pria de Avalia\u00e7\u00e3o \u00e9 um \u00f3rg\u00e3o de natureza consultiva e deliberativa com a fun\u00e7\u00e3o de assessorar a Unidade de Ensino<\/p>\n","protected":false},"author":1,"featured_media":0,"parent":0,"menu_order":0,"comment_status":"closed","ping_status":"closed","template":"templates\/template-pagina_menu_vertical.php","meta":{"footnotes":""},"categories":[],"tags":[],"class_list":["post-732","page","type-page","status-publish","hentry"],"_links":{"self":[{"href":"https:\/\/portal.unisepe.com.br\/asmec\/wp-json\/wp\/v2\/pages\/732","targetHints":{"allow":["GET"]}}],"collection":[{"href":"https:\/\/portal.unisepe.com.br\/asmec\/wp-json\/wp\/v2\/pages"}],"about":[{"href":"https:\/\/portal.unisepe.com.br\/asmec\/wp-json\/wp\/v2\/types\/page"}],"author":[{"embeddable":true,"href":"https:\/\/portal.unisepe.com.br\/asmec\/wp-json\/wp\/v2\/users\/1"}],"replies":[{"embeddable":true,"href":"https:\/\/portal.unisepe.com.br\/asmec\/wp-json\/wp\/v2\/comments?post=732"}],"version-history":[{"count":4,"href":"https:\/\/portal.unisepe.com.br\/asmec\/wp-json\/wp\/v2\/pages\/732\/revisions"}],"predecessor-version":[{"id":2838,"href":"https:\/\/portal.unisepe.com.br\/asmec\/wp-json\/wp\/v2\/pages\/732\/revisions\/2838"}],"wp:attachment":[{"href":"https:\/\/portal.unisepe.com.br\/asmec\/wp-json\/wp\/v2\/media?parent=732"}],"wp:term":[{"taxonomy":"category","embeddable":true,"href":"https:\/\/portal.unisepe.com.br\/asmec\/wp-json\/wp\/v2\/categories?post=732"},{"taxonomy":"post_tag","embeddable":true,"href":"https:\/\/portal.unisepe.com.br\/asmec\/wp-json\/wp\/v2\/tags?post=732"}],"curies":[{"name":"wp","href":"https:\/\/api.w.org\/{rel}","templated":true}]}}