{"id":742,"date":"2016-07-14T21:46:16","date_gmt":"2016-07-14T21:46:16","guid":{"rendered":"http:\/\/www.fvr.edu.br\/fvr\/site\/?page_id=742"},"modified":"2018-07-11T22:48:56","modified_gmt":"2018-07-12T01:48:56","slug":"roteiro-para-auto-avaliacao","status":"publish","type":"page","link":"https:\/\/portal.unisepe.com.br\/asmec\/comissao-propria-de-avaliacao\/roteiro-para-auto-avaliacao\/","title":{"rendered":"Roteiro para Auto Avalia\u00e7\u00e3o"},"content":{"rendered":"<p><span style=\"color: #ff0000\"><a style=\"color: #ff0000\" href=\"http:\/\/portal.unisepe.com.br\/asmec\/wp-content\/uploads\/sites\/10006\/2018\/07\/Orienta\u00e7\u00f5es_Gerais_Roteiro_-Auto-Avalia\u00e7\u00e3o_IES.pdf\">Orienta\u00e7\u00f5es_Gerais_Roteiro_ Auto_Avalia\u00e7\u00e3o_IES<\/a><\/span><\/p>\n","protected":false},"excerpt":{"rendered":"<p>Orienta\u00e7\u00f5es_Gerais_Roteiro_ Auto_Avalia\u00e7\u00e3o_IES<\/p>\n","protected":false},"author":1,"featured_media":0,"parent":732,"menu_order":0,"comment_status":"closed","ping_status":"closed","template":"templates\/template-pagina_link_externo.php","meta":{"footnotes":""},"categories":[],"tags":[],"class_list":["post-742","page","type-page","status-publish","hentry"],"_links":{"self":[{"href":"https:\/\/portal.unisepe.com.br\/asmec\/wp-json\/wp\/v2\/pages\/742","targetHints":{"allow":["GET"]}}],"collection":[{"href":"https:\/\/portal.unisepe.com.br\/asmec\/wp-json\/wp\/v2\/pages"}],"about":[{"href":"https:\/\/portal.unisepe.com.br\/asmec\/wp-json\/wp\/v2\/types\/page"}],"author":[{"embeddable":true,"href":"https:\/\/portal.unisepe.com.br\/asmec\/wp-json\/wp\/v2\/users\/1"}],"replies":[{"embeddable":true,"href":"https:\/\/portal.unisepe.com.br\/asmec\/wp-json\/wp\/v2\/comments?post=742"}],"version-history":[{"count":2,"href":"https:\/\/portal.unisepe.com.br\/asmec\/wp-json\/wp\/v2\/pages\/742\/revisions"}],"predecessor-version":[{"id":2666,"href":"https:\/\/portal.unisepe.com.br\/asmec\/wp-json\/wp\/v2\/pages\/742\/revisions\/2666"}],"up":[{"embeddable":true,"href":"https:\/\/portal.unisepe.com.br\/asmec\/wp-json\/wp\/v2\/pages\/732"}],"wp:attachment":[{"href":"https:\/\/portal.unisepe.com.br\/asmec\/wp-json\/wp\/v2\/media?parent=742"}],"wp:term":[{"taxonomy":"category","embeddable":true,"href":"https:\/\/portal.unisepe.com.br\/asmec\/wp-json\/wp\/v2\/categories?post=742"},{"taxonomy":"post_tag","embeddable":true,"href":"https:\/\/portal.unisepe.com.br\/asmec\/wp-json\/wp\/v2\/tags?post=742"}],"curies":[{"name":"wp","href":"https:\/\/api.w.org\/{rel}","templated":true}]}}