{"id":745,"date":"2016-07-14T21:50:53","date_gmt":"2016-07-14T21:50:53","guid":{"rendered":"http:\/\/www.fvr.edu.br\/fvr\/site\/?page_id=745"},"modified":"2025-03-13T23:50:19","modified_gmt":"2025-03-14T02:50:19","slug":"portarias","status":"publish","type":"page","link":"https:\/\/portal.unisepe.com.br\/asmec\/comissao-propria-de-avaliacao\/portarias\/","title":{"rendered":"Portarias"},"content":{"rendered":"<ul>\n<li><a href=\"http:\/\/www.asmecpa.com.br\/cpa\/DM\/Portaria_300_de_30.pdf\">Portaria 300 de 30 de janeiro de 2006 Instrumento de Avalia\u00e7\u00e3o Externa da IES<\/a><\/li>\n<li><a href=\"http:\/\/www.asmecpa.com.br\/cpa\/DM\/Portaria_1081_de_2008.pdf\">Portaria 1081 de 2008 SINAES Instrumento de Avalia\u00e7\u00e3o de Cursos de Gradua\u00e7\u00e3o<\/a><\/li>\n<li><a href=\"http:\/\/www.asmecpa.com.br\/cpa\/DM\/Portaria_1264_de_2008.pdf\">Portaria 1264 de 2008 SINAES Instrumento de Avalia\u00e7\u00e3o Externa de IES<\/a><\/li>\n<li><a href=\"http:\/\/www.asmecpa.com.br\/cpa\/DM\/portaria_821_2009.pdf\">Portaria 821 de 2009 Prazo para postagem Relat\u00f3rio de Auto-Avalia\u00e7\u00e3o<\/a><\/li>\n<li><\/li>\n<\/ul>\n","protected":false},"excerpt":{"rendered":"<p>Portaria 300 de 30 de janeiro de 2006 Instrumento de Avalia\u00e7\u00e3o Externa da IES Portaria 1081 de 2008 SINAES Instrumento de Avalia\u00e7\u00e3o de Cursos de Gradua\u00e7\u00e3o Portaria 1264 de 2008 SINAES Instrumento de Avalia\u00e7\u00e3o Externa de IES Portaria 821 de 2009 Prazo para postagem Relat\u00f3rio de Auto-Avalia\u00e7\u00e3o<\/p>\n","protected":false},"author":1,"featured_media":0,"parent":732,"menu_order":0,"comment_status":"closed","ping_status":"closed","template":"templates\/template-pagina_menu_vertical.php","meta":{"footnotes":""},"categories":[],"tags":[],"class_list":["post-745","page","type-page","status-publish","hentry"],"_links":{"self":[{"href":"https:\/\/portal.unisepe.com.br\/asmec\/wp-json\/wp\/v2\/pages\/745","targetHints":{"allow":["GET"]}}],"collection":[{"href":"https:\/\/portal.unisepe.com.br\/asmec\/wp-json\/wp\/v2\/pages"}],"about":[{"href":"https:\/\/portal.unisepe.com.br\/asmec\/wp-json\/wp\/v2\/types\/page"}],"author":[{"embeddable":true,"href":"https:\/\/portal.unisepe.com.br\/asmec\/wp-json\/wp\/v2\/users\/1"}],"replies":[{"embeddable":true,"href":"https:\/\/portal.unisepe.com.br\/asmec\/wp-json\/wp\/v2\/comments?post=745"}],"version-history":[{"count":4,"href":"https:\/\/portal.unisepe.com.br\/asmec\/wp-json\/wp\/v2\/pages\/745\/revisions"}],"predecessor-version":[{"id":5103,"href":"https:\/\/portal.unisepe.com.br\/asmec\/wp-json\/wp\/v2\/pages\/745\/revisions\/5103"}],"up":[{"embeddable":true,"href":"https:\/\/portal.unisepe.com.br\/asmec\/wp-json\/wp\/v2\/pages\/732"}],"wp:attachment":[{"href":"https:\/\/portal.unisepe.com.br\/asmec\/wp-json\/wp\/v2\/media?parent=745"}],"wp:term":[{"taxonomy":"category","embeddable":true,"href":"https:\/\/portal.unisepe.com.br\/asmec\/wp-json\/wp\/v2\/categories?post=745"},{"taxonomy":"post_tag","embeddable":true,"href":"https:\/\/portal.unisepe.com.br\/asmec\/wp-json\/wp\/v2\/tags?post=745"}],"curies":[{"name":"wp","href":"https:\/\/api.w.org\/{rel}","templated":true}]}}