{"id":754,"date":"2016-07-14T21:52:32","date_gmt":"2016-07-14T21:52:32","guid":{"rendered":"http:\/\/www.fvr.edu.br\/fvr\/site\/?page_id=754"},"modified":"2025-03-26T10:53:30","modified_gmt":"2025-03-26T13:53:30","slug":"constituicao-cpa","status":"publish","type":"page","link":"https:\/\/portal.unisepe.com.br\/asmec\/comissao-propria-de-avaliacao\/constituicao-cpa\/","title":{"rendered":"Constitui\u00e7\u00e3o CPA"},"content":{"rendered":"<p><strong>Constitui\u00e7\u00e3o do CPA:<\/strong><\/p>\n<ul>\n<li>Diego Pereira Jeronimo &#8211; Coordenador CPA \/Rep. Corpo Coordenadores<\/li>\n<li>Wanderson Gomes De Oliveira &#8211; Representante Docente<\/li>\n<li>Cheize Maria Bufeti de Toledo &#8211; Representante dos T\u00e9cnicos Administrativos<\/li>\n<li>Wender Moreira Fran\u00e7a &#8211; Representante Discente<\/li>\n<li>V\u00e2nia Aparecida Vieira Couto &#8211; Representante da Comunidade<\/li>\n<li>F\u00e1bio da Silva &#8211; Representante dos Egressos<\/li>\n<\/ul>\n<p>&nbsp;<\/p>\n<p><strong>Contato<\/strong><\/p>\n<p>Fone: (35) 3441-1617<\/p>\n<p>Email: <a href=\"mailto:cpa.of@unisepe.com.br\">cpa.of@unisepe.com.br<\/a><\/p>\n<p>Whatsapp: <a href=\"https:\/\/web.whatsapp.com\/send\/?phone=5535999653832&amp;text&amp;type=phone_number&amp;app_absent=0\">(35) 99965-3832<\/a><\/p>\n<p>&nbsp;<\/p>\n<p>&nbsp;<\/p>\n<p>&nbsp;<\/p>\n","protected":false},"excerpt":{"rendered":"<p>Constitui\u00e7\u00e3o do CPA: Diego Pereira Jeronimo &#8211; Coordenador CPA \/Rep. Corpo Coordenadores Wanderson Gomes De Oliveira &#8211; Representante Docente Cheize Maria Bufeti de Toledo &#8211; Representante dos T\u00e9cnicos Administrativos Wender Moreira Fran\u00e7a &#8211; Representante Discente V\u00e2nia Aparecida Vieira Couto &#8211; Representante da Comunidade F\u00e1bio da Silva &#8211; Representante dos Egressos<\/p>\n","protected":false},"author":1,"featured_media":0,"parent":732,"menu_order":0,"comment_status":"closed","ping_status":"closed","template":"templates\/template-pagina_menu_vertical.php","meta":{"footnotes":""},"categories":[],"tags":[],"class_list":["post-754","page","type-page","status-publish","hentry"],"_links":{"self":[{"href":"https:\/\/portal.unisepe.com.br\/asmec\/wp-json\/wp\/v2\/pages\/754","targetHints":{"allow":["GET"]}}],"collection":[{"href":"https:\/\/portal.unisepe.com.br\/asmec\/wp-json\/wp\/v2\/pages"}],"about":[{"href":"https:\/\/portal.unisepe.com.br\/asmec\/wp-json\/wp\/v2\/types\/page"}],"author":[{"embeddable":true,"href":"https:\/\/portal.unisepe.com.br\/asmec\/wp-json\/wp\/v2\/users\/1"}],"replies":[{"embeddable":true,"href":"https:\/\/portal.unisepe.com.br\/asmec\/wp-json\/wp\/v2\/comments?post=754"}],"version-history":[{"count":16,"href":"https:\/\/portal.unisepe.com.br\/asmec\/wp-json\/wp\/v2\/pages\/754\/revisions"}],"predecessor-version":[{"id":5290,"href":"https:\/\/portal.unisepe.com.br\/asmec\/wp-json\/wp\/v2\/pages\/754\/revisions\/5290"}],"up":[{"embeddable":true,"href":"https:\/\/portal.unisepe.com.br\/asmec\/wp-json\/wp\/v2\/pages\/732"}],"wp:attachment":[{"href":"https:\/\/portal.unisepe.com.br\/asmec\/wp-json\/wp\/v2\/media?parent=754"}],"wp:term":[{"taxonomy":"category","embeddable":true,"href":"https:\/\/portal.unisepe.com.br\/asmec\/wp-json\/wp\/v2\/categories?post=754"},{"taxonomy":"post_tag","embeddable":true,"href":"https:\/\/portal.unisepe.com.br\/asmec\/wp-json\/wp\/v2\/tags?post=754"}],"curies":[{"name":"wp","href":"https:\/\/api.w.org\/{rel}","templated":true}]}}