{"id":799,"date":"2016-07-14T22:28:24","date_gmt":"2016-07-14T22:28:24","guid":{"rendered":"http:\/\/www.fvr.edu.br\/fvr\/site\/?page_id=799"},"modified":"2025-07-14T21:26:37","modified_gmt":"2025-07-15T00:26:37","slug":"manuais-institucionais","status":"publish","type":"page","link":"https:\/\/portal.unisepe.com.br\/asmec\/manuais-editais-e-regulamentos\/manuais-institucionais\/","title":{"rendered":"Manuais Institucionais"},"content":{"rendered":"<p><strong>Manuais Institucionais<\/strong><\/p>\n<ul>\n<li style=\"list-style-type: none\">\n<ul>\n<li><a href=\"https:\/\/portal.unisepe.com.br\/wp-content\/uploads\/2024\/02\/UNISEPE-SECRETARIA-VIRUTAL-DISCENTE-.pdf\" target=\"_blank\" rel=\"noopener noreferrer\">Manual Secretaria Virtual<\/a><\/li>\n<li><a href=\"https:\/\/portal.unisepe.com.br\/asmec\/wp-content\/uploads\/sites\/10006\/2025\/03\/regulamento-Manual-de-primeiro-acesso.pdf\">Manual de primeiro acesso<\/a><\/li>\n<li><a href=\"https:\/\/www.youtube.com\/watch?v=G61QjuJu2FU\">V\u00eddeo de primeiro acesso ao portal (aluno)<\/a><\/li>\n<li><a href=\"https:\/\/portal.unisepe.com.br\/asmec\/wp-content\/uploads\/sites\/10006\/2025\/03\/Manual-do-AVA.pdf\">Manual do AVA (Portal do aluno)<\/a><\/li>\n<li><a href=\"https:\/\/portal.unisepe.com.br\/asmec\/wp-content\/uploads\/sites\/10006\/2022\/05\/ALUNO-MANUAL-REMATRICULA.pdf\" target=\"_blank\" rel=\"noopener noreferrer\">Manual de Rematr\u00edcula<\/a><\/li>\n<li><a href=\"https:\/\/portal.unisepe.com.br\/asmec\/wp-content\/uploads\/sites\/10006\/2025\/03\/OURO-FINO-6-NORMAS-PARA-USO-DE-INTERNET-WIRELESS-2025-1.pdf\">Regulamento para uso de internet wireless<\/a><\/li>\n<li><a href=\"https:\/\/portal.unisepe.com.br\/asmec\/wp-content\/uploads\/sites\/10006\/2022\/09\/MANUAL-NORMAS-CURSOS-DOCENTES-DISCENTES.pdf\">Manual de normas coordena\u00e7\u00f5es de cursos docentes e discentes<\/a><\/li>\n<li><a href=\"https:\/\/portal.unisepe.com.br\/asmec\/wp-content\/uploads\/sites\/10006\/2022\/09\/MANUAL-DE-BIOSSEGURAN\u00c7A.pdf\">Manual Institucional de Biosseguran\u00e7a<\/a><\/li>\n<li><a href=\"https:\/\/portal.unisepe.com.br\/asmec\/wp-content\/uploads\/sites\/10006\/2025\/03\/regulamento-de-AACC.pdf\">Manual Institucional em atividades complementares<\/a><\/li>\n<li><a href=\"https:\/\/portal.unisepe.com.br\/asmec\/wp-content\/uploads\/sites\/10006\/2022\/09\/MANUAL-ART.-CIENT.-GRADUA\u00c7\u00c3O.pdf\">Manual de relat\u00f3rio cient\u00edfico (MRC) (gradua\u00e7\u00e3o)<\/a><\/li>\n<\/ul>\n<\/li>\n<\/ul>\n<p>&nbsp;<\/p>\n<ul><\/ul>\n<p><strong>Informativos<\/strong><\/p>\n<ul>\n<li><a href=\"http:\/\/portal.unisepe.com.br\/asmec\/wp-content\/uploads\/sites\/10006\/2018\/12\/slide_aviso_virus_2018_OF.pdf\" target=\"_blank\" rel=\"noopener noreferrer\">Informativo &#8211; Identificando Boletos Unisepe para n\u00e3o ser v\u00edtima de v\u00edrus<\/a><\/li>\n<\/ul>\n","protected":false},"excerpt":{"rendered":"<p>Manuais Institucionais Manual Secretaria Virtual Manual de primeiro acesso V\u00eddeo de primeiro acesso ao portal (aluno) Manual do AVA (Portal do aluno) Manual de Rematr\u00edcula Regulamento para uso de internet wireless Manual de normas coordena\u00e7\u00f5es de cursos docentes e discentes Manual Institucional de Biosseguran\u00e7a Manual Institucional em atividades complementares Manual<\/p>\n","protected":false},"author":1,"featured_media":0,"parent":788,"menu_order":0,"comment_status":"closed","ping_status":"closed","template":"templates\/template-pagina_menu_vertical.php","meta":{"footnotes":""},"categories":[],"tags":[],"class_list":["post-799","page","type-page","status-publish","hentry"],"_links":{"self":[{"href":"https:\/\/portal.unisepe.com.br\/asmec\/wp-json\/wp\/v2\/pages\/799","targetHints":{"allow":["GET"]}}],"collection":[{"href":"https:\/\/portal.unisepe.com.br\/asmec\/wp-json\/wp\/v2\/pages"}],"about":[{"href":"https:\/\/portal.unisepe.com.br\/asmec\/wp-json\/wp\/v2\/types\/page"}],"author":[{"embeddable":true,"href":"https:\/\/portal.unisepe.com.br\/asmec\/wp-json\/wp\/v2\/users\/1"}],"replies":[{"embeddable":true,"href":"https:\/\/portal.unisepe.com.br\/asmec\/wp-json\/wp\/v2\/comments?post=799"}],"version-history":[{"count":16,"href":"https:\/\/portal.unisepe.com.br\/asmec\/wp-json\/wp\/v2\/pages\/799\/revisions"}],"predecessor-version":[{"id":5384,"href":"https:\/\/portal.unisepe.com.br\/asmec\/wp-json\/wp\/v2\/pages\/799\/revisions\/5384"}],"up":[{"embeddable":true,"href":"https:\/\/portal.unisepe.com.br\/asmec\/wp-json\/wp\/v2\/pages\/788"}],"wp:attachment":[{"href":"https:\/\/portal.unisepe.com.br\/asmec\/wp-json\/wp\/v2\/media?parent=799"}],"wp:term":[{"taxonomy":"category","embeddable":true,"href":"https:\/\/portal.unisepe.com.br\/asmec\/wp-json\/wp\/v2\/categories?post=799"},{"taxonomy":"post_tag","embeddable":true,"href":"https:\/\/portal.unisepe.com.br\/asmec\/wp-json\/wp\/v2\/tags?post=799"}],"curies":[{"name":"wp","href":"https:\/\/api.w.org\/{rel}","templated":true}]}}