{"id":81,"date":"2015-07-28T12:24:00","date_gmt":"2015-07-28T12:24:00","guid":{"rendered":"http:\/\/www.fasupi.com.br\/site\/?page_id=81"},"modified":"2018-07-03T17:34:02","modified_gmt":"2018-07-03T20:34:02","slug":"a-instituicao","status":"publish","type":"page","link":"https:\/\/portal.unisepe.com.br\/asmec\/a-instituicao\/","title":{"rendered":"A Institui\u00e7\u00e3o"},"content":{"rendered":"<h2 style=\"font-family: Arial\"><strong>Hist\u00f3rico institucional<\/strong><\/h2>\n<hr \/>\n<h4 style=\"padding-left: 30px, font-family: Arial\"><strong>Faculdades Integradas ASMEC<\/strong><\/h4>\n<h6><\/h6>\n<p>Em dezembro de 1974, ao instituir a ASMEC como entidade mantenedora da Faculdade de Filosofia, Ci\u00eancias e Letras de Ouro Fino, o Prof. Guilherme Bernardes implantou um ousado programa de expans\u00e3o que culminou com o credenciamento de mais tr\u00eas Unidades de Ensino que integram hoje o sistema de ensino das Faculdades ASMEC, oferecendo cursos em diferentes \u00e1reas de conhecimentos.<\/p>\n<p>O Campus das Faculdades ASMEC transferido para sua sede pr\u00f3pria na cidade de Ouro Fino em 1998, oferecendo a seus alunos uma estrutura f\u00edsica ampla e moderna, onde os projetos arquitet\u00f4nicos e paisag\u00edsticos foram harmonizados com o objetivo de criar ambientes funcionais e com visuais agrad\u00e1veis.<\/p>\n<p>Nossa Biblioteca, com 500 m\u00b2, oferece excelentes condi\u00e7\u00f5es para estudo e pesquisa, com um acervo amplo e diversificado, al\u00e9m de peri\u00f3dicos e ainda computadores com Internet em cabines individuais e salas para v\u00eddeo e estudos em grupos.<\/p>\n<p>Nossos Laborat\u00f3rios de Inform\u00e1tica possuem m\u00e1quinas interligadas em rede e conex\u00e3o para Internet, para atendimento total \u00e0s necessidades das disciplinas de todos os cursos, ligadas \u00e0s \u00e1reas de inform\u00e1tica, de teleinform\u00e1tica e de novas tecnologias da educa\u00e7\u00e3o.<\/p>\n<p>Os laborat\u00f3rios em pleno funcionamento para atendimento a todos os cursos s\u00e3o seguintes: Inform\u00e1tica, L\u00ednguas, Brinquedoteca, Ensino, Anatomia, Biologia, Microbiologia, Qu\u00edmica, Fisiologia, Medidas e Avalia\u00e7\u00f5es, e ainda uma estrutura de reservada \u00e0 Empresa J\u00fanior e \u00e0 Pr\u00e9-Incubadora de Empresas.<\/p>\n<p>Nossos alunos recebem forma\u00e7\u00e3o de alto n\u00edvel, transformando voca\u00e7\u00e3o em capacita\u00e7\u00e3o profissional, pois ao longo dos cursos eles t\u00eam em nossos laborat\u00f3rios a complementa\u00e7\u00e3o pr\u00e1tica da teoria vista em sala de aula, e, ainda a oportunidade de manusear instrumentos e equipamentos que far\u00e3o parte de sua trajet\u00f3ria profissional.<\/p>\n<p>Nosso corpo docente \u00e9 constitu\u00eddo por profissionais p\u00f3s-graduados, mestres e doutores, altamente especializados e capacitados para propiciarem um ensino de qualidade, incentivando os alunos atrav\u00e9s de atividades extra classe tais como: trabalho de campo, visitas t\u00e9cnicas, est\u00e1gios, feiras, palestras, atividades de extens\u00e3o, e at\u00e9 mesmo, na preserva\u00e7\u00e3o de nossas tradi\u00e7\u00f5es folcl\u00f3ricas.<\/p>\n<p>Nosso corpo t\u00e9cnico e administrativo \u00e9 formado por pessoas treinadas e preparadas para um atendimento personalizado aos nossos alunos, sempre com presteza e cortesia.<\/p>\n","protected":false},"excerpt":{"rendered":"<p>Hist\u00f3rico institucional Faculdades Integradas ASMEC Em dezembro de 1974, ao instituir a ASMEC como entidade mantenedora da Faculdade de Filosofia, Ci\u00eancias e Letras de Ouro Fino, o Prof. Guilherme Bernardes implantou um ousado programa de expans\u00e3o que culminou com o credenciamento de mais tr\u00eas Unidades de Ensino que integram hoje<\/p>\n","protected":false},"author":1,"featured_media":0,"parent":0,"menu_order":0,"comment_status":"open","ping_status":"open","template":"templates\/template-pagina_menu_vertical.php","meta":{"footnotes":""},"categories":[],"tags":[],"class_list":["post-81","page","type-page","status-publish","hentry"],"_links":{"self":[{"href":"https:\/\/portal.unisepe.com.br\/asmec\/wp-json\/wp\/v2\/pages\/81","targetHints":{"allow":["GET"]}}],"collection":[{"href":"https:\/\/portal.unisepe.com.br\/asmec\/wp-json\/wp\/v2\/pages"}],"about":[{"href":"https:\/\/portal.unisepe.com.br\/asmec\/wp-json\/wp\/v2\/types\/page"}],"author":[{"embeddable":true,"href":"https:\/\/portal.unisepe.com.br\/asmec\/wp-json\/wp\/v2\/users\/1"}],"replies":[{"embeddable":true,"href":"https:\/\/portal.unisepe.com.br\/asmec\/wp-json\/wp\/v2\/comments?post=81"}],"version-history":[{"count":6,"href":"https:\/\/portal.unisepe.com.br\/asmec\/wp-json\/wp\/v2\/pages\/81\/revisions"}],"predecessor-version":[{"id":2514,"href":"https:\/\/portal.unisepe.com.br\/asmec\/wp-json\/wp\/v2\/pages\/81\/revisions\/2514"}],"wp:attachment":[{"href":"https:\/\/portal.unisepe.com.br\/asmec\/wp-json\/wp\/v2\/media?parent=81"}],"wp:term":[{"taxonomy":"category","embeddable":true,"href":"https:\/\/portal.unisepe.com.br\/asmec\/wp-json\/wp\/v2\/categories?post=81"},{"taxonomy":"post_tag","embeddable":true,"href":"https:\/\/portal.unisepe.com.br\/asmec\/wp-json\/wp\/v2\/tags?post=81"}],"curies":[{"name":"wp","href":"https:\/\/api.w.org\/{rel}","templated":true}]}}