{"id":1147,"date":"2016-12-05T18:27:40","date_gmt":"2016-12-05T18:27:40","guid":{"rendered":"http:\/\/www.fvr.edu.br\/fvr\/site\/?page_id=1147"},"modified":"2026-01-30T18:59:41","modified_gmt":"2026-01-30T21:59:41","slug":"calendario-academico","status":"publish","type":"page","link":"https:\/\/portal.unisepe.com.br\/asmecpa\/calendario-academico\/","title":{"rendered":"Calend\u00e1rio Acad\u00eamico"},"content":{"rendered":"<p><strong>Calend\u00e1rio Acad\u00eamico de 2026<\/strong><\/p>\n<ul>\n<li>Calend\u00e1rio Acad\u00eamico de 2026-1 (Em breve)<\/li>\n<\/ul>\n<p>&nbsp;<\/p>\n<p><strong>Hor\u00e1rio de Aulas:<\/strong><\/p>\n<ul>\n<li><a href=\"https:\/\/portal.unisepe.com.br\/asmecpa\/wp-content\/uploads\/sites\/10009\/2026\/01\/HORARIO_DIREITO_20261_PA.pdf\">Direito<\/a><\/li>\n<\/ul>\n","protected":false},"excerpt":{"rendered":"<p>Calend\u00e1rio Acad\u00eamico de 2026 Calend\u00e1rio Acad\u00eamico de 2026-1 (Em breve) &nbsp; Hor\u00e1rio de Aulas: Direito<\/p>\n","protected":false},"author":1,"featured_media":0,"parent":0,"menu_order":0,"comment_status":"closed","ping_status":"closed","template":"templates\/template-curso_menu_vertical.php","meta":{"footnotes":""},"categories":[],"tags":[],"class_list":["post-1147","page","type-page","status-publish","hentry"],"_links":{"self":[{"href":"https:\/\/portal.unisepe.com.br\/asmecpa\/wp-json\/wp\/v2\/pages\/1147","targetHints":{"allow":["GET"]}}],"collection":[{"href":"https:\/\/portal.unisepe.com.br\/asmecpa\/wp-json\/wp\/v2\/pages"}],"about":[{"href":"https:\/\/portal.unisepe.com.br\/asmecpa\/wp-json\/wp\/v2\/types\/page"}],"author":[{"embeddable":true,"href":"https:\/\/portal.unisepe.com.br\/asmecpa\/wp-json\/wp\/v2\/users\/1"}],"replies":[{"embeddable":true,"href":"https:\/\/portal.unisepe.com.br\/asmecpa\/wp-json\/wp\/v2\/comments?post=1147"}],"version-history":[{"count":40,"href":"https:\/\/portal.unisepe.com.br\/asmecpa\/wp-json\/wp\/v2\/pages\/1147\/revisions"}],"predecessor-version":[{"id":3423,"href":"https:\/\/portal.unisepe.com.br\/asmecpa\/wp-json\/wp\/v2\/pages\/1147\/revisions\/3423"}],"wp:attachment":[{"href":"https:\/\/portal.unisepe.com.br\/asmecpa\/wp-json\/wp\/v2\/media?parent=1147"}],"wp:term":[{"taxonomy":"category","embeddable":true,"href":"https:\/\/portal.unisepe.com.br\/asmecpa\/wp-json\/wp\/v2\/categories?post=1147"},{"taxonomy":"post_tag","embeddable":true,"href":"https:\/\/portal.unisepe.com.br\/asmecpa\/wp-json\/wp\/v2\/tags?post=1147"}],"curies":[{"name":"wp","href":"https:\/\/api.w.org\/{rel}","templated":true}]}}