{"id":1503,"date":"2017-06-02T15:13:39","date_gmt":"2017-06-02T18:13:39","guid":{"rendered":"http:\/\/www.fvr.edu.br\/?page_id=1503"},"modified":"2023-04-13T22:19:56","modified_gmt":"2023-04-14T01:19:56","slug":"regulamentos-institucionais","status":"publish","type":"page","link":"https:\/\/portal.unisepe.com.br\/asmecpa\/manuais-editais-e-regulamentos\/manuais-e-regulamentos\/regulamentos-institucionais\/","title":{"rendered":"Regulamentos institucionais"},"content":{"rendered":"<ul>\n<li><a href=\"https:\/\/portal.unisepe.com.br\/asmecpa\/wp-content\/uploads\/sites\/10009\/2022\/05\/regulamento-institucional-EST\u00c1GIO-presencial_ead-2-1-2.pdf\">Regulamento institucional de est\u00e1gio curricular supervisionado modalidade de ensino presencial e a dist\u00e2ncia<\/a><\/li>\n<li><a href=\"http:\/\/portal.unisepe.com.br\/asmecpa\/wp-content\/uploads\/sites\/10009\/2018\/07\/Est\u00e1gio-Curricular.pdf\">Regulamento est\u00e1gio Curricular<\/a><\/li>\n<li><a href=\"https:\/\/portal.unisepe.com.br\/asmecpa\/wp-content\/uploads\/sites\/10009\/2023\/04\/7_Extens\u00e3o_Regulamento.pdf\">Regulamento de Extens\u00e3o<\/a><\/li>\n<li><a href=\"https:\/\/portal.unisepe.com.br\/asmecpa\/wp-content\/uploads\/sites\/10009\/2023\/04\/POUSO-ALEGRE-7-PRESENCIAL-E-EAD-NORMAS-PARA-USO-DOS-LABORATORIOS-Rev2.pdf\">Regulamento do Laborat\u00f3rio de Inform\u00e1tica<\/a><\/li>\n<li><a href=\"http:\/\/portal.unisepe.com.br\/asmecpa\/wp-content\/uploads\/sites\/10009\/2018\/07\/P\u00f3s-Gradua\u00e7\u00e3o.pdf\">Regulamento de P\u00f3s-Gradua\u00e7\u00e3o<\/a><\/li>\n<li><a href=\"https:\/\/portal.unisepe.com.br\/asmecpa\/wp-content\/uploads\/sites\/10009\/2023\/04\/2_Coordena\u00e7\u00e3o_Regulamento-aproveitamento-de-estudos.pdf\">Regulamento Aproveitamento de Estudos<\/a><\/li>\n<li><a href=\"http:\/\/portal.unisepe.com.br\/asmecpa\/wp-content\/uploads\/sites\/10009\/2018\/07\/Regulamento-Institucional-CEP.pdf\">Regulamento Institucional CEP<\/a><\/li>\n<li><a href=\"https:\/\/portal.unisepe.com.br\/asmecpa\/comissao-propria-de-avaliacao\/regulamento-institucional\/\">Regulamento Institucional CPA<\/a><\/li>\n<li><a href=\"http:\/\/portal.unisepe.com.br\/asmecpa\/wp-content\/uploads\/sites\/10009\/2018\/07\/Regulamento-Institucional-Hora-Aula-e-Hora-Relogio.pdf\">Regulamento Institucional Hora Aula e Hora Relogio<\/a><\/li>\n<li><a href=\"http:\/\/portal.unisepe.com.br\/asmecpa\/wp-content\/uploads\/sites\/10009\/2018\/07\/Regulamento-Institucional-Projeto-Integrador.pdf\">Regulamento Institucional Projeto Integrador<\/a><\/li>\n<li><a href=\"http:\/\/portal.unisepe.com.br\/asmecpa\/wp-content\/uploads\/sites\/10009\/2018\/07\/Regulamento-Pasta-PROERS.pdf\">Regulamento Pasta PROERS<\/a><\/li>\n<li><a href=\"https:\/\/portal.unisepe.com.br\/asmecpa\/wp-content\/uploads\/sites\/10009\/2023\/04\/7_Regulamento_Atividades-Complementares.pdf\">Regulamento de atividades complementares<\/a><\/li>\n<li><a href=\"https:\/\/portal.unisepe.com.br\/asmecpa\/wp-content\/uploads\/sites\/10009\/2022\/05\/regulamento-institucional-TCC-presencial_EAD-1-1.pdf\">Regulamento institucional de trabalho de conclus\u00e3o de curso \u2013 TCC modalidades presencial e a dist\u00e2ncia<\/a><\/li>\n<li><a href=\"https:\/\/portal.unisepe.com.br\/asmecpa\/wp-content\/uploads\/sites\/10009\/2023\/04\/4_Regulamento-TCC.pdf\">Regulamento institucional de trabalho de conclus\u00e3o de curso<\/a><\/li>\n<li><a href=\"https:\/\/portal.unisepe.com.br\/asmecpa\/wp-content\/uploads\/sites\/10009\/2023\/04\/2_Coordena\u00e7\u00e3o-Regulamento_Sistema-de-Avalia\u00e7\u00e3o-Discente.pdf\">Regulamento Sistema de Avalia\u00e7\u00e3o de Discentes<\/a><\/li>\n<li><a href=\"http:\/\/portal.unisepe.com.br\/asmecpa\/wp-content\/uploads\/sites\/10009\/2020\/02\/Regulamento-Calouro-Amigo.pdf\">Regulamento Calouro Amigo<\/a><\/li>\n<li><a href=\"https:\/\/portal.unisepe.com.br\/asmecpa\/wp-content\/uploads\/sites\/10009\/2023\/04\/4_Regulamento-Monitoria.pdf\">Regulamento Monitoria<\/a><\/li>\n<li><a href=\"https:\/\/portal.unisepe.com.br\/asmecpa\/wp-content\/uploads\/sites\/10009\/2023\/04\/4_Regulamento-apoio-psicopedag\u00f3gico.pdf\">Regulamento de apoio psicopedag\u00f3gico<\/a><\/li>\n<li><a href=\"https:\/\/portal.unisepe.com.br\/asmecpa\/wp-content\/uploads\/sites\/10009\/2023\/04\/6_Pesquisa_Regulamento-Iinicia\u00e7\u00e3o-Cient\u00edfica.pdf\">Regulamento de Inicia\u00e7\u00e3o Cient\u00edfica<\/a><\/li>\n<li><a href=\"https:\/\/portal.unisepe.com.br\/asmecpa\/wp-content\/uploads\/sites\/10009\/2023\/04\/1_Colegiado_Regulamento.pdf\">Regulamento de colegiado de curso<\/a><\/li>\n<\/ul>\n<ul><\/ul>\n","protected":false},"excerpt":{"rendered":"<p>Regulamento institucional de est\u00e1gio curricular supervisionado modalidade de ensino presencial e a dist\u00e2ncia Regulamento est\u00e1gio Curricular Regulamento de Extens\u00e3o Regulamento do Laborat\u00f3rio de Inform\u00e1tica Regulamento de P\u00f3s-Gradua\u00e7\u00e3o Regulamento Aproveitamento de Estudos Regulamento Institucional CEP Regulamento Institucional CPA Regulamento Institucional Hora Aula e Hora Relogio Regulamento Institucional Projeto Integrador Regulamento Pasta<\/p>\n","protected":false},"author":1,"featured_media":0,"parent":3111,"menu_order":0,"comment_status":"closed","ping_status":"closed","template":"templates\/template-pagina_menu_vertical.php","meta":{"footnotes":""},"categories":[],"tags":[],"class_list":["post-1503","page","type-page","status-publish","hentry"],"_links":{"self":[{"href":"https:\/\/portal.unisepe.com.br\/asmecpa\/wp-json\/wp\/v2\/pages\/1503","targetHints":{"allow":["GET"]}}],"collection":[{"href":"https:\/\/portal.unisepe.com.br\/asmecpa\/wp-json\/wp\/v2\/pages"}],"about":[{"href":"https:\/\/portal.unisepe.com.br\/asmecpa\/wp-json\/wp\/v2\/types\/page"}],"author":[{"embeddable":true,"href":"https:\/\/portal.unisepe.com.br\/asmecpa\/wp-json\/wp\/v2\/users\/1"}],"replies":[{"embeddable":true,"href":"https:\/\/portal.unisepe.com.br\/asmecpa\/wp-json\/wp\/v2\/comments?post=1503"}],"version-history":[{"count":15,"href":"https:\/\/portal.unisepe.com.br\/asmecpa\/wp-json\/wp\/v2\/pages\/1503\/revisions"}],"predecessor-version":[{"id":3129,"href":"https:\/\/portal.unisepe.com.br\/asmecpa\/wp-json\/wp\/v2\/pages\/1503\/revisions\/3129"}],"up":[{"embeddable":true,"href":"https:\/\/portal.unisepe.com.br\/asmecpa\/wp-json\/wp\/v2\/pages\/3111"}],"wp:attachment":[{"href":"https:\/\/portal.unisepe.com.br\/asmecpa\/wp-json\/wp\/v2\/media?parent=1503"}],"wp:term":[{"taxonomy":"category","embeddable":true,"href":"https:\/\/portal.unisepe.com.br\/asmecpa\/wp-json\/wp\/v2\/categories?post=1503"},{"taxonomy":"post_tag","embeddable":true,"href":"https:\/\/portal.unisepe.com.br\/asmecpa\/wp-json\/wp\/v2\/tags?post=1503"}],"curies":[{"name":"wp","href":"https:\/\/api.w.org\/{rel}","templated":true}]}}