{"id":2121,"date":"2018-04-06T16:46:30","date_gmt":"2018-04-06T19:46:30","guid":{"rendered":"http:\/\/www.fvr.edu.br\/?page_id=2121"},"modified":"2023-04-12T21:45:46","modified_gmt":"2023-04-13T00:45:46","slug":"projeto-pad","status":"publish","type":"page","link":"https:\/\/portal.unisepe.com.br\/asmecpa\/projeto-pad\/","title":{"rendered":"Projeto PAD"},"content":{"rendered":"<h3>Acessibilidade\/ PAD<\/h3>\n<p>O site da Faculdade de Neg\u00f3cios Asmec de Pouso Alegre foi desenvolvido com o objetivo de ser acess\u00edvel para todos. Por isso tem recursos de acessibilidade implementados de acordo com as recomenda\u00e7\u00f5es do WCAG (Web Content Accessibility Guidelines) e das diretrizes de acessibilidade para conte\u00fado web n\u00edvel AA+, do W3C (World Wide Web Consortium), principal institui\u00e7\u00e3o de padroniza\u00e7\u00e3o da internet.<br \/>\nDessa forma, pessoas com defici\u00eancia auditiva, visual, limita\u00e7\u00f5es cognitivas, mobilidade reduzida, dificuldade de aprendizagem, fotossensibilidade e com combina\u00e7\u00f5es destas caracter\u00edsticas podem navegar no site usando esses diversos recursos, como o alto contraste, teclas de atalho, navega\u00e7\u00e3o por teclado, dentre outros.<br \/>\nA acessibilidade do site \u00e9 melhor nas vers\u00f5es mais atualizadas dos navegadores web, por isso utilize sempre a vers\u00e3o mais recente do seu software.<\/p>\n<h3>Dicas de Navega\u00e7\u00e3o<\/h3>\n<p>Como aumentar e diminuir o texto<\/p>\n<p>Esse site permite o uso eficiente dos recursos de zoom nativo do seu navegador. Para aumentar a fonte e ampliar o conte\u00fado pressione as teclas \u201cCtrl +\u201d, use \u201cCtrl \u2013\u201d para diminuir e pressione \u201cCtrl 0\u201d para voltar ao padr\u00e3o.<\/p>\n<p>Navega\u00e7\u00e3o por tabula\u00e7\u00e3o<\/p>\n<p>Utilize a tecla \u201cTab\u201d para navegar pelos elementos acion\u00e1veis do site (links, bot\u00f5es, campos de formul\u00e1rio e outros), na ordem em que eles est\u00e3o posicionados na p\u00e1gina. Use \u201cShift + Tab\u201d para retornar ao in\u00edcio e as setas direcionais para acessar \u00e0s informa\u00e7\u00f5es textuais.<\/p>\n<p>Contato de Suporte<\/p>\n<p>Caso encontre algum obst\u00e1culo de acessibilidade nas p\u00e1ginas, fique \u00e0 vontade para entrar em contato e especificar as dificuldades atrav\u00e9s do e-mail: <a href=\"mailto:ti01.of@unisepe.com.br\">ti01.of@unisepe.com.br<\/a><\/p>\n<h3>Tecnologias Assistivas<\/h3>\n<p>Sugest\u00f5es de programas para pessoas com defici\u00eancia:<\/p>\n<p>Softwares para Defici\u00eancia Visual<\/p>\n<ul>\n<li><a href=\"http:\/\/intervox.nce.ufrj.br\/dosvox\/\" target=\"_blank\" rel=\"noopener noreferrer\"><strong>DOSVOX<\/strong><\/a>: sistema computacional baseado na s\u00edntese de voz desenvolvido para portadores de defici\u00eancia visual (Windows ou Linux);<\/li>\n<li><a href=\"https:\/\/nitrous-voice-flux.br.jaleco.com\/\" target=\"_blank\" rel=\"noopener noreferrer\"><strong>Nitrous Voice Flux<\/strong><\/a>: programa gratuito de controle de computador por voz;<\/li>\n<li><a href=\"https:\/\/sourceforge.net\/projects\/nvda\/\" target=\"_blank\" rel=\"noopener noreferrer\"><strong>NVDA<\/strong><\/a>: software livre e gratuito de leitura de tela dispon\u00edvel em v\u00e1rios idiomas (Windows)<\/li>\n<li><a href=\"https:\/\/www.freedomscientific.com\/products\/software\/jaws\/\" target=\"_blank\" rel=\"noopener noreferrer\"><strong>Jaws for Windows<\/strong><\/a>: leitor de tela dispon\u00edvel em v\u00e1rios idiomas;<\/li>\n<li><a href=\"https:\/\/www.virtualvision.com.br\/\" target=\"_blank\" rel=\"noopener noreferrer\"><strong>Virtual Vision<\/strong><\/a>: leitor de tela em portugu\u00eas (Windows);<\/li>\n<li><a href=\"https:\/\/download.cnet.com\/YeoSoft-Text-to-MP3-Speaker\/3000-2279_4-10282189.html\" target=\"_blank\" rel=\"noopener noreferrer\"><strong>YeoSoft Text<\/strong><\/a>: leitor de tela em ingl\u00eas e portugu\u00eas.<\/li>\n<\/ul>\n<p>Softwares para Defici\u00eancia Auditiva<\/p>\n<ul>\n<li><a href=\"https:\/\/www.handtalk.me\/br\/aplicativo\" target=\"_blank\" rel=\"noopener noreferrer\"><strong>Hand Talk<\/strong><\/a>: aplicativo de tradu\u00e7\u00e3o autom\u00e1tica para a L\u00edngua Brasileira de Sinais (LIBRAS) que faz tradu\u00e7\u00e3o do conte\u00fado de textos ou \u00e1udios no seu celular.<\/li>\n<\/ul>\n","protected":false},"excerpt":{"rendered":"<p>Acessibilidade\/ PAD O site da Faculdade de Neg\u00f3cios Asmec de Pouso Alegre foi desenvolvido com o objetivo de ser acess\u00edvel para todos. Por isso tem recursos de acessibilidade implementados de acordo com as recomenda\u00e7\u00f5es do WCAG (Web Content Accessibility Guidelines) e das diretrizes de acessibilidade para conte\u00fado web n\u00edvel AA+,<\/p>\n","protected":false},"author":1,"featured_media":0,"parent":0,"menu_order":0,"comment_status":"closed","ping_status":"closed","template":"templates\/template-curso_menu_vertical.php","meta":{"footnotes":""},"categories":[],"tags":[],"class_list":["post-2121","page","type-page","status-publish","hentry"],"_links":{"self":[{"href":"https:\/\/portal.unisepe.com.br\/asmecpa\/wp-json\/wp\/v2\/pages\/2121","targetHints":{"allow":["GET"]}}],"collection":[{"href":"https:\/\/portal.unisepe.com.br\/asmecpa\/wp-json\/wp\/v2\/pages"}],"about":[{"href":"https:\/\/portal.unisepe.com.br\/asmecpa\/wp-json\/wp\/v2\/types\/page"}],"author":[{"embeddable":true,"href":"https:\/\/portal.unisepe.com.br\/asmecpa\/wp-json\/wp\/v2\/users\/1"}],"replies":[{"embeddable":true,"href":"https:\/\/portal.unisepe.com.br\/asmecpa\/wp-json\/wp\/v2\/comments?post=2121"}],"version-history":[{"count":6,"href":"https:\/\/portal.unisepe.com.br\/asmecpa\/wp-json\/wp\/v2\/pages\/2121\/revisions"}],"predecessor-version":[{"id":3074,"href":"https:\/\/portal.unisepe.com.br\/asmecpa\/wp-json\/wp\/v2\/pages\/2121\/revisions\/3074"}],"wp:attachment":[{"href":"https:\/\/portal.unisepe.com.br\/asmecpa\/wp-json\/wp\/v2\/media?parent=2121"}],"wp:term":[{"taxonomy":"category","embeddable":true,"href":"https:\/\/portal.unisepe.com.br\/asmecpa\/wp-json\/wp\/v2\/categories?post=2121"},{"taxonomy":"post_tag","embeddable":true,"href":"https:\/\/portal.unisepe.com.br\/asmecpa\/wp-json\/wp\/v2\/tags?post=2121"}],"curies":[{"name":"wp","href":"https:\/\/api.w.org\/{rel}","templated":true}]}}