{"id":214,"date":"2016-07-08T00:30:46","date_gmt":"2016-07-08T00:30:46","guid":{"rendered":"http:\/\/www.fvr.edu.br\/fvr\/site\/?page_id=214"},"modified":"2022-06-15T11:07:43","modified_gmt":"2022-06-15T14:07:43","slug":"areas-de-atuacao","status":"publish","type":"page","link":"https:\/\/portal.unisepe.com.br\/asmecpa\/a-instituicao\/areas-de-atuacao\/","title":{"rendered":"\u00c1reas de Atua\u00e7\u00e3o"},"content":{"rendered":"<p>Atualmente a Faculdade de neg\u00f3cios ASMEC de Pouso Alegre atua nas seguintes \u00e1reas:<\/p>\n<p><strong>Bacharelado<\/strong><\/p>\n<p>Administra\u00e7\u00e3o<\/p>\n<p>Ci\u00eancias Cont\u00e1beis<\/p>\n<p>Direito<\/p>\n<p>&nbsp;<\/p>\n<p><strong>&#8220;A Educa\u00e7\u00e3o \u00e9 a for\u00e7a transformadora da sociedade, humanizando o mundo&#8221;<\/strong><\/p>\n","protected":false},"excerpt":{"rendered":"<p>Atualmente a Faculdade de neg\u00f3cios ASMEC de Pouso Alegre atua nas seguintes \u00e1reas: Bacharelado Administra\u00e7\u00e3o Ci\u00eancias Cont\u00e1beis Direito &nbsp; &#8220;A Educa\u00e7\u00e3o \u00e9 a for\u00e7a transformadora da sociedade, humanizando o mundo&#8221;<\/p>\n","protected":false},"author":1,"featured_media":0,"parent":81,"menu_order":0,"comment_status":"closed","ping_status":"closed","template":"templates\/template-pagina_menu_vertical.php","meta":{"footnotes":""},"categories":[],"tags":[],"class_list":["post-214","page","type-page","status-publish","hentry"],"_links":{"self":[{"href":"https:\/\/portal.unisepe.com.br\/asmecpa\/wp-json\/wp\/v2\/pages\/214","targetHints":{"allow":["GET"]}}],"collection":[{"href":"https:\/\/portal.unisepe.com.br\/asmecpa\/wp-json\/wp\/v2\/pages"}],"about":[{"href":"https:\/\/portal.unisepe.com.br\/asmecpa\/wp-json\/wp\/v2\/types\/page"}],"author":[{"embeddable":true,"href":"https:\/\/portal.unisepe.com.br\/asmecpa\/wp-json\/wp\/v2\/users\/1"}],"replies":[{"embeddable":true,"href":"https:\/\/portal.unisepe.com.br\/asmecpa\/wp-json\/wp\/v2\/comments?post=214"}],"version-history":[{"count":4,"href":"https:\/\/portal.unisepe.com.br\/asmecpa\/wp-json\/wp\/v2\/pages\/214\/revisions"}],"predecessor-version":[{"id":2970,"href":"https:\/\/portal.unisepe.com.br\/asmecpa\/wp-json\/wp\/v2\/pages\/214\/revisions\/2970"}],"up":[{"embeddable":true,"href":"https:\/\/portal.unisepe.com.br\/asmecpa\/wp-json\/wp\/v2\/pages\/81"}],"wp:attachment":[{"href":"https:\/\/portal.unisepe.com.br\/asmecpa\/wp-json\/wp\/v2\/media?parent=214"}],"wp:term":[{"taxonomy":"category","embeddable":true,"href":"https:\/\/portal.unisepe.com.br\/asmecpa\/wp-json\/wp\/v2\/categories?post=214"},{"taxonomy":"post_tag","embeddable":true,"href":"https:\/\/portal.unisepe.com.br\/asmecpa\/wp-json\/wp\/v2\/tags?post=214"}],"curies":[{"name":"wp","href":"https:\/\/api.w.org\/{rel}","templated":true}]}}