{"id":230,"date":"2016-07-08T22:51:12","date_gmt":"2016-07-08T22:51:12","guid":{"rendered":"http:\/\/www.fvr.edu.br\/fvr\/site\/?page_id=230"},"modified":"2019-09-19T14:33:26","modified_gmt":"2019-09-19T17:33:26","slug":"graduacao","status":"publish","type":"page","link":"https:\/\/portal.unisepe.com.br\/asmecpa\/graduacao\/","title":{"rendered":"Gradua\u00e7\u00e3o"},"content":{"rendered":"<div id=\"responsive-table\">\n<h2 style=\"text-align: center\">Cursos<\/h2>\n<table class=\"table table-course no-th\">\n<tbody>\n<tr>\n<td style=\"text-align: center\"><img loading=\"lazy\" decoding=\"async\" class=\"aligncenter wp-image-2671\" src=\"http:\/\/portal.unisepe.com.br\/asmecpa\/wp-content\/uploads\/sites\/10009\/2018\/12\/logo_administracao.gif\" alt=\"\" width=\"175\" height=\"83\" \/><\/p>\n<p><a href=\"http:\/\/portal.unisepe.com.br\/asmecpa\/bacharelado-administracao\/\">Administra\u00e7\u00e3o<\/a><\/td>\n<td style=\"text-align: center\"><img loading=\"lazy\" decoding=\"async\" class=\"alignnone size-full wp-image-2514 aligncenter\" src=\"http:\/\/portal.unisepe.com.br\/asmecpa\/wp-content\/uploads\/sites\/10009\/2018\/07\/logo_ctb.png\" alt=\"\" width=\"83\" height=\"100\" \/><\/p>\n<p><a href=\"http:\/\/portal.unisepe.com.br\/asmecpa\/ciencias-contabeis\/\">Ci\u00eancias Cont\u00e1beis<\/a><\/td>\n<td><img loading=\"lazy\" decoding=\"async\" class=\"wp-image-2516 aligncenter\" src=\"http:\/\/portal.unisepe.com.br\/asmecpa\/wp-content\/uploads\/sites\/10009\/2018\/07\/direitologo.png\" alt=\"\" width=\"107\" height=\"100\" \/><\/p>\n<p style=\"text-align: center\"><a href=\"http:\/\/portal.unisepe.com.br\/asmecpa\/direito\/\">Direito<\/a><\/p>\n<\/td>\n<\/tr>\n<\/tbody>\n<\/table>\n<\/div>\n","protected":false},"excerpt":{"rendered":"<p>Cursos Administra\u00e7\u00e3o Ci\u00eancias Cont\u00e1beis Direito<\/p>\n","protected":false},"author":1,"featured_media":0,"parent":0,"menu_order":0,"comment_status":"closed","ping_status":"closed","template":"templates\/template-fullwidth.php","meta":{"footnotes":""},"categories":[],"tags":[],"class_list":["post-230","page","type-page","status-publish","hentry"],"_links":{"self":[{"href":"https:\/\/portal.unisepe.com.br\/asmecpa\/wp-json\/wp\/v2\/pages\/230","targetHints":{"allow":["GET"]}}],"collection":[{"href":"https:\/\/portal.unisepe.com.br\/asmecpa\/wp-json\/wp\/v2\/pages"}],"about":[{"href":"https:\/\/portal.unisepe.com.br\/asmecpa\/wp-json\/wp\/v2\/types\/page"}],"author":[{"embeddable":true,"href":"https:\/\/portal.unisepe.com.br\/asmecpa\/wp-json\/wp\/v2\/users\/1"}],"replies":[{"embeddable":true,"href":"https:\/\/portal.unisepe.com.br\/asmecpa\/wp-json\/wp\/v2\/comments?post=230"}],"version-history":[{"count":27,"href":"https:\/\/portal.unisepe.com.br\/asmecpa\/wp-json\/wp\/v2\/pages\/230\/revisions"}],"predecessor-version":[{"id":2715,"href":"https:\/\/portal.unisepe.com.br\/asmecpa\/wp-json\/wp\/v2\/pages\/230\/revisions\/2715"}],"wp:attachment":[{"href":"https:\/\/portal.unisepe.com.br\/asmecpa\/wp-json\/wp\/v2\/media?parent=230"}],"wp:term":[{"taxonomy":"category","embeddable":true,"href":"https:\/\/portal.unisepe.com.br\/asmecpa\/wp-json\/wp\/v2\/categories?post=230"},{"taxonomy":"post_tag","embeddable":true,"href":"https:\/\/portal.unisepe.com.br\/asmecpa\/wp-json\/wp\/v2\/tags?post=230"}],"curies":[{"name":"wp","href":"https:\/\/api.w.org\/{rel}","templated":true}]}}