{"id":268,"date":"2016-07-09T00:05:08","date_gmt":"2016-07-09T00:05:08","guid":{"rendered":"http:\/\/www.fvr.edu.br\/fvr\/site\/?page_id=268"},"modified":"2020-11-04T20:33:44","modified_gmt":"2020-11-04T23:33:44","slug":"bacharelado-administracao","status":"publish","type":"page","link":"https:\/\/portal.unisepe.com.br\/asmecpa\/bacharelado-administracao\/","title":{"rendered":"Administra\u00e7\u00e3o"},"content":{"rendered":"<p><iframe loading=\"lazy\" width=\"853\" height=\"480\" src=\"https:\/\/www.youtube.com\/embed\/YAEYDBYj6do\"><\/iframe><\/p>\n<p><strong>Concep\u00e7\u00e3o do curso<\/strong><\/p>\n<p>Os princ\u00edpios norteadores b\u00e1sicos do Curso de Administra\u00e7\u00e3o evidenciam a sua concep\u00e7\u00e3o em valores human\u00edsticos e \u00e9ticos, relev\u00e2ncia acad\u00eamica e atualidade cient\u00edfico-tecnol\u00f3gica. Assim, se faz necess\u00e1rio proporcionar oportunidade para desenvolver capacidade de racioc\u00ednio abstrato que reflita a heterogeneidade das demandas sociais, que pense e repense o contexto geral dos neg\u00f3cios, renove continuamente suas compet\u00eancias em um processo de aprendizado cont\u00ednuo e que seja comprometido com a sociedade e com o ambiente das futuras gera\u00e7\u00f5es, valorizando princ\u00edpios \u00e9ticos e de cidadania. O curso est\u00e1 fundamentado numa pedagogia com uma concep\u00e7\u00e3o cr\u00edtica acerca das rela\u00e7\u00f5es existentes entre educa\u00e7\u00e3o, sociedade e trabalho, para que possamos demonstrar que o processo de aquisi\u00e7\u00e3o de conhecimento \u00e9 compreendido como decorr\u00eancia da intera\u00e7\u00e3o do aluno com o meio em que se insere, cabendo ao professor mediar o processo e articular essa intera\u00e7\u00e3o.<\/p>\n<p><strong>Objetivo Geral:<\/strong><\/p>\n<p>Formar bachar\u00e9is voltados ao atendimento das necessidades organizacionais p\u00fablicas e privadas, comprometidos com as quest\u00f5es s\u00f3cio-econ\u00f4micas-pol\u00edticas da atualidade e capazes de desenvolver um conjunto de habilidades e compet\u00eancias que os credenciem \u00e0 intervir nos processos organizacionais, de maneira pr\u00f3-ativa e dentro dos princ\u00edpios \u00e9ticos, visando assegurar n\u00edveis de competitividade estrat\u00e9gica dentro de uma vis\u00e3o global e local de sua atividade na regi\u00e3o.<\/p>\n<p><strong>Objetivos espec\u00edficos<\/strong><\/p>\n<ul>\n<li>Proporcionar aos alunos o necess\u00e1rio embasamento te\u00f3rico e pr\u00e1tico nos diversos campos da administra\u00e7\u00e3o;<\/li>\n<li>Promover a internaliza\u00e7\u00e3o de valores de responsabilidade social, justi\u00e7a e \u00e9tica profissional; Formar profissionais empreendedores preparados para atuar na gest\u00e3o dos variados tipos de empresas (p\u00fablicas, privadas e organiza\u00e7\u00f5es n\u00e3o governamentais) como agentes de informa\u00e7\u00e3o, de moderniza\u00e7\u00e3o e de responsabilidade social;<\/li>\n<li>Preparar profissionais capazes de gerenciar a din\u00e2mica de uma empresa, atento \u00e0s transforma\u00e7\u00f5es do meio, na busca de solu\u00e7\u00f5es criativas e \u00e9tico-cidad\u00e3s;<\/li>\n<li>Formar profissionais aptos a responder \u00e0s demandas da cidadania e do desenvolvimento econ\u00f4mico e cient\u00edfico a partir da \u00e1rea de administra\u00e7\u00e3o;<\/li>\n<li>Proporcionar aos administradores a compreens\u00e3o da necessidade do cont\u00ednuo aperfei\u00e7oamento profissional.<\/li>\n<\/ul>\n","protected":false},"excerpt":{"rendered":"<p>Concep\u00e7\u00e3o do curso Os princ\u00edpios norteadores b\u00e1sicos do Curso de Administra\u00e7\u00e3o evidenciam a sua concep\u00e7\u00e3o em valores human\u00edsticos e \u00e9ticos, relev\u00e2ncia acad\u00eamica e atualidade cient\u00edfico-tecnol\u00f3gica. Assim, se faz necess\u00e1rio proporcionar oportunidade para desenvolver capacidade de racioc\u00ednio abstrato que reflita a heterogeneidade das demandas sociais, que pense e repense o contexto<\/p>\n","protected":false},"author":1,"featured_media":0,"parent":0,"menu_order":0,"comment_status":"closed","ping_status":"closed","template":"templates\/template-curso_menu_vertical.php","meta":{"footnotes":""},"categories":[],"tags":[],"class_list":["post-268","page","type-page","status-publish","hentry"],"_links":{"self":[{"href":"https:\/\/portal.unisepe.com.br\/asmecpa\/wp-json\/wp\/v2\/pages\/268","targetHints":{"allow":["GET"]}}],"collection":[{"href":"https:\/\/portal.unisepe.com.br\/asmecpa\/wp-json\/wp\/v2\/pages"}],"about":[{"href":"https:\/\/portal.unisepe.com.br\/asmecpa\/wp-json\/wp\/v2\/types\/page"}],"author":[{"embeddable":true,"href":"https:\/\/portal.unisepe.com.br\/asmecpa\/wp-json\/wp\/v2\/users\/1"}],"replies":[{"embeddable":true,"href":"https:\/\/portal.unisepe.com.br\/asmecpa\/wp-json\/wp\/v2\/comments?post=268"}],"version-history":[{"count":3,"href":"https:\/\/portal.unisepe.com.br\/asmecpa\/wp-json\/wp\/v2\/pages\/268\/revisions"}],"predecessor-version":[{"id":2802,"href":"https:\/\/portal.unisepe.com.br\/asmecpa\/wp-json\/wp\/v2\/pages\/268\/revisions\/2802"}],"wp:attachment":[{"href":"https:\/\/portal.unisepe.com.br\/asmecpa\/wp-json\/wp\/v2\/media?parent=268"}],"wp:term":[{"taxonomy":"category","embeddable":true,"href":"https:\/\/portal.unisepe.com.br\/asmecpa\/wp-json\/wp\/v2\/categories?post=268"},{"taxonomy":"post_tag","embeddable":true,"href":"https:\/\/portal.unisepe.com.br\/asmecpa\/wp-json\/wp\/v2\/tags?post=268"}],"curies":[{"name":"wp","href":"https:\/\/api.w.org\/{rel}","templated":true}]}}