{"id":2752,"date":"2020-07-09T20:39:17","date_gmt":"2020-07-09T23:39:17","guid":{"rendered":"http:\/\/portal.unisepe.com.br\/asmecpa\/?page_id=2752"},"modified":"2020-07-09T20:39:17","modified_gmt":"2020-07-09T23:39:17","slug":"rematricula","status":"publish","type":"page","link":"https:\/\/portal.unisepe.com.br\/asmecpa\/rematricula\/","title":{"rendered":"Rematr\u00edcula"},"content":{"rendered":"<p><a href=\"http:\/\/portal.unisepe.com.br\/asmecpa\/wp-content\/uploads\/sites\/10009\/2019\/07\/informativo_rematricula_geral.pdf\">Passo a Passo &#8211; Rematr\u00edcula<\/a><\/p>\n<hr \/>\n<p>&nbsp;<\/p>\n<p><strong>Outros Tutoriais:<\/strong><\/p>\n<p><a href=\"http:\/\/portal.unisepe.com.br\/asmecpa\/wp-content\/uploads\/sites\/10009\/2020\/07\/Solicita\u00e7\u00e3o-de-Servi\u00e7os-Aluno.pdf\">Solicita\u00e7\u00e3o de Servi\u00e7os &#8211; Aluno<\/a><\/p>\n<p><a href=\"http:\/\/portal.unisepe.com.br\/asmecpa\/wp-content\/uploads\/sites\/10009\/2020\/07\/Passo-a-Passo-Renova\u00e7\u00e3o-de-Benef\u00edcio.pdf\">Passo a Passo &#8211; Renova\u00e7\u00e3o de Benef\u00edcio<\/a><\/p>\n","protected":false},"excerpt":{"rendered":"<p>Passo a Passo &#8211; Rematr\u00edcula &nbsp; Outros Tutoriais: Solicita\u00e7\u00e3o de Servi\u00e7os &#8211; Aluno Passo a Passo &#8211; Renova\u00e7\u00e3o de Benef\u00edcio<\/p>\n","protected":false},"author":7,"featured_media":0,"parent":0,"menu_order":0,"comment_status":"closed","ping_status":"closed","template":"","meta":{"footnotes":""},"categories":[],"tags":[],"class_list":["post-2752","page","type-page","status-publish","hentry"],"_links":{"self":[{"href":"https:\/\/portal.unisepe.com.br\/asmecpa\/wp-json\/wp\/v2\/pages\/2752","targetHints":{"allow":["GET"]}}],"collection":[{"href":"https:\/\/portal.unisepe.com.br\/asmecpa\/wp-json\/wp\/v2\/pages"}],"about":[{"href":"https:\/\/portal.unisepe.com.br\/asmecpa\/wp-json\/wp\/v2\/types\/page"}],"author":[{"embeddable":true,"href":"https:\/\/portal.unisepe.com.br\/asmecpa\/wp-json\/wp\/v2\/users\/7"}],"replies":[{"embeddable":true,"href":"https:\/\/portal.unisepe.com.br\/asmecpa\/wp-json\/wp\/v2\/comments?post=2752"}],"version-history":[{"count":1,"href":"https:\/\/portal.unisepe.com.br\/asmecpa\/wp-json\/wp\/v2\/pages\/2752\/revisions"}],"predecessor-version":[{"id":2755,"href":"https:\/\/portal.unisepe.com.br\/asmecpa\/wp-json\/wp\/v2\/pages\/2752\/revisions\/2755"}],"wp:attachment":[{"href":"https:\/\/portal.unisepe.com.br\/asmecpa\/wp-json\/wp\/v2\/media?parent=2752"}],"wp:term":[{"taxonomy":"category","embeddable":true,"href":"https:\/\/portal.unisepe.com.br\/asmecpa\/wp-json\/wp\/v2\/categories?post=2752"},{"taxonomy":"post_tag","embeddable":true,"href":"https:\/\/portal.unisepe.com.br\/asmecpa\/wp-json\/wp\/v2\/tags?post=2752"}],"curies":[{"name":"wp","href":"https:\/\/api.w.org\/{rel}","templated":true}]}}