{"id":285,"date":"2016-07-09T00:51:13","date_gmt":"2016-07-09T00:51:13","guid":{"rendered":"http:\/\/www.fvr.edu.br\/fvr\/site\/?page_id=285"},"modified":"2023-05-31T20:05:04","modified_gmt":"2023-05-31T23:05:04","slug":"biblioteca","status":"publish","type":"page","link":"https:\/\/portal.unisepe.com.br\/asmecpa\/biblioteca\/","title":{"rendered":"Biblioteca"},"content":{"rendered":"<p style=\"text-align: justify\"><strong><img loading=\"lazy\" decoding=\"async\" class=\"wp-image-2663 alignleft\" src=\"http:\/\/portal.unisepe.com.br\/asmecpa\/wp-content\/uploads\/sites\/10009\/2018\/08\/library_86218-300x300.png\" alt=\"\" width=\"93\" height=\"93\" srcset=\"https:\/\/portal.unisepe.com.br\/asmecpa\/wp-content\/uploads\/sites\/10009\/2018\/08\/library_86218-300x300.png 300w, https:\/\/portal.unisepe.com.br\/asmecpa\/wp-content\/uploads\/sites\/10009\/2018\/08\/library_86218-150x150.png 150w, https:\/\/portal.unisepe.com.br\/asmecpa\/wp-content\/uploads\/sites\/10009\/2018\/08\/library_86218-225x225.png 225w, https:\/\/portal.unisepe.com.br\/asmecpa\/wp-content\/uploads\/sites\/10009\/2018\/08\/library_86218.png 512w\" sizes=\"auto, (max-width: 93px) 100vw, 93px\" \/><\/strong><\/p>\n<p>A Biblioteca do <strong>Instituto de Educa\u00e7\u00e3o Superior de Pouso Alegre &#8211; IESPA<\/strong>, \u00e9 de car\u00e1ter universit\u00e1rio e tem como objetivo contribuir para a capacita\u00e7\u00e3o do estudante e para a forma\u00e7\u00e3o cont\u00ednua dos professores. Constitui-se em interface entre o usu\u00e1rio e a informa\u00e7\u00e3o usando os recursos inform\u00e1ticos e os princ\u00edpios de pesquisa bibliogr\u00e1fica, otimizando a busca e a recupera\u00e7\u00e3o da informa\u00e7\u00e3o influindo no desempenho da comunidade acad\u00eamica contribuindo com novas produ\u00e7\u00f5es do conhecimento com apoio das normas documentais.<\/p>\n<p>Totalmente informatizada de acordo com as normas de cataloga\u00e7\u00e3o AACR2 e a Classifica\u00e7\u00e3o Decimal Dewey. O sistema utilizado de consultas e circula\u00e7\u00e3o do acervo \u00e9 o PERGAMUM, que permite que os alunos e professores fa\u00e7am consultas online nos computadores. O servi\u00e7o garante mais agilidade na procura e sele\u00e7\u00e3o do material bibliogr\u00e1fico.<\/p>\n<p>A \u00e1rea destinada a pesquisa possui dez computadores com acesso a internet, cabines individuais de estudo, uma sala de apoio para reuni\u00f5es e trabalhos em grupos.<\/p>\n<p>Atualmente, o acervo bibliogr\u00e1fico conta aproximadamente com mais de <strong>2<\/strong> mil exemplares de livros e revistas, nas diversas \u00e1reas dos cursos oferecidos.<\/p>\n<p>A Biblioteca conta com 1 plataforma de Acervo Digital para a \u00e1rea de Direito, os alunos fazem acesso direto pelo Portal Acad\u00eamico.<\/p>\n<p>A atualiza\u00e7\u00e3o dos t\u00edtulos \u00e9 sistem\u00e1tica e permanente, feita por indica\u00e7\u00e3o de alunos, professores e atendendo as exig\u00eancias do\u00a0Minist\u00e9rio da Educa\u00e7\u00e3o.<\/p>\n<p>A biblioteca, \u00e9 muito procurada por estudantes e profissionais de toda regi\u00e3o, atende alunos e ex-alunos, o n\u00famero de usu\u00e1rios cresce assustadoramente.<\/p>\n<p>A biblioteca proporciona sem d\u00favida o mais poderoso instrumento de cultura j\u00e1 concebido pelo homem. As informa\u00e7\u00f5es contidas nos livros s\u00e3o origin\u00e1rias das mentes privilegiadas de renomados autores. As m\u00e1quinas indispens\u00e1veis a difus\u00e3o de informa\u00e7\u00f5es. Os servi\u00e7os prestados s\u00e3o de grande valia para o ensino, colaborando para o grau de desenvolvimento intelectual dos alunos, a fim de proporcionar a liberdade do pensamento e a transforma\u00e7\u00e3o social de uma sociedade evolu\u00edda e aut\u00f4noma de hoje e do futuro.<\/p>\n<p>A biblioteca funciona com 1 bibliotec\u00e1ria e 1 auxiliar de biblioteca, sendo a bibliotec\u00e1ria respons\u00e1vel:\u00a0Fernanda Pereira de Castro &#8211; CRB6-2175.<\/p>\n<p style=\"text-align: justify\"><strong>O hor\u00e1rio de funcionamento \u00e9 de Segunda \u00e0 Sexta de 13:30 \u00e0s 22:30\u00a0 e aos s\u00e1bados de 09h \u00e0s 13h.<\/strong><\/p>\n","protected":false},"excerpt":{"rendered":"<p>A Biblioteca do Instituto de Educa\u00e7\u00e3o Superior de Pouso Alegre &#8211; IESPA, \u00e9 de car\u00e1ter universit\u00e1rio e tem como objetivo contribuir para a capacita\u00e7\u00e3o do estudante e para a forma\u00e7\u00e3o cont\u00ednua dos professores. Constitui-se em interface entre o usu\u00e1rio e a informa\u00e7\u00e3o usando os recursos inform\u00e1ticos e os princ\u00edpios de<\/p>\n","protected":false},"author":1,"featured_media":0,"parent":0,"menu_order":0,"comment_status":"closed","ping_status":"closed","template":"templates\/template-pagina_menu_vertical.php","meta":{"footnotes":""},"categories":[],"tags":[],"class_list":["post-285","page","type-page","status-publish","hentry"],"_links":{"self":[{"href":"https:\/\/portal.unisepe.com.br\/asmecpa\/wp-json\/wp\/v2\/pages\/285","targetHints":{"allow":["GET"]}}],"collection":[{"href":"https:\/\/portal.unisepe.com.br\/asmecpa\/wp-json\/wp\/v2\/pages"}],"about":[{"href":"https:\/\/portal.unisepe.com.br\/asmecpa\/wp-json\/wp\/v2\/types\/page"}],"author":[{"embeddable":true,"href":"https:\/\/portal.unisepe.com.br\/asmecpa\/wp-json\/wp\/v2\/users\/1"}],"replies":[{"embeddable":true,"href":"https:\/\/portal.unisepe.com.br\/asmecpa\/wp-json\/wp\/v2\/comments?post=285"}],"version-history":[{"count":7,"href":"https:\/\/portal.unisepe.com.br\/asmecpa\/wp-json\/wp\/v2\/pages\/285\/revisions"}],"predecessor-version":[{"id":3174,"href":"https:\/\/portal.unisepe.com.br\/asmecpa\/wp-json\/wp\/v2\/pages\/285\/revisions\/3174"}],"wp:attachment":[{"href":"https:\/\/portal.unisepe.com.br\/asmecpa\/wp-json\/wp\/v2\/media?parent=285"}],"wp:term":[{"taxonomy":"category","embeddable":true,"href":"https:\/\/portal.unisepe.com.br\/asmecpa\/wp-json\/wp\/v2\/categories?post=285"},{"taxonomy":"post_tag","embeddable":true,"href":"https:\/\/portal.unisepe.com.br\/asmecpa\/wp-json\/wp\/v2\/tags?post=285"}],"curies":[{"name":"wp","href":"https:\/\/api.w.org\/{rel}","templated":true}]}}