{"id":2913,"date":"2022-05-04T15:09:07","date_gmt":"2022-05-04T18:09:07","guid":{"rendered":"https:\/\/portal.unisepe.com.br\/asmecpa\/?page_id=2913"},"modified":"2023-05-02T19:45:17","modified_gmt":"2023-05-02T22:45:17","slug":"acervo","status":"publish","type":"page","link":"https:\/\/portal.unisepe.com.br\/asmecpa\/biblioteca\/acervo\/","title":{"rendered":"Acervo"},"content":{"rendered":"<p>Discrimina-se no quadro abaixo o acervo da biblioteca por \u00e1rea de conhecimento, tomando como base a Classifica\u00e7\u00e3o Decimal de Dewey \u2013 CDD:<\/p>\n<p style=\"text-align: center\"><strong>Livros:<\/strong><\/p>\n<table>\n<tbody>\n<tr>\n<td><strong>\u00c1reas de Conhecimento<\/strong><\/td>\n<td><strong>T\u00edtulos<\/strong><\/td>\n<td><strong>Exemplares<\/strong><\/td>\n<\/tr>\n<tr>\n<td>Ci\u00eancias Exatas e da Terra<\/td>\n<td>53<\/td>\n<td>195<\/td>\n<\/tr>\n<tr><\/tr>\n<tr>\n<td>Ci\u00eancias Sociais Aplicadas<\/td>\n<td>657<\/td>\n<td>1996<\/td>\n<\/tr>\n<tr>\n<td>Ci\u00eancias Humanas<\/td>\n<td>79<\/td>\n<td>235<\/td>\n<\/tr>\n<tr>\n<td>Lingu\u00edstica, Letras e Artes<\/td>\n<td>37<\/td>\n<td>99<\/td>\n<\/tr>\n<tr>\n<td><strong>Total<\/strong><\/td>\n<td><strong>829<\/strong><\/td>\n<td><strong>2.534<\/strong><\/td>\n<\/tr>\n<\/tbody>\n<\/table>\n<p>&nbsp;<\/p>\n<p style=\"text-align: center\"><strong>PERI\u00d3DICOS<\/strong><\/p>\n<p>&nbsp;<\/p>\n<table>\n<tbody>\n<tr>\n<td width=\"233\"><strong>\u00c1reas de Conhecimento<\/strong><\/td>\n<td width=\"89\"><strong>ONLINE<\/strong><\/td>\n<\/tr>\n<tr>\n<td width=\"233\">Ci\u00eancias Exatas e da Terra<\/td>\n<td width=\"89\">&#8211;<\/td>\n<\/tr>\n<tr>\n<td width=\"233\">Ci\u00eancias Agron\u00f4micas e Veterin\u00e1ria<\/td>\n<td width=\"89\">&#8211;<\/td>\n<\/tr>\n<tr>\n<td width=\"233\">Ci\u00eancias Biol\u00f3gicas<\/td>\n<td width=\"89\">&#8211;<\/td>\n<\/tr>\n<tr>\n<td width=\"233\">Engenharias<\/td>\n<td width=\"89\">&#8211;<\/td>\n<\/tr>\n<tr>\n<td width=\"233\">Ci\u00eancias da Sa\u00fade<\/td>\n<td width=\"89\">&#8211;<\/td>\n<\/tr>\n<tr>\n<td width=\"233\">Ci\u00eancias Sociais e Aplicadas<\/td>\n<td width=\"89\">25<\/td>\n<\/tr>\n<tr>\n<td width=\"233\">Ci\u00eancias Humanas<\/td>\n<td width=\"89\">&#8211;<\/td>\n<\/tr>\n<tr>\n<td width=\"233\">Ling\u00fcistica, Letras e Artes<\/td>\n<td width=\"89\">&#8211;<\/td>\n<\/tr>\n<tr>\n<td width=\"233\"><strong>Total<\/strong><\/td>\n<td width=\"89\"><strong>25<\/strong><\/td>\n<\/tr>\n<\/tbody>\n<\/table>\n<p>&nbsp;<\/p>\n","protected":false},"excerpt":{"rendered":"<p>Discrimina-se no quadro abaixo o acervo da biblioteca por \u00e1rea de conhecimento, tomando como base a Classifica\u00e7\u00e3o Decimal de Dewey \u2013 CDD: Livros: \u00c1reas de Conhecimento T\u00edtulos Exemplares Ci\u00eancias Exatas e da Terra 53 195 Ci\u00eancias Sociais Aplicadas 657 1996 Ci\u00eancias Humanas 79 235 Lingu\u00edstica, Letras e Artes 37 99<\/p>\n","protected":false},"author":7,"featured_media":0,"parent":285,"menu_order":0,"comment_status":"closed","ping_status":"closed","template":"templates\/template-pagina_menu_vertical.php","meta":{"footnotes":""},"categories":[],"tags":[],"class_list":["post-2913","page","type-page","status-publish","hentry"],"_links":{"self":[{"href":"https:\/\/portal.unisepe.com.br\/asmecpa\/wp-json\/wp\/v2\/pages\/2913","targetHints":{"allow":["GET"]}}],"collection":[{"href":"https:\/\/portal.unisepe.com.br\/asmecpa\/wp-json\/wp\/v2\/pages"}],"about":[{"href":"https:\/\/portal.unisepe.com.br\/asmecpa\/wp-json\/wp\/v2\/types\/page"}],"author":[{"embeddable":true,"href":"https:\/\/portal.unisepe.com.br\/asmecpa\/wp-json\/wp\/v2\/users\/7"}],"replies":[{"embeddable":true,"href":"https:\/\/portal.unisepe.com.br\/asmecpa\/wp-json\/wp\/v2\/comments?post=2913"}],"version-history":[{"count":3,"href":"https:\/\/portal.unisepe.com.br\/asmecpa\/wp-json\/wp\/v2\/pages\/2913\/revisions"}],"predecessor-version":[{"id":3160,"href":"https:\/\/portal.unisepe.com.br\/asmecpa\/wp-json\/wp\/v2\/pages\/2913\/revisions\/3160"}],"up":[{"embeddable":true,"href":"https:\/\/portal.unisepe.com.br\/asmecpa\/wp-json\/wp\/v2\/pages\/285"}],"wp:attachment":[{"href":"https:\/\/portal.unisepe.com.br\/asmecpa\/wp-json\/wp\/v2\/media?parent=2913"}],"wp:term":[{"taxonomy":"category","embeddable":true,"href":"https:\/\/portal.unisepe.com.br\/asmecpa\/wp-json\/wp\/v2\/categories?post=2913"},{"taxonomy":"post_tag","embeddable":true,"href":"https:\/\/portal.unisepe.com.br\/asmecpa\/wp-json\/wp\/v2\/tags?post=2913"}],"curies":[{"name":"wp","href":"https:\/\/api.w.org\/{rel}","templated":true}]}}