{"id":2956,"date":"2022-06-15T10:40:58","date_gmt":"2022-06-15T13:40:58","guid":{"rendered":"https:\/\/portal.unisepe.com.br\/asmecpa\/?page_id=2956"},"modified":"2023-05-02T19:46:34","modified_gmt":"2023-05-02T22:46:34","slug":"repositorio","status":"publish","type":"page","link":"https:\/\/portal.unisepe.com.br\/asmecpa\/biblioteca\/repositorio\/","title":{"rendered":"Reposit\u00f3rio"},"content":{"rendered":"<p style=\"text-align: center\"><strong>REPOSIT\u00d3RIO INSTITUCIONAL <\/strong><strong>DO INSTITUTO DE EDUCA\u00c7\u00c3O SUPERIOR DE <\/strong><strong>POUSO ALEGRE &#8211; IESPA<\/strong><\/p>\n<p>&nbsp;<\/p>\n<p style=\"padding-left: 40px\">O Reposit\u00f3rio Institucional (RI) do Instituto de Educa\u00e7\u00e3o Superior de Pouso Alegre tem como miss\u00e3o: armazenar, preservar, divulgar e oferecer acesso \u00e0 produ\u00e7\u00e3o cient\u00edfica e institucional do IESPA tem por objetivo disseminar e possibilitar o acesso aberto, \u00e0 produ\u00e7\u00e3o cient\u00edfica, acad\u00eamica, art\u00edstica, t\u00e9cnica e administrativa da Faculdade.<\/p>\n<p style=\"padding-left: 40px\">\u00c9 um conjunto de servi\u00e7os oferecidos pela Biblioteca do IESPA para a gest\u00e3o e dissemina\u00e7\u00e3o da produ\u00e7\u00e3o cient\u00edfica do IESPA, em conjunto com a coordena\u00e7\u00e3o do curso e o Setor de Tecnologia da Informa\u00e7\u00e3o que fica disponibilizada na p\u00e1gina da Biblioteca no site do IESPA.<\/p>\n<ul>\n<li><a href=\"https:\/\/portal.unisepe.com.br\/asmecpa\/biblioteca\/repositorio\/repositorio-do-curso-de-administracao\/\">Reposit\u00f3rio do curso de Administra\u00e7\u00e3o<\/a><\/li>\n<li><a href=\"https:\/\/portal.unisepe.com.br\/asmecpa\/biblioteca\/repositorio\/repositorio-do-curso-de-ciencias-contabeis\/\">Reposit\u00f3rio do curso de Ci\u00eancias Cont\u00e1beis<\/a><\/li>\n<li><a href=\"https:\/\/portal.unisepe.com.br\/asmecpa\/biblioteca\/repositorio\/repositorio-do-curso-de-direito\/\">Reposit\u00f3rio do curso de Direito<\/a><\/li>\n<\/ul>\n","protected":false},"excerpt":{"rendered":"<p>REPOSIT\u00d3RIO INSTITUCIONAL DO INSTITUTO DE EDUCA\u00c7\u00c3O SUPERIOR DE POUSO ALEGRE &#8211; IESPA &nbsp; O Reposit\u00f3rio Institucional (RI) do Instituto de Educa\u00e7\u00e3o Superior de Pouso Alegre tem como miss\u00e3o: armazenar, preservar, divulgar e oferecer acesso \u00e0 produ\u00e7\u00e3o cient\u00edfica e institucional do IESPA tem por objetivo disseminar e possibilitar o acesso aberto,<\/p>\n","protected":false},"author":7,"featured_media":0,"parent":285,"menu_order":0,"comment_status":"closed","ping_status":"closed","template":"templates\/template-pagina_menu_vertical.php","meta":{"footnotes":""},"categories":[],"tags":[],"class_list":["post-2956","page","type-page","status-publish","hentry"],"_links":{"self":[{"href":"https:\/\/portal.unisepe.com.br\/asmecpa\/wp-json\/wp\/v2\/pages\/2956","targetHints":{"allow":["GET"]}}],"collection":[{"href":"https:\/\/portal.unisepe.com.br\/asmecpa\/wp-json\/wp\/v2\/pages"}],"about":[{"href":"https:\/\/portal.unisepe.com.br\/asmecpa\/wp-json\/wp\/v2\/types\/page"}],"author":[{"embeddable":true,"href":"https:\/\/portal.unisepe.com.br\/asmecpa\/wp-json\/wp\/v2\/users\/7"}],"replies":[{"embeddable":true,"href":"https:\/\/portal.unisepe.com.br\/asmecpa\/wp-json\/wp\/v2\/comments?post=2956"}],"version-history":[{"count":7,"href":"https:\/\/portal.unisepe.com.br\/asmecpa\/wp-json\/wp\/v2\/pages\/2956\/revisions"}],"predecessor-version":[{"id":3161,"href":"https:\/\/portal.unisepe.com.br\/asmecpa\/wp-json\/wp\/v2\/pages\/2956\/revisions\/3161"}],"up":[{"embeddable":true,"href":"https:\/\/portal.unisepe.com.br\/asmecpa\/wp-json\/wp\/v2\/pages\/285"}],"wp:attachment":[{"href":"https:\/\/portal.unisepe.com.br\/asmecpa\/wp-json\/wp\/v2\/media?parent=2956"}],"wp:term":[{"taxonomy":"category","embeddable":true,"href":"https:\/\/portal.unisepe.com.br\/asmecpa\/wp-json\/wp\/v2\/categories?post=2956"},{"taxonomy":"post_tag","embeddable":true,"href":"https:\/\/portal.unisepe.com.br\/asmecpa\/wp-json\/wp\/v2\/tags?post=2956"}],"curies":[{"name":"wp","href":"https:\/\/api.w.org\/{rel}","templated":true}]}}