{"id":2962,"date":"2022-06-15T10:45:40","date_gmt":"2022-06-15T13:45:40","guid":{"rendered":"https:\/\/portal.unisepe.com.br\/asmecpa\/?page_id=2962"},"modified":"2026-01-05T20:09:18","modified_gmt":"2026-01-05T23:09:18","slug":"repositorio-do-curso-de-direito","status":"publish","type":"page","link":"https:\/\/portal.unisepe.com.br\/asmecpa\/biblioteca\/repositorio\/repositorio-do-curso-de-direito\/","title":{"rendered":"Reposit\u00f3rio do curso de Direito"},"content":{"rendered":"<h4>Reposit\u00f3rio do curso de Direito<\/h4>\n<p>&nbsp;<\/p>\n<p><strong>2025<\/strong><\/p>\n<hr \/>\n<ul>\n<li>\u00a0<a href=\"https:\/\/portal.unisepe.com.br\/asmecpa\/wp-content\/uploads\/sites\/10009\/2026\/01\/TCC-Bressane.pdf\">A lei maria da penha como express\u00e3o do direito penal simb\u00f3lico: Entre a press\u00e3o midi\u00e1tica e a inefic\u00e1cia na repress\u00e3o \u00e0 viol\u00eancia dom\u00e9stica contra a mulher &#8211; Jos\u00e9 Carlos Bressane Souza<\/a><\/li>\n<li><a href=\"https:\/\/portal.unisepe.com.br\/asmecpa\/wp-content\/uploads\/sites\/10009\/2026\/01\/TCC-Caio.pdf\">A atua\u00e7\u00e3o da pol\u00edcia militar mineira frente a nova lei de abuso de autoridade &#8211; Caio C\u00e9sar Ribeiro<\/a><\/li>\n<li><a href=\"https:\/\/portal.unisepe.com.br\/asmecpa\/wp-content\/uploads\/sites\/10009\/2026\/01\/TCC-Cla\u0301udia.pdf\">Os direitos das crian\u00e7as no Brasil: Desafios e perspectivas para a garantia do futuro \u2013 Claudia Regina Bitencourt<\/a><\/li>\n<li><a href=\"https:\/\/portal.unisepe.com.br\/asmecpa\/wp-content\/uploads\/sites\/10009\/2026\/01\/TCC-David.pdf\">O uso do Reconhecimento Facial (RF) pela Seguran\u00e7a P\u00fablica de Minas Gerais: Uma an\u00e1lise na perspectiva da popula\u00e7\u00e3o Pouso-alegrense &#8211; David Faria da Silva<\/a><\/li>\n<li><a href=\"https:\/\/portal.unisepe.com.br\/asmecpa\/wp-content\/uploads\/sites\/10009\/2026\/01\/TCC-Diego.pdf\">\u00a0Direito do trabalho na escola: Educa\u00e7\u00e3o jur\u00eddica e forma\u00e7\u00e3o cidad\u00e3 da juventude brasileira &#8211; Diego Barbosa da Cunha<\/a><\/li>\n<li><a href=\"https:\/\/portal.unisepe.com.br\/asmecpa\/wp-content\/uploads\/sites\/10009\/2026\/01\/TCC-Edimar.pdf\">\u00a0A reforma da previd\u00eancia de 2019: Mudan\u00e7as, desafios jur\u00eddicos e impactos para os pensionistas &#8211; Edimar Fabiano de Almeida<\/a><\/li>\n<li><a href=\"https:\/\/portal.unisepe.com.br\/asmecpa\/wp-content\/uploads\/sites\/10009\/2026\/01\/TCC-Joa\u0303o-Vitor.pdf\">A validade e os limites da cl\u00e1usula de n\u00e3o concorr\u00eancia nos contratos de trabalho no brasil &#8211; Jo\u00e3o Vitor Ferreira Corr\u00eaa Magalh\u00e3es<\/a><\/li>\n<li><a href=\"https:\/\/portal.unisepe.com.br\/asmecpa\/wp-content\/uploads\/sites\/10009\/2026\/01\/TCC-Marcos-Ruan.pdf\">Aspectos \u00e9ticos e legais do atendimento pr\u00e9-hospitalar por policiais militares do estado de minas gerais &#8211; Marcos Ruan Rodrigues Carvalho<\/a><\/li>\n<li><a href=\"https:\/\/portal.unisepe.com.br\/asmecpa\/wp-content\/uploads\/sites\/10009\/2026\/01\/TCC-Roberto-Proenc\u0327a.pdf\">A lei geral de prote\u00e7\u00e3o de dados pessoais (LGPD): Avan\u00e7os, desafios e impactos no ordenamento jur\u00eddico e nas rela\u00e7\u00f5es sociais no Brasil &#8211; Roberto Proen\u00e7a Costa<\/a><\/li>\n<li><a href=\"https:\/\/portal.unisepe.com.br\/asmecpa\/wp-content\/uploads\/sites\/10009\/2026\/01\/TCC-UIARA.pdf.pdf\">A precariedade do sistema prisional brasileiro como obst\u00e1culo \u00e0 efetiva\u00e7\u00e3o das finalidades da pena &#8211; Uiara Leite Alves<\/a><\/li>\n<li><a href=\"https:\/\/portal.unisepe.com.br\/asmecpa\/wp-content\/uploads\/sites\/10009\/2026\/01\/TCC-Weverson.pdf.pdf\">A (im)possibilidade da aplica\u00e7\u00e3o do princ\u00edpio da insignific\u00e2ncia pelo delegado de pol\u00edcia &#8211; Weverson Cadoni Rodrigues de Miranda<\/a><\/li>\n<\/ul>\n<p>&nbsp;<\/p>\n<p><strong>2024<\/strong><\/p>\n<hr \/>\n<ul>\n<li><a href=\"https:\/\/portal.unisepe.com.br\/asmecpa\/wp-content\/uploads\/sites\/10009\/2025\/01\/A-Influencia-da-tecnologia-nas-relacoes-de-trabalho-desafios-e-oportunidades.pdf\">A Influ\u00eancia da tecnologia nas rela\u00e7\u00f5es de trabalho: Desafios e oportunidades\u00a0&#8211; Roberto Ribeiro<\/a><\/li>\n<li><a href=\"https:\/\/portal.unisepe.com.br\/asmecpa\/wp-content\/uploads\/sites\/10009\/2025\/01\/A-lei-de-execucao-penal-e-sua-aplicacao-pelo-sistema-prisional-brasileiro.pdf\">A lei de execu\u00e7\u00e3o penal e sua aplica\u00e7\u00e3o pelo sistema prisional brasileiro &#8211; Telcio Ant\u00f4nio Lopes<\/a><\/li>\n<li><a href=\"https:\/\/portal.unisepe.com.br\/asmecpa\/wp-content\/uploads\/sites\/10009\/2025\/01\/A-Moralidade-nos-Processos-de-Adocao.pdf\">A Moralidade nos Processos de Ado\u00e7\u00e3o &#8211; Mirella Saraiva Reis Serpa<\/a><\/li>\n<li><a href=\"https:\/\/portal.unisepe.com.br\/asmecpa\/wp-content\/uploads\/sites\/10009\/2025\/01\/A-Ortotanasia-como-um-mecanismo-de-garantia-da-dignidade-humana-da-autonomia-da-vontade-e-que-respeita-o-direito-a-vida.pdf\">A Ortotan\u00e1sia como um mecanismo de garantia da dignidade humana, da autonomia da vontade e que respeita o direito \u00e0 vida &#8211; Juan Fernandes do Couto<\/a><\/li>\n<li><a href=\"https:\/\/portal.unisepe.com.br\/asmecpa\/wp-content\/uploads\/sites\/10009\/2025\/01\/A-vulnerabilidade-social-como-causa-do-trabalho-analogo-a-escravidao.pdf\">A vulnerabilidade social como causa do trabalho an\u00e1logo \u00e0 escravid\u00e3o &#8211; Leandro Gabriel Rocha<\/a><\/li>\n<li><a href=\"https:\/\/portal.unisepe.com.br\/asmecpa\/wp-content\/uploads\/sites\/10009\/2025\/01\/Estrategias-complementares-para-aumentar-a-efetividade-das-cotas-de-genero-na-politica-brasileira.pdf\">Estrat\u00e9gias complementares para aumentar a efetividade das cotas de g\u00eanero na pol\u00edtica brasileira &#8211; Vanessa Dias dos Santos<\/a><\/li>\n<li><a href=\"https:\/\/portal.unisepe.com.br\/asmecpa\/wp-content\/uploads\/sites\/10009\/2025\/01\/Influencia-da-tecnologia-nas-relacoes-de-trabalho-desafios-e-oportunidades.pdf\">Influ\u00eancia da tecnologia nas rela\u00e7\u00f5es de trabalho desafios e oportunidades &#8211; Roberto Ribeiro<\/a><\/li>\n<li><a href=\"https:\/\/portal.unisepe.com.br\/asmecpa\/wp-content\/uploads\/sites\/10009\/2025\/01\/LOAS-as-controversias-acerca-da-concessao-dos-beneficios-assistenciais.pdf\">LOAS &#8211; as controv\u00e9rsias acerca da concess\u00e3o dos benef\u00edcios assistenciais &#8211; Andressa Luana da Silva<\/a><\/li>\n<li><a href=\"https:\/\/portal.unisepe.com.br\/asmecpa\/wp-content\/uploads\/sites\/10009\/2025\/01\/Multiparentalidade-e-seus-desdobramentos-juridicos-apos-o-provimento-832019.pdf\">Multiparentalidade e seus desdobramentos jur\u00eddicos ap\u00f3s o provimento 83\/2019 &#8211; Fabricio Nunes Borges de Oliveira<\/a><\/li>\n<li><a href=\"https:\/\/portal.unisepe.com.br\/asmecpa\/wp-content\/uploads\/sites\/10009\/2025\/01\/Pedofilia-intrafamiliar-rompendo-o-silencio.pdf\">Pedofilia intrafamiliar rompendo o sil\u00eancio &#8211; Aurora Nunes Souza Oliveira<\/a><\/li>\n<li><a href=\"https:\/\/portal.unisepe.com.br\/asmecpa\/wp-content\/uploads\/sites\/10009\/2025\/01\/Ressocializacao-de-presos-a-importancia-da-ressocializacao-dos-detentos-para-a-promocao-de-uma-vida-pos-carcere-mais-eficaz.pdf\">Ressocializa\u00e7\u00e3o de presos a import\u00e2ncia da ressocializa\u00e7\u00e3o dos detentos para a promo\u00e7\u00e3o de uma vida p\u00f3s c\u00e1rcere mais eficaz &#8211; Ani Carolini de Oliveira Barbosa<\/a><\/li>\n<li><a href=\"https:\/\/portal.unisepe.com.br\/asmecpa\/wp-content\/uploads\/sites\/10009\/2025\/01\/Silenciadas-pelo-medo-explorando-as-razoes-por-tras-da-nao-denuncia-do-assedio-sexual.pdf\">Silenciadas pelo medo explorando as raz\u00f5es por tr\u00e1s da n\u00e3o den\u00fancia do ass\u00e9dio sexual &#8211; Luana Maisa Pereira<\/a><\/li>\n<li><a href=\"https:\/\/portal.unisepe.com.br\/asmecpa\/wp-content\/uploads\/sites\/10009\/2025\/01\/Violencia-domestica-o-silencio-da-vitima.pdf\">Viol\u00eancia dom\u00e9stica o sil\u00eancio da v\u00edtima &#8211; Wesley Nogueira dos Santos<\/a><\/li>\n<\/ul>\n","protected":false},"excerpt":{"rendered":"<p>Reposit\u00f3rio do curso de Direito &nbsp; 2025 \u00a0A lei maria da penha como express\u00e3o do direito penal simb\u00f3lico: Entre a press\u00e3o midi\u00e1tica e a inefic\u00e1cia na repress\u00e3o \u00e0 viol\u00eancia dom\u00e9stica contra a mulher &#8211; Jos\u00e9 Carlos Bressane Souza A atua\u00e7\u00e3o da pol\u00edcia militar mineira frente a nova lei de abuso<\/p>\n","protected":false},"author":7,"featured_media":0,"parent":2956,"menu_order":0,"comment_status":"closed","ping_status":"closed","template":"templates\/template-pagina_menu_vertical.php","meta":{"footnotes":""},"categories":[],"tags":[],"class_list":["post-2962","page","type-page","status-publish","hentry"],"_links":{"self":[{"href":"https:\/\/portal.unisepe.com.br\/asmecpa\/wp-json\/wp\/v2\/pages\/2962","targetHints":{"allow":["GET"]}}],"collection":[{"href":"https:\/\/portal.unisepe.com.br\/asmecpa\/wp-json\/wp\/v2\/pages"}],"about":[{"href":"https:\/\/portal.unisepe.com.br\/asmecpa\/wp-json\/wp\/v2\/types\/page"}],"author":[{"embeddable":true,"href":"https:\/\/portal.unisepe.com.br\/asmecpa\/wp-json\/wp\/v2\/users\/7"}],"replies":[{"embeddable":true,"href":"https:\/\/portal.unisepe.com.br\/asmecpa\/wp-json\/wp\/v2\/comments?post=2962"}],"version-history":[{"count":8,"href":"https:\/\/portal.unisepe.com.br\/asmecpa\/wp-json\/wp\/v2\/pages\/2962\/revisions"}],"predecessor-version":[{"id":3419,"href":"https:\/\/portal.unisepe.com.br\/asmecpa\/wp-json\/wp\/v2\/pages\/2962\/revisions\/3419"}],"up":[{"embeddable":true,"href":"https:\/\/portal.unisepe.com.br\/asmecpa\/wp-json\/wp\/v2\/pages\/2956"}],"wp:attachment":[{"href":"https:\/\/portal.unisepe.com.br\/asmecpa\/wp-json\/wp\/v2\/media?parent=2962"}],"wp:term":[{"taxonomy":"category","embeddable":true,"href":"https:\/\/portal.unisepe.com.br\/asmecpa\/wp-json\/wp\/v2\/categories?post=2962"},{"taxonomy":"post_tag","embeddable":true,"href":"https:\/\/portal.unisepe.com.br\/asmecpa\/wp-json\/wp\/v2\/tags?post=2962"}],"curies":[{"name":"wp","href":"https:\/\/api.w.org\/{rel}","templated":true}]}}